{"id":34838,"date":"2024-10-02T18:18:00","date_gmt":"2024-10-02T16:18:00","guid":{"rendered":"https:\/\/vapotheque.ch\/boutique\/vaping-in-paris-light-10-ml-e-liquid\/"},"modified":"2024-11-12T11:29:49","modified_gmt":"2024-11-12T10:29:49","slug":"vaping-in-paris-light-10-ml-e-liquid","status":"publish","type":"product","link":"https:\/\/vapotheque.ch\/de\/shop\/vaping-in-paris-light-10-ml-e-liquid\/","title":{"rendered":"Vaping In Paris &#8211; Light 10 ml E-Liquid"},"content":{"rendered":"<h2><strong>Vaping In Paris Light 10 ml E-Liquid : Die Eleganz des blonden Tabaks mit einem Hauch von Honig<\/strong><\/h2>\n<p>  Vaping In Paris pr\u00e4sentiert Ihnen das <strong>Vaping In Paris Light 10 ml E-Liquid <\/strong>&#8211; eine wahre Ode an die Sanftheit, den franz\u00f6sischen Charme, in der Version des Dampfens.<br \/>\nSie denken, dass ein E-Liquid mit hellem Tabak unbedingt intensiv und nuancenlos sein muss?<br \/>\nLassen Sie sich nicht t\u00e4uschen, denn dieses Liquid beweist, dass man Pers\u00f6nlichkeit haben und trotzdem subtil bleiben kann!<br \/>\n <strong>Vaping In Paris Light 10 ml E-Liquid<\/strong> wird mit nat\u00fcrlichen Aromen und einer 100% pflanzlichen Basis hergestellt und wurde mit dem Fachwissen von Vaping In Paris entwickelt, die immer darauf bedacht sind, Liquids zu kreieren, die die Reinheit der Aromen respektieren.<br \/>\nHier gibt es keine Coolada, die alles auffrischt, und keine S\u00fc\u00dfstoffe, die den Geschmack s\u00e4ttigen.<br \/>\nNur eine ausgewogene Mischung aus der nat\u00fcrlichen St\u00e4rke des hellen Tabaks und einem sanften Hauch von Honig, der das Ganze milder macht, f\u00fcr ein rundes Dampferlebnis.<br \/>\nStellen Sie sich vor, Sie sitzen in einem kleinen Pariser Caf\u00e9 und genie\u00dfen eine Tasse dampfenden Tee mit einem L\u00f6ffel Honig?<br \/>\nGenau dieses Gef\u00fchl werden Sie bei jedem Zug an <strong>Vaping In Paris Light 10 ml E-Liquid<\/strong> haben.<br \/>\nDer helle Tabak ist diskret, aber pr\u00e4sent, mit einem Hauch von Eleganz, w\u00e4hrend der Honig eine zarte S\u00fc\u00dfe mitbringt, ohne jemals die Oberhand zu gewinnen.<br \/>\nDiese subtile Kombination ist perfekt f\u00fcr diejenigen, die ein leichtes, aber schmackhaftes und tr\u00f6stliches Dampfen suchen.<br \/>\nLassen Sie sich also von <strong>Vaping In Paris Light 10 ml E-Liquid<\/strong> verf\u00fchren, einem subtilen Dampferlebnis, das gleichzeitig s\u00fc\u00df und authentisch ist und an die elegante Einfachheit der Stadt der Lichter erinnert.<br \/>\nEin wahrer Genuss f\u00fcr Liebhaber klassischer Aromen, die sich aber nicht vor einem Hauch von S\u00fc\u00dfe scheuen! <strong><span style=\"vertical-align: inherit;\">Wichtig<\/span><\/strong><span style=\"vertical-align: inherit;\">: Bereits nikotinhaltiges E-Liquid, verkauft in einer 10 ml Flasche.<\/span>           <\/p>\n<p class=\"class-fabrication\"><span style=\"vertical-align: inherit;\">Hergestellt in Frankreich; Verh\u00e4ltnis MPGV\/GV: 50 % \/ 50 %. Passt sich an jede Art von Material an.<\/span><\/p>\n<p>&nbsp;<\/p>\n<p><span style=\"vertical-align: inherit;\">Entdecken Sie weitere Produkte der Marke <\/span><a href=\"\/marque\/vaping-in-paris\"><span style=\"vertical-align: inherit;\">Vaping in Paris<\/span><\/a><span style=\"vertical-align: inherit;\"> .<\/span><span style=\"vertical-align: inherit;\">Erhalten Sie Rabatte oder die neuesten Informationen \u00fcber unsere Produkte, indem Sie uns auf unseren sozialen Netzwerken folgen: <\/span><a href=\"https:\/\/www.facebook.com\/VapeAigleCH\" target=\"_blank\" rel=\"noopener\"><span style=\"vertical-align: inherit;\">Facebook<\/span><\/a><span style=\"vertical-align: inherit;\"> oder <\/span><a href=\"https:\/\/www.instagram.com\/vapotheque\" target=\"_blank\" rel=\"noopener\"><span style=\"vertical-align: inherit;\">Instagram<\/span><\/a><span style=\"vertical-align: inherit;\"> .<\/span><\/p>\n","protected":false},"excerpt":{"rendered":"<p>Vaping In Paris Light 10 ml E-Liquid : Die Eleganz des blonden Tabaks mit einem Hauch von Honig Vaping In Paris pr\u00e4sentiert Ihnen das Vaping In Paris Light 10 ml E-Liquid &#8211; eine wahre Ode an die Sanftheit, den franz\u00f6sischen Charme, in der Version des Dampfens. Sie denken, dass ein E-Liquid mit hellem Tabak unbedingt [&hellip;]<\/p>\n","protected":false},"featured_media":34820,"template":"","meta":{"_acf_changed":false},"product_cat":[405,442,408,1629,1716],"product_tag":[],"class_list":{"0":"post-34838","1":"product","2":"type-product","3":"status-publish","4":"has-post-thumbnail","6":"product_brand-vaping-in-paris-de","7":"product_cat-e-liquids","8":"product_cat-hervorgehobene-produkte","9":"product_cat-lieferbar-innerhalb-von-24-stunden-de","10":"product_cat-10-ml-mit-nikotin","11":"product_cat-10ml-790-de","13":"first","14":"instock","15":"taxable","16":"shipping-taxable","17":"purchasable","18":"product-type-variable"},"acf":[],"jetpack_sharing_enabled":true,"_links":{"self":[{"href":"https:\/\/vapotheque.ch\/de\/wp-json\/wp\/v2\/product\/34838","targetHints":{"allow":["GET"]}}],"collection":[{"href":"https:\/\/vapotheque.ch\/de\/wp-json\/wp\/v2\/product"}],"about":[{"href":"https:\/\/vapotheque.ch\/de\/wp-json\/wp\/v2\/types\/product"}],"wp:featuredmedia":[{"embeddable":true,"href":"https:\/\/vapotheque.ch\/de\/wp-json\/wp\/v2\/media\/34820"}],"wp:attachment":[{"href":"https:\/\/vapotheque.ch\/de\/wp-json\/wp\/v2\/media?parent=34838"}],"wp:term":[{"taxonomy":"product_cat","embeddable":true,"href":"https:\/\/vapotheque.ch\/de\/wp-json\/wp\/v2\/product_cat?post=34838"},{"taxonomy":"product_tag","embeddable":true,"href":"https:\/\/vapotheque.ch\/de\/wp-json\/wp\/v2\/product_tag?post=34838"}],"curies":[{"name":"wp","href":"https:\/\/api.w.org\/{rel}","templated":true}]}}