{"id":34837,"date":"2024-10-02T18:11:56","date_gmt":"2024-10-02T16:11:56","guid":{"rendered":"https:\/\/vapotheque.ch\/boutique\/vaping-in-paris-light-e-liquide\/"},"modified":"2025-04-26T12:38:42","modified_gmt":"2025-04-26T10:38:42","slug":"vaping-in-paris-light-e-liquide","status":"publish","type":"product","link":"https:\/\/vapotheque.ch\/de\/shop\/vaping-in-paris-light-e-liquide\/","title":{"rendered":"Vaping In Paris &#8211; Leichtes E-Liquid 50 ml \/ 75 ml"},"content":{"rendered":"<h2><strong>Vaping In Paris Light E-Liquid 50 ml \/ 75 ml: Die Eleganz von Blond Tobacco mit einem Hauch von Honig<\/strong><\/h2>\n<p>Vaping In Paris pr\u00e4sentiert sein <strong>Vaping In Paris Light E-Liquid 50 ml \/ 75 ml <\/strong>\u2014 eine echte Ode an die S\u00fc\u00dfe, den franz\u00f6sischen Charme, in einer Vape-Version. Glauben Sie, dass ein blondes Tabak-E-Liquid unbedingt intensiv und ohne Nuancen sein muss? Denken Sie noch einmal dar\u00fcber nach, denn dieser Film beweist, dass Sie Pers\u00f6nlichkeit haben und gleichzeitig subtil bleiben k\u00f6nnen!  <\/p>\n<p>Hergestellt aus nat\u00fcrlichen Aromen und einer 100% pflanzlichen Basis, wurde das <strong>Vaping In Paris Light E-Liquid 50 ml \/ 75 ml<\/strong> mit dem Know-how von Vaping In Paris entwickelt, immer darauf bedacht, E-Liquids zu kreieren, die die Reinheit der Aromen respektieren. Hier gibt es keine Kooladas, um alles aufzufrischen, oder S\u00fc\u00dfstoffe, um den Geschmack zu s\u00e4ttigen. Nur eine ausgewogene Mischung aus der nat\u00fcrlichen Kraft von blondem Tabak und einem sanften Hauch von Honig, der das Ganze weicher macht, f\u00fcr einen runden Dampf.  <\/p>\n<p>Stellen Sie sich vor, Sie befinden sich in einem kleinen Pariser Caf\u00e9 und genie\u00dfen eine dampfende Tasse Tee mit einem L\u00f6ffel Honig&#8230; Dies ist genau das Gef\u00fchl, das Sie mit jedem Zug <strong>Vaping In Paris Light E-Liquid 50 ml \/ 75 ml<\/strong> finden werden. Der blonde Tabak ist dezent, aber pr\u00e4sent, mit einem Hauch von Eleganz, w\u00e4hrend der Honig eine s\u00fc\u00dfe Delikatesse verleiht, ohne jemals die Oberhand zu gewinnen. Diese subtile Verbindung ist perfekt f\u00fcr alle, die einen leichten, aber dennoch leckeren und beruhigenden Dampf suchen.   <\/p>\n<p>Sind Sie ein Fan von DIY? Kein Problem! Das <strong>Vaping In Paris Light E-Liquid<\/strong> besteht aus 0 mg Nikotin, was Ihnen die Freiheit gibt, es nach Ihren W\u00fcnschen anzupassen. M\u00f6chten Sie dieser S\u00fc\u00dfe ein wenig Schwung verleihen? F\u00fcgen Sie einen Nikotinbooster oder sogar zwei hinzu, um den Nikotingehalt nach Ihren W\u00fcnschen anzupassen. Das ist die Magie dieses E-Liquids: Es wei\u00df, wie es einfach und zug\u00e4nglich bleibt, und bietet gleichzeitig die Freiheit, es so zu modulieren, dass es genau Ihren W\u00fcnschen entspricht.     <\/p>\n<p>Lassen Sie sich also vom <strong>Vaping In Paris Light E-Liquid 50 ml \/ 75 ml<\/strong> verf\u00fchren, einem subtilen Vape-Erlebnis, das sowohl weich als auch authentisch ist und an die elegante Schlichtheit der Stadt der Lichter erinnert. Ein wahrer Genuss f\u00fcr Liebhaber klassischer Aromen, die aber keine Angst vor einem Hauch von S\u00fc\u00dfe haben! <\/p>\n<p class=\"class-fabrication\"><span style=\"vertical-align: inherit\">Hergestellt in Frankreich; MPGV\/GV-Dosierung: 50% \/ 50%. Passt sich jeder Art von Ausr\u00fcstung an. <\/span><\/p>\n<\/p>\n<p><span style=\"vertical-align: inherit\">Entdecken Sie weitere Produkte der Marke <\/span><a href=\"..\/..\/marque\/vaping-in-paris\"><span style=\"vertical-align: inherit\">Vaping in Paris<\/span><\/a><span style=\"vertical-align: inherit\"> .<\/span><\/p>\n<p><span style=\"vertical-align: inherit\">Erhalten Sie Rabatte oder die neuesten Informationen zu unseren Produkten, indem Sie uns in unseren sozialen Netzwerken folgen: <\/span><a href=\"https:\/\/www.facebook.com\/VapeAigleCH\" target=\"_blank\" rel=\"noopener\"><span style=\"vertical-align: inherit\">Facebook<\/span><\/a><span style=\"vertical-align: inherit\"> oder <\/span><a href=\"https:\/\/www.instagram.com\/vapotheque\/\" target=\"_blank\" rel=\"noopener\"><span style=\"vertical-align: inherit\">Instagram<\/span><\/a><span style=\"vertical-align: inherit\"> .<\/span><\/p>\n","protected":false},"excerpt":{"rendered":"<p>Vaping In Paris Light E-Liquid 50 ml \/ 75 ml: Die Eleganz von Blond Tobacco mit einem Hauch von Honig Vaping In Paris pr\u00e4sentiert sein Vaping In Paris Light E-Liquid 50 ml \/ 75 ml \u2014 eine echte Ode an die S\u00fc\u00dfe, den franz\u00f6sischen Charme, in einer Vape-Version. Glauben Sie, dass ein blondes Tabak-E-Liquid unbedingt [&hellip;]<\/p>\n","protected":false},"featured_media":45578,"template":"","meta":{"_acf_changed":false},"product_cat":[405,442,408,403,1686,1679],"product_tag":[],"class_list":{"0":"post-34837","1":"product","2":"type-product","3":"status-publish","4":"has-post-thumbnail","6":"product_brand-vaping-in-paris-de","7":"product_cat-e-liquids","8":"product_cat-hervorgehobene-produkte","9":"product_cat-lieferbar-innerhalb-von-24-stunden-de","10":"product_cat-tabak","11":"product_cat-50-ml-fur-70-ml","12":"product_cat-menge-e-flussigkeit-kapazitat-flasche","14":"first","15":"instock","16":"taxable","17":"shipping-taxable","18":"purchasable","19":"product-type-simple"},"acf":[],"jetpack_sharing_enabled":true,"_links":{"self":[{"href":"https:\/\/vapotheque.ch\/de\/wp-json\/wp\/v2\/product\/34837","targetHints":{"allow":["GET"]}}],"collection":[{"href":"https:\/\/vapotheque.ch\/de\/wp-json\/wp\/v2\/product"}],"about":[{"href":"https:\/\/vapotheque.ch\/de\/wp-json\/wp\/v2\/types\/product"}],"wp:featuredmedia":[{"embeddable":true,"href":"https:\/\/vapotheque.ch\/de\/wp-json\/wp\/v2\/media\/45578"}],"wp:attachment":[{"href":"https:\/\/vapotheque.ch\/de\/wp-json\/wp\/v2\/media?parent=34837"}],"wp:term":[{"taxonomy":"product_cat","embeddable":true,"href":"https:\/\/vapotheque.ch\/de\/wp-json\/wp\/v2\/product_cat?post=34837"},{"taxonomy":"product_tag","embeddable":true,"href":"https:\/\/vapotheque.ch\/de\/wp-json\/wp\/v2\/product_tag?post=34837"}],"curies":[{"name":"wp","href":"https:\/\/api.w.org\/{rel}","templated":true}]}}