{"id":34833,"date":"2024-10-02T17:54:59","date_gmt":"2024-10-02T15:54:59","guid":{"rendered":"https:\/\/vapotheque.ch\/boutique\/vaping-in-paris-gaulois-sels-10-ml-e-liquid\/"},"modified":"2024-11-12T11:29:55","modified_gmt":"2024-11-12T10:29:55","slug":"vaping-in-paris-gaulois-sels-10-ml-e-liquid","status":"publish","type":"product","link":"https:\/\/vapotheque.ch\/de\/shop\/vaping-in-paris-gaulois-sels-10-ml-e-liquid\/","title":{"rendered":"Vaping In Paris &#8211; Gaulois SELS 10 ml E-Liquid"},"content":{"rendered":"<h2><strong>Vaping In Paris Gaulois SELS 10 ml E-Liquid : Blonder Tabak mit dem Twist der Nikotinsalze<\/strong><\/h2>\n<p>Vaping In Paris pr\u00e4sentiert Ihnen stolz sein <strong>Vaping In Paris Gaulois SELS 10 ml E-Liquid<\/strong> mit Nikotinsalzen! Eine moderne Anspielung auf den unbeugsamen Geist der ber\u00fchmten Gallier, aber hier ist kein Zaubertrank in Sicht &#8211; nur ein sanfter und subtiler heller Tabak, neu erfunden f\u00fcr Dampfer, die gerne die Kontrolle \u00fcber ihre Erfahrungen behalten. Bei Vaping In Paris wird die Kunst des Dampfen ernst genommen: Jedes E-Liquid wird mit 100% nat\u00fcrlichen Aromen hergestellt, die sorgf\u00e4ltig durchdacht sind, um jeden Zug zu veredeln. Kein Schnickschnack, keine Kompromisse, einfach eine ausgewogene Mischung f\u00fcr einen authentischen Genuss, und <strong>Vaping In Paris Gaulois SELS 10 ml E-Liquid<\/strong> ist da keine Ausnahme. Stellen Sie sich einen hellen Tabakgeschmack vor, weder zu aufdringlich noch zu sch\u00fcchtern, einfach da, um an die Essenz des guten Geschmacks zu erinnern, ohne dass Sie jemals m\u00fcde werden. Und vor allem gibt es hier keine Koolada oder k\u00fcnstliche S\u00fc\u00dfstoffe &#8211; nur eine pflanzliche Basis und nat\u00fcrliche Aromen f\u00fcr eine reine und raffinierte Wolke. Mit Nikotinsalzen bietet Ihnen das <strong>Vaping In Paris Gaulois SELS 10 ml E-Liquide<\/strong> mehr als nur Dampfen. Diese Salze erm\u00f6glichen eine schnelle Aufnahme des Nikotins mit einem viel sanfteren Hit im Hals. Au\u00dferdem wird die Befriedigung schneller erreicht, was die H\u00e4ufigkeit der Z\u00fcge verringert&#8230; Denn schlie\u00dflich haben Sie Besseres zu tun, als st\u00e4ndig zu dampfen. <\/p>\n<p><strong>Kleiner Ratschlag von Freunden?<\/strong>  Um diese Liquids mit Nikotinsalzen voll zu genie\u00dfen, halten Sie Ihre Leistung unter 18 Watt. Dadurch werden die wertvollen Molek\u00fcle der Salze gesch\u00fctzt und nicht abgebaut. Ihr Widerstand sollte mindestens 1 Ohm oder sogar mehr betragen, um einen sanften Dampf und einen unverf\u00e4lschten Geschmack zu gew\u00e4hrleisten. Sind Sie also bereit f\u00fcr den gallischen Stil? Sp\u00fcren Sie die diskrete Kraft des hellen Tabaks, ohne Schn\u00f6rkel, mit dem modernen Twist des Nikotinsalzes, der das Erlebnis noch angenehmer macht. Rauchen Sie stolz wie die Unbeugsamen &#8211; eine Wolke nach der anderen, aber immer mit Klasse und Nat\u00fcrlichkeit!  <\/p>\n<p><strong><span style=\"vertical-align: inherit;\">Wichtig<\/span><\/strong><span style=\"vertical-align: inherit;\"> E-Liquid bereits nikotinisiert, verkauft in einer 10 ml Flasche.<\/span><\/p>\n<p class=\"class-fabrication\"><span style=\"vertical-align: inherit;\">Hergestellt in Frankreich; Verh\u00e4ltnis MPGV\/GV: 50 % \/ 50 %. Passt sich an jede Art von Material an.<\/span><\/p>\n<p>&nbsp;<\/p>\n<p><span style=\"vertical-align: inherit;\">Entdecken Sie weitere Produkte der Marke <\/span><a href=\"\/marque\/vaping-in-paris\"><span style=\"vertical-align: inherit;\">Vaping in Paris<\/span><\/a><span style=\"vertical-align: inherit;\"> .<\/span><\/p>\n<p><span style=\"vertical-align: inherit;\">Erhalten Sie Rabatte oder die neuesten Informationen \u00fcber unsere Produkte, indem Sie uns in unseren sozialen Netzwerken folgen: <\/span><a href=\"https:\/\/www.facebook.com\/VapeAigleCH\" target=\"_blank\" rel=\"noopener\"><span style=\"vertical-align: inherit;\">Facebook<\/span><\/a><span style=\"vertical-align: inherit;\"> oder <\/span><a href=\"https:\/\/www.instagram.com\/vapotheque\" target=\"_blank\" rel=\"noopener\"><span style=\"vertical-align: inherit;\">Instagram<\/span><\/a><span style=\"vertical-align: inherit;\"> .<\/span><\/p>\n","protected":false},"excerpt":{"rendered":"<p>Vaping In Paris Gaulois SELS 10 ml E-Liquid : Blonder Tabak mit dem Twist der Nikotinsalze Vaping In Paris pr\u00e4sentiert Ihnen stolz sein Vaping In Paris Gaulois SELS 10 ml E-Liquid mit Nikotinsalzen! Eine moderne Anspielung auf den unbeugsamen Geist der ber\u00fchmten Gallier, aber hier ist kein Zaubertrank in Sicht &#8211; nur ein sanfter und [&hellip;]<\/p>\n","protected":false},"featured_media":34813,"template":"","meta":{"_acf_changed":false},"product_cat":[405,442,408,1629,1716],"product_tag":[],"class_list":{"0":"post-34833","1":"product","2":"type-product","3":"status-publish","4":"has-post-thumbnail","6":"product_brand-vaping-in-paris-de","7":"product_cat-e-liquids","8":"product_cat-hervorgehobene-produkte","9":"product_cat-lieferbar-innerhalb-von-24-stunden-de","10":"product_cat-10-ml-mit-nikotin","11":"product_cat-10ml-790-de","13":"first","14":"instock","15":"taxable","16":"shipping-taxable","17":"purchasable","18":"product-type-variable"},"acf":[],"jetpack_sharing_enabled":true,"_links":{"self":[{"href":"https:\/\/vapotheque.ch\/de\/wp-json\/wp\/v2\/product\/34833","targetHints":{"allow":["GET"]}}],"collection":[{"href":"https:\/\/vapotheque.ch\/de\/wp-json\/wp\/v2\/product"}],"about":[{"href":"https:\/\/vapotheque.ch\/de\/wp-json\/wp\/v2\/types\/product"}],"wp:featuredmedia":[{"embeddable":true,"href":"https:\/\/vapotheque.ch\/de\/wp-json\/wp\/v2\/media\/34813"}],"wp:attachment":[{"href":"https:\/\/vapotheque.ch\/de\/wp-json\/wp\/v2\/media?parent=34833"}],"wp:term":[{"taxonomy":"product_cat","embeddable":true,"href":"https:\/\/vapotheque.ch\/de\/wp-json\/wp\/v2\/product_cat?post=34833"},{"taxonomy":"product_tag","embeddable":true,"href":"https:\/\/vapotheque.ch\/de\/wp-json\/wp\/v2\/product_tag?post=34833"}],"curies":[{"name":"wp","href":"https:\/\/api.w.org\/{rel}","templated":true}]}}