{"id":34830,"date":"2024-10-02T16:30:35","date_gmt":"2024-10-02T14:30:35","guid":{"rendered":"https:\/\/vapotheque.ch\/boutique\/vaping-in-paris-gaulois-10-ml-e-liquide\/"},"modified":"2024-11-12T11:29:53","modified_gmt":"2024-11-12T10:29:53","slug":"vaping-in-paris-gaulois-10-ml-e-liquide","status":"publish","type":"product","link":"https:\/\/vapotheque.ch\/de\/shop\/vaping-in-paris-gaulois-10-ml-e-liquide\/","title":{"rendered":"Vaping In Paris &#8211; Gaulois 10 ml E-Liquide"},"content":{"rendered":"<h2><strong>Vaping In Paris Gaulois 10 ml E-Liquid : Der authentische Charme des blonden Tabaks nach franz\u00f6sischer Art.<\/strong><\/h2>\n<p>Das <strong>Vaping In Paris Gaulois 10 ml E-Liquide<\/strong> ist eine Einladung, das Dampfen auf franz\u00f6sische Art wiederzuentdecken! Eine Hommage an die klassischen Aromen und die authentische Einfachheit, die Sie auf eine Zeitreise mitnehmen wird&#8230; aber ohne die Maschine von Doc und Marty! Alle E-Liquids von Vaping In Paris werden mit nat\u00fcrlichen Aromen hergestellt, die speziell f\u00fcr das Dampfen entwickelt wurden. Es ist die Art von Aufmerksamkeit, die den Unterschied ausmacht: hier wird Ihnen keine rohe Chemie serviert, sondern eine geschickte Mischung, die Nat\u00fcrlichkeit und Handwerkskunst zelebriert. Stellen Sie sich einen fein abgestimmten hellen Tabak vor, in dem sich S\u00fc\u00dfe und Neutralit\u00e4t zu einem herrlich tr\u00f6stlichen Erlebnis verbinden. Eine echte R\u00fcckkehr zu den Wurzeln, aber mit all der modernen Raffinesse, die wir vom Dampfen erwarten! Mit dem <strong>Vaping In Paris Gaulois 10 ml E-Liquid<\/strong> kommt die Marke mit einem Rezept auf den Markt, das die Liebhaber von einfachen und gleichzeitig starken Liquids zum Schmelzen bringen wird. Dies ist nicht die Art von Geschmack, die Ihnen mit Weltraumfr\u00fcchten oder Regenbogenbonbons um die Ohren fliegt &#8211; nein, hier geht es um Subtilit\u00e4t, Nat\u00fcrlichkeit und vor allem um Geschmack. Der Geschmack von hellem Tabak ist s\u00fc\u00df und reichhaltig zugleich und erinnert an alte Zeiten, aber ohne den schlechten Geruch oder die unangenehmen Nebenwirkungen von Zigaretten. Die Basis ist 100% pflanzlich, die Aromen sind nat\u00fcrlich und Sie werden hier weder Koolada noch \u00fcberfl\u00fcssige S\u00fc\u00dfstoffe finden. Kurz gesagt: rein, echt, gut! Ein Liquid f\u00fcr diejenigen, die ein reines Dampfen wollen, ohne Tricks, aber mit einer ausgepr\u00e4gten Pers\u00f6nlichkeit. Es ist ein wenig so, als h\u00e4tte Asterix seinen Zaubertrank gegen ein feines Dampfen eingetauscht, ohne jedoch jemals seinen Charakter aufzugeben. Sind Sie also bereit, die Arena des hellen Tabaks auf franz\u00f6sische Art mit dem gesamten Know-how von Vaping In Paris zu betreten? Schnappen Sie sich Ihren Vaporisator, f\u00fcgen Sie einen Booster hinzu, wenn Sie Lust dazu haben, und lassen Sie den Gallier den unbeugsamen Dampfer in Ihnen wecken! <\/p>\n<p><strong><span style=\"vertical-align: inherit;\">Wichtig<\/span><\/strong><span style=\"vertical-align: inherit;\"> E-Liquid bereits nikotinisiert, verkauft in einer 10 ml Flasche.<\/span><\/p>\n<p class=\"class-fabrication\"><span style=\"vertical-align: inherit;\">Hergestellt in Frankreich; Verh\u00e4ltnis MPGV\/GV: 50 % \/ 50 %. Passt sich an jede Art von Material an.<\/span><\/p>\n<p>&nbsp;<\/p>\n<p><span style=\"vertical-align: inherit;\">Entdecken Sie weitere Produkte der Marke <\/span><a href=\"\/marque\/vaping-in-paris\"><span style=\"vertical-align: inherit;\">Vaping in Paris<\/span><\/a><span style=\"vertical-align: inherit;\"> .<\/span><\/p>\n<p><span style=\"vertical-align: inherit;\">Erhalten Sie Rabatte oder die neuesten Informationen \u00fcber unsere Produkte, indem Sie uns in unseren sozialen Netzwerken folgen: <\/span><a href=\"https:\/\/www.facebook.com\/VapeAigleCH\" target=\"_blank\" rel=\"noopener\"><span style=\"vertical-align: inherit;\">Facebook<\/span><\/a><span style=\"vertical-align: inherit;\"> oder <\/span><a href=\"https:\/\/www.instagram.com\/vapotheque\" target=\"_blank\" rel=\"noopener\"><span style=\"vertical-align: inherit;\">Instagram<\/span><\/a><span style=\"vertical-align: inherit;\"> .<\/span><\/p>\n","protected":false},"excerpt":{"rendered":"<p>Vaping In Paris Gaulois 10 ml E-Liquid : Der authentische Charme des blonden Tabaks nach franz\u00f6sischer Art. Das Vaping In Paris Gaulois 10 ml E-Liquide ist eine Einladung, das Dampfen auf franz\u00f6sische Art wiederzuentdecken! Eine Hommage an die klassischen Aromen und die authentische Einfachheit, die Sie auf eine Zeitreise mitnehmen wird&#8230; aber ohne die Maschine [&hellip;]<\/p>\n","protected":false},"featured_media":34805,"template":"","meta":{"_acf_changed":false},"product_cat":[405,442,408,1629,1716],"product_tag":[],"class_list":{"0":"post-34830","1":"product","2":"type-product","3":"status-publish","4":"has-post-thumbnail","6":"product_brand-vaping-in-paris-de","7":"product_cat-e-liquids","8":"product_cat-hervorgehobene-produkte","9":"product_cat-lieferbar-innerhalb-von-24-stunden-de","10":"product_cat-10-ml-mit-nikotin","11":"product_cat-10ml-790-de","13":"first","14":"instock","15":"taxable","16":"shipping-taxable","17":"purchasable","18":"product-type-variable"},"acf":[],"jetpack_sharing_enabled":true,"_links":{"self":[{"href":"https:\/\/vapotheque.ch\/de\/wp-json\/wp\/v2\/product\/34830","targetHints":{"allow":["GET"]}}],"collection":[{"href":"https:\/\/vapotheque.ch\/de\/wp-json\/wp\/v2\/product"}],"about":[{"href":"https:\/\/vapotheque.ch\/de\/wp-json\/wp\/v2\/types\/product"}],"wp:featuredmedia":[{"embeddable":true,"href":"https:\/\/vapotheque.ch\/de\/wp-json\/wp\/v2\/media\/34805"}],"wp:attachment":[{"href":"https:\/\/vapotheque.ch\/de\/wp-json\/wp\/v2\/media?parent=34830"}],"wp:term":[{"taxonomy":"product_cat","embeddable":true,"href":"https:\/\/vapotheque.ch\/de\/wp-json\/wp\/v2\/product_cat?post=34830"},{"taxonomy":"product_tag","embeddable":true,"href":"https:\/\/vapotheque.ch\/de\/wp-json\/wp\/v2\/product_tag?post=34830"}],"curies":[{"name":"wp","href":"https:\/\/api.w.org\/{rel}","templated":true}]}}