{"id":34800,"date":"2024-10-02T14:06:37","date_gmt":"2024-10-02T12:06:37","guid":{"rendered":"https:\/\/vapotheque.ch\/boutique\/vaping-in-paris-n-boost-booster-nikotin-20mg-10-ml\/"},"modified":"2026-02-10T20:11:48","modified_gmt":"2026-02-10T19:11:48","slug":"vaping-in-paris-n-boost-booster-nikotin-20mg-10-ml","status":"publish","type":"product","link":"https:\/\/vapotheque.ch\/de\/shop\/vaping-in-paris-n-boost-booster-nikotin-20mg-10-ml\/","title":{"rendered":"Vaping In Paris &#8211; N-Boost Booster Nikotin 20mg &#8211; 10 ml"},"content":{"rendered":"<div class=\"flex-shrink-0 flex flex-col relative items-end\">\n<div>\n<div class=\"pt-0\">\n<div class=\"gizmo-bot-avatar flex h-8 w-8 items-center justify-center overflow-hidden rounded-full\"><\/div>\n<\/div>\n<\/div>\n<\/div>\n<div class=\"group\/conversation-turn relative flex w-full min-w-0 flex-col agent-turn\">\n<div class=\"flex-col gap-1 md:gap-3\">\n<div class=\"flex max-w-full flex-col flex-grow\">\n<div class=\"min-h-8 text-message flex w-full flex-col items-end gap-2 whitespace-normal break-words [.text-message+&amp;]:mt-5\" dir=\"auto\" data-message-author-role=\"assistant\" data-message-id=\"fe665411-a195-4127-af75-24d0120a75c8\">\n<div class=\"flex w-full flex-col gap-1 empty:hidden first:pt-[3px]\">\n<div class=\"markdown prose w-full break-words dark:prose-invert light\">\n<h2><strong>Vaping In Paris N-Boost Booster Nicotine 20mg &#8211; 10 ml : Boosten Sie Ihr E-Liquid mit pflanzlichem PG!<\/strong><\/h2>\n<p>M\u00f6chten Sie Ihre E-Liquids mit einem Hauch von Nat\u00fcrlichkeit aufpeppen? Hier ist der <strong>Vaping In Paris N-Boost Booster Nicotine 20mg &#8211; 10 ml<\/strong>, auf der Basis von <strong>pflanzlichem PG<\/strong>! Ob Sie Ihr DiY vorbereiten, Ihre <strong>Longfills<\/strong> oder <strong>Shortfills<\/strong> nikotinisieren m\u00f6chten, dieser Booster hilft Ihnen, Ihr Dampfen mit einem kleinen Boost zu personalisieren&#8230; nat\u00fcrlich mit 20 mg\/ml! <\/p>\n<p><strong>Eigenschaften :<\/strong><\/p>\n<ul>\n<li><strong>Nikotin:<\/strong> 20 mg\/ml (perfekt f\u00fcr einen kleinen Kick, ohne zu \u00fcbertreiben)<\/li>\n<li><strong>GV\/MPGV-Dichte:<\/strong> 50\/50 (perfektes Gleichgewicht zwischen dichtem Dampf und intensiven Aromen)<\/li>\n<li><strong>Inhalt:<\/strong> 10 ml (die ideale Gr\u00f6\u00dfe, um Ihr Gebr\u00e4u ohne Kopfzerbrechen aufzupeppen)<\/li>\n<\/ul>\n<h3><strong>PG V\u00e9g\u00e9tal, der neue Star unter den Dampfern  <\/strong><\/h3>\n<p>Schluss mit dem klassischen Propylenglykol (PG), das aus Erd\u00f6l und Erdgas gewonnen wird. Stattdessen wird <strong>pflanzliches PG<\/strong> aus Mais verwendet, f\u00fcr ein sanfteres und nat\u00fcrlicheres Dampferlebnis! Der <strong>Vaping In Paris N-Boost Booster Nicotine 20mg &#8211; 10 ml<\/strong> ist ein Segen f\u00fcr alle Dampfer, die auf klassisches PG empfindlich reagieren. Zus\u00e4tzlich zu seiner pflanzlichen Herkunft hat <strong>pflanzliches PG<\/strong> den Vorteil, dass es einen subtileren Geschmack und ein angenehmeres Gef\u00fchl im Hals (den ber\u00fchmten &#8220;Throat Hit&#8221;) bietet. Es ist sanfter und weniger aggressiv und verspricht ein komfortables Dampfen ohne Kompromisse. Vielleicht sind Ihnen auf dem Markt schon Begriffe wie<strong>&#8220;Vegetol<\/strong>&#8221; begegnet &#8211; Sie sollten wissen, dass es sich hierbei vor allem um eine Frage des Brandings handelt. Im Grunde genommen werden alle Arten von PG unter einem einzigen Regulierungscode zusammengefasst. Aber seien wir ehrlich, &#8220;vegetgetarisches PG&#8221; klingt viel besser! <\/p>\n<h3><strong>Ein kleiner Fun Fact f\u00fcr die Stra\u00dfe \ud83d\ude80.<\/strong><\/h3>\n<p>Das Wort<strong>&#8220;Booster<\/strong>&#8221; ist nur ein trendiger Ausdruck f\u00fcr &#8220;nikotinhaltige Basis&#8221;. Ja, es gibt hier keine Magie: Wenn eine nikotinhaltige Basis <strong>20 mg\/ml<\/strong> Nikotin enth\u00e4lt, wird sie einfach <strong>Booster<\/strong> genannt! Aber Sie m\u00fcssen zugeben, dass das viel cooler klingt, oder? <\/p>\n<h3><strong>Fazit: Nat\u00fcrlich boosten, frei dosieren \ud83c\udf2c\ufe0f<\/strong><\/h3>\n<p>Mit diesem <strong>Vaping In Paris N-Boost Booster Nicotine 20mg &#8211; 10 ml<\/strong> halten Sie ein respektvolles, sanftes und \u00e4u\u00dferst wirksames Produkt in den H\u00e4nden. Perfekt f\u00fcr die Herstellung eines ma\u00dfgeschneiderten Dampfes mit einem Hauch von Natur als Bonus. Ob Sie ein Anh\u00e4nger von DIY oder ein Fan von fertigen Liquids zum Boosten sind, Vaping in Paris l\u00e4dt Sie ein, das Vergn\u00fcgen des Dampfen in einer gr\u00fcnen Version wiederzuentdecken!  <\/p>\n<\/div>\n<\/div>\n<\/div>\n<\/div>\n<\/div>\n<\/div>\n<p>&nbsp;<\/p>\n<p><img data-recalc-dims=\"1\" decoding=\"async\" class=\"size-large wp-image-34789\" src=\"https:\/\/i0.wp.com\/vapotheque.ch\/wp-content\/uploads\/2024\/10\/Tableau_booster_nicotine_news_raleway_viper_smoke-3.jpg?resize=800%2C439&#038;ssl=1\" alt=\"Die Tabelle zeigt die Nikotindosierung und das Gesamtvolumen, das mit einer unterschiedlichen Anzahl von Boostern Savourea - Nico DiY Sels de Nicotine 10 ml in einer 50-ml-Flasche mit E-Fl\u00fcssigkeit erreicht wird. Mehr Booster erh\u00f6hen den Nikotingehalt von 3,33 mg\/ml mit 1 Booster auf 10 mg\/ml mit 5 Boostern.\" width=\"800\" height=\"439\"><\/p>\n<p>&nbsp;<\/p>\n<div class=\"group\/conversation-turn relative flex w-full min-w-0 flex-col agent-turn\">\n<div class=\"flex-col gap-1 md:gap-3\">\n<div class=\"flex max-w-full flex-col flex-grow\">\n<div class=\"min-h-8 text-message flex w-full flex-col items-end gap-2 whitespace-normal break-words [.text-message+&amp;]:mt-5\" dir=\"auto\" data-message-author-role=\"assistant\" data-message-id=\"fe665411-a195-4127-af75-24d0120a75c8\">\n<p><span style=\"vertical-align: inherit;\">Entdecken Sie weitere Produkte der Marke <\/span><a href=\"\/marque\/vaping-in-paris\"><span style=\"vertical-align: inherit;\">Vaping in Paris<\/span><\/a><span style=\"vertical-align: inherit;\"> .<\/span><\/p>\n<p><span style=\"vertical-align: inherit;\">Erhalten Sie Rabatte oder die neuesten Informationen \u00fcber unsere Produkte, indem Sie uns auf unseren sozialen Netzwerken folgen: <\/span><a href=\"https:\/\/www.facebook.com\/VapeAigleCH\" target=\"_blank\" rel=\"noopener\"><span style=\"vertical-align: inherit;\">Facebook<\/span><\/a><span style=\"vertical-align: inherit;\"> oder <\/span><a href=\"https:\/\/www.instagram.com\/vapotheque\" target=\"_blank\" rel=\"noopener\"><span style=\"vertical-align: inherit;\">Instagram<\/span><\/a><span style=\"vertical-align: inherit;\"> .<\/span><\/p>\n<\/div>\n<\/div>\n<\/div>\n<\/div>\n","protected":false},"excerpt":{"rendered":"<p>Vaping In Paris N-Boost Booster Nicotine 20mg &#8211; 10 ml : Boosten Sie Ihr E-Liquid mit pflanzlichem PG! M\u00f6chten Sie Ihre E-Liquids mit einem Hauch von Nat\u00fcrlichkeit aufpeppen? Hier ist der Vaping In Paris N-Boost Booster Nicotine 20mg &#8211; 10 ml, auf der Basis von pflanzlichem PG! Ob Sie Ihr DiY vorbereiten, Ihre Longfills oder [&hellip;]<\/p>\n","protected":false},"featured_media":45581,"template":"","meta":{"_acf_changed":false},"product_cat":[443,442,408,498],"product_tag":[],"class_list":{"0":"post-34800","1":"product","2":"type-product","3":"status-publish","4":"has-post-thumbnail","6":"product_brand-vaping-in-paris-de","7":"product_cat-diy-de","8":"product_cat-hervorgehobene-produkte","9":"product_cat-lieferbar-innerhalb-von-24-stunden-de","10":"product_cat-boosters-diy-de","12":"first","13":"instock","14":"taxable","15":"shipping-taxable","16":"purchasable","17":"product-type-simple"},"acf":[],"jetpack_sharing_enabled":true,"_links":{"self":[{"href":"https:\/\/vapotheque.ch\/de\/wp-json\/wp\/v2\/product\/34800","targetHints":{"allow":["GET"]}}],"collection":[{"href":"https:\/\/vapotheque.ch\/de\/wp-json\/wp\/v2\/product"}],"about":[{"href":"https:\/\/vapotheque.ch\/de\/wp-json\/wp\/v2\/types\/product"}],"wp:featuredmedia":[{"embeddable":true,"href":"https:\/\/vapotheque.ch\/de\/wp-json\/wp\/v2\/media\/45581"}],"wp:attachment":[{"href":"https:\/\/vapotheque.ch\/de\/wp-json\/wp\/v2\/media?parent=34800"}],"wp:term":[{"taxonomy":"product_cat","embeddable":true,"href":"https:\/\/vapotheque.ch\/de\/wp-json\/wp\/v2\/product_cat?post=34800"},{"taxonomy":"product_tag","embeddable":true,"href":"https:\/\/vapotheque.ch\/de\/wp-json\/wp\/v2\/product_tag?post=34800"}],"curies":[{"name":"wp","href":"https:\/\/api.w.org\/{rel}","templated":true}]}}