{"id":34791,"date":"2024-10-02T13:24:08","date_gmt":"2024-10-02T11:24:08","guid":{"rendered":"https:\/\/vapotheque.ch\/boutique\/savourea-nico-diy-booster-nikotinsalze-10-ml\/"},"modified":"2024-11-12T11:29:47","modified_gmt":"2024-11-12T10:29:47","slug":"savourea-nico-diy-booster-nikotinsalze-10-ml","status":"publish","type":"product","link":"https:\/\/vapotheque.ch\/de\/shop\/savourea-nico-diy-booster-nikotinsalze-10-ml\/","title":{"rendered":"Savourea &#8211; Nico DiY Booster Nikotinsalz 20mg &#8211; 10 ml"},"content":{"rendered":"<h2><strong>Savourea Nico DiY Booster Nikotinsalz 20mg &#8211; 10 ml : Steigern Sie Ihr E-Liquid mit Stil!<\/strong><\/h2>\n<p><strong>Savourea<\/strong> pr\u00e4sentiert Ihnen seinen ultimativen Verb\u00fcndeten f\u00fcr ein ma\u00dfgeschneidertes Dampfen: den <strong>Savourea Nico DiY Booster Nikotinsalze 20mg &#8211; 10 ml<\/strong>. Da ein wenig Punsch nie schaden kann, ist diese 10 ml Flasche bereit, Ihren Lieblings-E-Liquids Charakter zu verleihen! Mit einer neutralen <strong>50PG\/50VG<\/strong> Basis und 20 mg Nikotinsalzen ist dies der richtige Booster f\u00fcr Sie, egal ob Sie Ihre fertigen Liquids aufpeppen oder Ihre DIY-Kreationen personalisieren m\u00f6chten.  <\/p>\n<p><strong>Wie verwenden Sie es?<\/strong>  Es ist so einfach wie bis drei zu z\u00e4hlen (oder fast)! Ob Sie sich f\u00fcr einen Booster mit traditionellem Nikotin oder mit Nikotinsalzen entscheiden, die Vorgehensweise ist die gleiche: Geben Sie ihn in Ihr nikotinfreies Liquid, passen Sie die Dosierung an Ihre Vorliebe an und schon haben Sie das perfekte Dampfen! Ein kleines Beispiel f\u00fcr die Neugierigen: Ein <strong>10 ml Booster mit 20 mg\/ml<\/strong>, gemischt mit einer <strong>50 ml<\/strong> Flasche Liquid, ergibt einen <strong>Nikotingehalt von 3,33 mg\/ml<\/strong>. Aber lassen Sie es nicht dabei bewenden, Sie k\u00f6nnen all dies nach Ihren Bed\u00fcrfnissen und Vorlieben anpassen, wie ein echter Meister des Dampfens! <\/p>\n<h3><strong>Die Flaschen, die Booster und Sie : Die perfekte Alchemie!<\/strong><\/h3>\n<ul>\n<li><strong>50 ml Liquids<\/strong>: Die meisten 50 ml Fl\u00e4schchen sind gro\u00dfz\u00fcgig in <strong>70 ml oder 75 ml Flaschen<\/strong> untergebracht, so dass Sie <strong>maximal 2 Booster<\/strong> hinzuf\u00fcgen k\u00f6nnen.<br \/>\nAber Vorsicht: Wenn sich Ihre 50 ml Liquid in einer <strong>60 ml<\/strong> Flasche befindet, k\u00f6nnen Sie nur einen Booster hinzuf\u00fcgen.<br \/>\nWenn Sie also wirklich zwei Booster ben\u00f6tigen, f\u00fcllen Sie Ihre wertvolle Fl\u00fcssigkeit einfach in eine 75 ml Flasche (oder gr\u00f6\u00dfer) um.<br \/>\nEinfach, nicht wahr?   <\/li>\n<li><strong>Und wenn Sie mehr wollen?<\/strong> Keine Sorge, es ist durchaus m\u00f6glich, mehr als <strong>2 Booster<\/strong> hinzuzuf\u00fcgen, indem Sie eine oder mehrere zus\u00e4tzliche leere Flaschen verwenden.<br \/>\nAber wir warnen Sie: F\u00fcr eine E-Liquid von 50 ml wird <strong>dringend empfohlen<\/strong>, bei <strong>maximal 2 Boostern<\/strong> zu bleiben, da sonst die Gefahr der Verw\u00e4sserung besteht!<br \/>\nSie riskieren, diese k\u00f6stlichen und begehrten Aromen zu opfern, und das w\u00e4re schade, oder?  <\/li>\n<li><strong>100 ml Liquids<\/strong>: Auch hier sind einige 100 ml Fl\u00e4schchen in <strong>120 ml<\/strong> Flaschen enthalten, die perfekt f\u00fcr <strong>zwei Booster<\/strong> sind.<br \/>\nWenn Sie jedoch von mehr tr\u00e4umen, m\u00fcssen Sie Ihre e-Fl\u00fcssigkeit in eine gr\u00f6\u00dfere Flasche umf\u00fcllen (z.B. eine <strong>230 ml<\/strong> Flasche oder zwei <strong>75 ml<\/strong> Flaschen).<br \/>\nUnd wie bei den 50 ml-Flaschen sollten Sie <strong>nicht mehr als 4 Booster<\/strong> in Ihre 100 ml-Liquids geben, da sonst die Aromen zu intensiv und reichhaltig werden!  <\/li>\n<\/ul>\n<h3><strong>Fazit: Machen Sie Ihr Dampfen zu einem pers\u00f6nlichen Erlebnis!<\/strong><\/h3>\n<p><strong>Savourea Nico DiY Booster Nikotinsalz 20mg &#8211; 10 ml<\/strong> ist Ihr Partner beim Dampfen und bietet Ihnen die Freiheit, das Nikotin nach Belieben zu dosieren, ohne Kompromisse bei der Qualit\u00e4t einzugehen. Sind Sie also bereit, ein Liquid zu kreieren, das Ihren Vorstellungen entspricht? Savourea hat alles vorbereitet, damit jeder Zug ein reiner Moment des Genusses ist, auf Ihre Weise und mit dem Nikotinlevel, das Ihnen zusagt.  <\/p>\n<p>&nbsp;<\/p>\n<p><img data-recalc-dims=\"1\" decoding=\"async\" class=\"size-large wp-image-34789\" src=\"https:\/\/i0.wp.com\/vapotheque.ch\/wp-content\/uploads\/2024\/10\/Tableau_booster_nicotine_news_raleway_viper_smoke-3.jpg?resize=800%2C439&#038;ssl=1\" alt=\"Die Tabelle zeigt die Nikotindosierung und das Gesamtvolumen, das mit einer unterschiedlichen Anzahl von Boostern Savourea - Nico DiY Sels de Nicotine 10 ml in einer 50-ml-Flasche mit E-Fl\u00fcssigkeit erreicht wird. Mehr Booster erh\u00f6hen den Nikotingehalt von 3,33 mg\/ml mit 1 Booster auf 10 mg\/ml mit 5 Boostern.\" width=\"800\" height=\"439\"><\/p>\n<p>&nbsp;<\/p>\n<p><span style=\"vertical-align: inherit;\">Entdecken Sie weitere Produkte der Marke <\/span><a href=\"\/marque\/savourea\/\" target=\"_blank\" rel=\"noopener\"><span style=\"vertical-align: inherit;\">Savourea<\/span><\/a><span style=\"vertical-align: inherit;\"> .<\/span><\/p>\n<p><span style=\"vertical-align: inherit;\">Erhalten Sie Rabatte oder die neuesten Informationen \u00fcber unsere Produkte, indem Sie uns in unseren sozialen Netzwerken folgen: <\/span><a href=\"https:\/\/www.facebook.com\/VapeAigleCH\" target=\"_blank\" rel=\"noopener\"><span style=\"vertical-align: inherit;\">Facebook<\/span><\/a><span style=\"vertical-align: inherit;\"> oder <\/span><a href=\"https:\/\/www.instagram.com\/vapotheque\" target=\"_blank\" rel=\"noopener\"><span style=\"vertical-align: inherit;\">Instagram<\/span><\/a><span style=\"vertical-align: inherit;\"> .<\/span><\/p>\n","protected":false},"excerpt":{"rendered":"<p>Savourea Nico DiY Booster Nikotinsalz 20mg &#8211; 10 ml : Steigern Sie Ihr E-Liquid mit Stil! Savourea pr\u00e4sentiert Ihnen seinen ultimativen Verb\u00fcndeten f\u00fcr ein ma\u00dfgeschneidertes Dampfen: den Savourea Nico DiY Booster Nikotinsalze 20mg &#8211; 10 ml. Da ein wenig Punsch nie schaden kann, ist diese 10 ml Flasche bereit, Ihren Lieblings-E-Liquids Charakter zu verleihen! Mit [&hellip;]<\/p>\n","protected":false},"featured_media":45481,"template":"","meta":{"_acf_changed":false},"product_cat":[443,442,408,498],"product_tag":[],"class_list":{"0":"post-34791","1":"product","2":"type-product","3":"status-publish","4":"has-post-thumbnail","6":"product_brand-savourea-de","7":"product_cat-diy-de","8":"product_cat-hervorgehobene-produkte","9":"product_cat-lieferbar-innerhalb-von-24-stunden-de","10":"product_cat-boosters-diy-de","12":"first","13":"instock","14":"taxable","15":"shipping-taxable","16":"purchasable","17":"product-type-simple"},"acf":[],"jetpack_sharing_enabled":true,"_links":{"self":[{"href":"https:\/\/vapotheque.ch\/de\/wp-json\/wp\/v2\/product\/34791","targetHints":{"allow":["GET"]}}],"collection":[{"href":"https:\/\/vapotheque.ch\/de\/wp-json\/wp\/v2\/product"}],"about":[{"href":"https:\/\/vapotheque.ch\/de\/wp-json\/wp\/v2\/types\/product"}],"wp:featuredmedia":[{"embeddable":true,"href":"https:\/\/vapotheque.ch\/de\/wp-json\/wp\/v2\/media\/45481"}],"wp:attachment":[{"href":"https:\/\/vapotheque.ch\/de\/wp-json\/wp\/v2\/media?parent=34791"}],"wp:term":[{"taxonomy":"product_cat","embeddable":true,"href":"https:\/\/vapotheque.ch\/de\/wp-json\/wp\/v2\/product_cat?post=34791"},{"taxonomy":"product_tag","embeddable":true,"href":"https:\/\/vapotheque.ch\/de\/wp-json\/wp\/v2\/product_tag?post=34791"}],"curies":[{"name":"wp","href":"https:\/\/api.w.org\/{rel}","templated":true}]}}