{"id":34785,"date":"2024-09-10T13:50:17","date_gmt":"2024-09-10T11:50:17","guid":{"rendered":"https:\/\/vapotheque.ch\/boutique\/aspire-pyrex-af-tank\/"},"modified":"2024-11-12T11:28:49","modified_gmt":"2024-11-12T10:28:49","slug":"aspire-pyrex-af-tank","status":"publish","type":"product","link":"https:\/\/vapotheque.ch\/de\/shop\/aspire-pyrex-af-tank\/","title":{"rendered":"Aspire &#8211; Pyrex AF Tank"},"content":{"rendered":"<h3><strong>Aspire Pyrex AF : Die Anti-Bruch-L\u00f6sung!<\/strong><\/h3>\n<p>Ein bisschen Pech und schon ist Ihr Tank zerbr\u00f6selt? Keine Panik, <strong>Aspire<\/strong> hat alles vorbereitet! Mit dem <strong>Ersatzpyrex f\u00fcr den AF Tank<\/strong> sind Sie f\u00fcr alle Eventualit\u00e4ten ger\u00fcstet. Dieser Tank im <strong>Zwiebelformat<\/strong> erm\u00f6glicht es Ihnen, Ihre Dampfsessions mit einem <strong>gro\u00dfz\u00fcgigen Fassungsverm\u00f6gen von 4 ml<\/strong> E-Liquid weiter zu genie\u00dfen. Keine kleinen Unf\u00e4lle mehr, die alles verderben!    <\/p>\n<h4><strong>Warum verzichten?<\/strong><\/h4>\n<p>Mit seinem hochfesten <strong>Pyrexglas-Design<\/strong> ist dieser Ersatztank dazu da, den Tag zu retten und sogar Ihre Dampferfahrung zu verbessern. Seine <strong>Zwiebelform<\/strong> maximiert nicht nur die Kapazit\u00e4t, sondern verleiht Ihrem <strong>AF Tank Clearomizer<\/strong> auch ein stilvolles Aussehen. <\/p>\n<h4><strong>Sind Sie bereit, vorausschauend zu handeln?<\/strong><\/h4>\n<p>Lassen Sie sich nicht mehr von einem Unfall die Freude am Dampfen verderben. Denken Sie voraus und legen Sie ein <strong>Ersatzpyrex<\/strong> in Ihren Vorrat! Sie werden immer bereit sein, neu anzufangen, sei es nach einem Sturz oder einfach nur aus Spa\u00df an einem Umstyling.  <\/p>\n<h3><strong>Technische Daten :<\/strong><\/h3>\n<ul>\n<li><strong>Format:<\/strong> Zwiebel<\/li>\n<li><strong>Inhalt:<\/strong> 4 ml<\/li>\n<li><strong>Material:<\/strong> Pyrexglas<\/li>\n<li><strong>Kompatibilit\u00e4t:<\/strong> AF Tank Clearomizer<\/li>\n<\/ul>\n<p>Sie m\u00fcssen nur noch in aller Ruhe dampfen mit dem Pyrex, der die Situationen rettet und Ihre Dampfmomente boostet!<\/p>\n<p>&nbsp;<\/p>\n<p>Sehen Sie sich auch andere Produkte der Marke <a href=\"\/marque\/aspire\/\" target=\"_blank\" rel=\"noopener\">Aspire<\/a> an.<\/p>\n<p>Erhalte Rabatte oder die neuesten Informationen \u00fcber unsere anderen im Gesch\u00e4ft erh\u00e4ltlichen Produkte, indem du uns auf unseren sozialen Netzwerken folgst: <a href=\"https:\/\/www.facebook.com\/VapeAigleCH\" target=\"_blank\" rel=\"noopener\">Facebook<\/a> oder <a href=\"https:\/\/www.instagram.com\/vapotheque\" target=\"_blank\" rel=\"noopener\">Instagram<\/a>.<\/p>\n","protected":false},"excerpt":{"rendered":"<p>Aspire Pyrex AF : Die Anti-Bruch-L\u00f6sung! Ein bisschen Pech und schon ist Ihr Tank zerbr\u00f6selt? Keine Panik, Aspire hat alles vorbereitet! Mit dem Ersatzpyrex f\u00fcr den AF Tank sind Sie f\u00fcr alle Eventualit\u00e4ten ger\u00fcstet. Dieser Tank im Zwiebelformat erm\u00f6glicht es Ihnen, Ihre Dampfsessions mit einem gro\u00dfz\u00fcgigen Fassungsverm\u00f6gen von 4 ml E-Liquid weiter zu genie\u00dfen. Keine [&hellip;]<\/p>\n","protected":false},"featured_media":33687,"template":"","meta":{"_acf_changed":false},"product_cat":[440,408,471],"product_tag":[],"class_list":{"0":"post-34785","1":"product","2":"type-product","3":"status-publish","4":"has-post-thumbnail","6":"product_brand-aspire-de","7":"product_cat-atomizer","8":"product_cat-lieferbar-innerhalb-von-24-stunden-de","9":"product_cat-pyrex-de","11":"first","12":"instock","13":"taxable","14":"shipping-taxable","15":"purchasable","16":"product-type-simple"},"acf":[],"jetpack_sharing_enabled":true,"_links":{"self":[{"href":"https:\/\/vapotheque.ch\/de\/wp-json\/wp\/v2\/product\/34785","targetHints":{"allow":["GET"]}}],"collection":[{"href":"https:\/\/vapotheque.ch\/de\/wp-json\/wp\/v2\/product"}],"about":[{"href":"https:\/\/vapotheque.ch\/de\/wp-json\/wp\/v2\/types\/product"}],"wp:featuredmedia":[{"embeddable":true,"href":"https:\/\/vapotheque.ch\/de\/wp-json\/wp\/v2\/media\/33687"}],"wp:attachment":[{"href":"https:\/\/vapotheque.ch\/de\/wp-json\/wp\/v2\/media?parent=34785"}],"wp:term":[{"taxonomy":"product_cat","embeddable":true,"href":"https:\/\/vapotheque.ch\/de\/wp-json\/wp\/v2\/product_cat?post=34785"},{"taxonomy":"product_tag","embeddable":true,"href":"https:\/\/vapotheque.ch\/de\/wp-json\/wp\/v2\/product_tag?post=34785"}],"curies":[{"name":"wp","href":"https:\/\/api.w.org\/{rel}","templated":true}]}}