{"id":34780,"date":"2024-08-29T14:47:37","date_gmt":"2024-08-29T12:47:37","guid":{"rendered":"https:\/\/vapotheque.ch\/boutique\/vaporesso-gti-widerstaende\/"},"modified":"2024-08-29T14:47:37","modified_gmt":"2024-08-29T12:47:37","slug":"vaporesso-gti-widerstaende","status":"publish","type":"product","link":"https:\/\/vapotheque.ch\/de\/shop\/vaporesso-gti-widerstaende\/","title":{"rendered":"Vaporesso &#8211; GTI Widerst\u00e4nde"},"content":{"rendered":"<h2><strong>Vaporesso GTI-Widerst\u00e4nde: Die ultimative Waffe f\u00fcr epische Wolken<\/strong><\/h2>\n<p>  Bereiten Sie sich auf ein au\u00dfergew\u00f6hnliches Dampferlebnis mit den <strong>GTI Widerst\u00e4nden<\/strong> von Vaporesso vor, die im 5er Pack erh\u00e4ltlich sind.<br \/>\nDiese Coils wurden entwickelt, um perfekt in die <strong>Clearomizer iTank 2<\/strong> und <strong>iTank T<\/strong> zu passen, und sind nicht einfach nur da, um aufzutreten.<br \/>\nSie sind die Quintessenz der Mesh-Technologie und bieten eine Leistung, die Ihre Erwartungen weit \u00fcbertrifft.    <\/p>\n<h3><strong>Exzellentes Mesh f\u00fcr XXL-Wolken<\/strong><\/h3>\n<p>  Diese Widerst\u00e4nde sind eine technologische Meisterleistung.<br \/>\nDas verwendete <strong>Mesh<\/strong> sorgt f\u00fcr eine <strong>un\u00fcbertroffene Kapillarit\u00e4t<\/strong> und garantiert, dass jeder Tropfen E-Liquid perfekt verdampft wird.<br \/>\nSo erhalten Sie eine absolut originalgetreue Wiedergabe der Aromen und eine Dampfproduktion, die selbst die gr\u00f6\u00dften Gewitterwolken verblassen l\u00e4sst!<br \/>\nOb Sie nun ein eingefleischter <strong>Cloud Chaser<\/strong> oder ein Liebhaber intensiver Aromen sind, diese Widerst\u00e4nde sind Ihr Ticket ins Nirvana des Dampfens.     <\/p>\n<h3><strong>Blitz-Reaktivit\u00e4t f\u00fcr explosive Vapen<\/strong><\/h3>\n<p>  Vaporesso hat bei diesen GTI-Widerst\u00e4nden keine halben Sachen gemacht.<br \/>\nIhre <strong>au\u00dfergew\u00f6hnliche Reaktionsf\u00e4higkeit<\/strong> garantiert Ihnen einen sofortigen Leistungsanstieg, damit jeder Puff ein <strong>reiner<\/strong> Moment des Vergn\u00fcgens wird.<br \/>\nVorbei sind die Zeiten, in denen Widerst\u00e4nde ewig zum Aufheizen brauchten!<br \/>\nMit den GTIs k\u00f6nnen Sie direkt loslegen: dichte, schmackhafte und gro\u00dfz\u00fcgige Wolken von der ersten Sekunde an.     <\/p>\n<h3><strong>Ein Paket, vier M\u00f6glichkeiten<\/strong><\/h3>\n<p>  Die GTI-Widerst\u00e4nde gibt es in vier verschiedenen Ausf\u00fchrungen.<br \/>\n<strong>Vier Versionen<\/strong>, die jeweils auf einen bestimmten Bedarf an Leistung und Gef\u00fchl zugeschnitten sind:   <\/p>\n<ul>\n<li><strong>GTI Mesh 0.15 Ohm<\/strong>: F\u00fcr die Liebhaber des Nervenkitzels, zu verwenden zwischen 75 und 90 Watt.<br \/>\nErwarten Sie volumin\u00f6se Wolken und eine atemberaubende Intensit\u00e4t. <\/li>\n<li><strong>GTI Mesh 0.20 Ohm<\/strong>: Das perfekte Gleichgewicht zwischen Geschmack und Dampf, zu verwenden zwischen 60 und 75 Watt.<br \/>\nEine echte Referenz f\u00fcr ein rundes Dampfen. <\/li>\n<li><strong>GTI Mesh 0.40 Ohm<\/strong>: F\u00fcr diejenigen, die ein moderateres Dampfen bevorzugen, zwischen 50 und 60 Watt zu verwenden.<br \/>\nEine Geschmackswiedergabe, die Feinschmecker begeistern wird. <\/li>\n<li><strong>GTI Mesh 0.50 Ohm<\/strong>: Die ideale L\u00f6sung f\u00fcr ein sanfteres Dampfen, zu verwenden zwischen 30 und 40 Watt.<br \/>\nPerfekt f\u00fcr einen sanften All-Day. <\/li>\n<\/ul>\n<h3><strong>Ihr unentbehrlicher Begleiter<\/strong><\/h3>\n<p>  \u00dcberlassen Sie nichts mehr dem Zufall.<br \/>\nMit den GTI Widerst\u00e4nden beweist Vaporesso, dass es sein Handwerk perfekt beherrscht.<br \/>\nDiese Coils sind <strong>unverzichtbar<\/strong> f\u00fcr alle ernsthaften Dampfer, die nach <strong>Leistung<\/strong> und <strong>Kraft<\/strong> streben.<br \/>\nWarten Sie nicht l\u00e4nger, um sich mit diesen hochkar\u00e4tigen Widerst\u00e4nden auszustatten und Ihr Dampfen auf die n\u00e4chste Stufe zu heben. <strong>Sie sollten sie dringend in Ihrem Arsenal haben!<\/strong>&nbsp;&nbsp; Sehen Sie sich auch die anderen Produkte der Marke <a href=\"\/marque\/vaporesso\/\" target=\"_blank\" rel=\"noopener\">Vaporesso<\/a> an.    Erhalte Rabatte oder die neuesten Informationen \u00fcber unsere anderen im Gesch\u00e4ft erh\u00e4ltlichen Produkte, indem du uns auf unseren sozialen Netzwerken folgst: <a href=\"https:\/\/www.facebook.com\/VapeAigleCH\" target=\"_blank\" rel=\"noopener\">Facebook<\/a> oder <a href=\"https:\/\/www.instagram.com\/vapotheque\" target=\"_blank\" rel=\"noopener\">Instagram<\/a>.<\/p>\n","protected":false},"excerpt":{"rendered":"<p>Vaporesso GTI-Widerst\u00e4nde: Die ultimative Waffe f\u00fcr epische Wolken Bereiten Sie sich auf ein au\u00dfergew\u00f6hnliches Dampferlebnis mit den GTI Widerst\u00e4nden von Vaporesso vor, die im 5er Pack erh\u00e4ltlich sind. Diese Coils wurden entwickelt, um perfekt in die Clearomizer iTank 2 und iTank T zu passen, und sind nicht einfach nur da, um aufzutreten. Sie sind die [&hellip;]<\/p>\n","protected":false},"featured_media":33559,"template":"","meta":{"_acf_changed":false},"product_cat":[440,442,408,399],"product_tag":[],"class_list":{"0":"post-34780","1":"product","2":"type-product","3":"status-publish","4":"has-post-thumbnail","6":"product_brand-vaporesso-de","7":"product_cat-atomizer","8":"product_cat-hervorgehobene-produkte","9":"product_cat-lieferbar-innerhalb-von-24-stunden-de","10":"product_cat-vorgefertigte-widerstande","12":"first","13":"instock","14":"taxable","15":"shipping-taxable","16":"purchasable","17":"product-type-variable"},"acf":[],"jetpack_sharing_enabled":true,"_links":{"self":[{"href":"https:\/\/vapotheque.ch\/de\/wp-json\/wp\/v2\/product\/34780","targetHints":{"allow":["GET"]}}],"collection":[{"href":"https:\/\/vapotheque.ch\/de\/wp-json\/wp\/v2\/product"}],"about":[{"href":"https:\/\/vapotheque.ch\/de\/wp-json\/wp\/v2\/types\/product"}],"wp:featuredmedia":[{"embeddable":true,"href":"https:\/\/vapotheque.ch\/de\/wp-json\/wp\/v2\/media\/33559"}],"wp:attachment":[{"href":"https:\/\/vapotheque.ch\/de\/wp-json\/wp\/v2\/media?parent=34780"}],"wp:term":[{"taxonomy":"product_cat","embeddable":true,"href":"https:\/\/vapotheque.ch\/de\/wp-json\/wp\/v2\/product_cat?post=34780"},{"taxonomy":"product_tag","embeddable":true,"href":"https:\/\/vapotheque.ch\/de\/wp-json\/wp\/v2\/product_tag?post=34780"}],"curies":[{"name":"wp","href":"https:\/\/api.w.org\/{rel}","templated":true}]}}