{"id":34779,"date":"2024-08-27T16:06:04","date_gmt":"2024-08-27T14:06:04","guid":{"rendered":"https:\/\/vapotheque.ch\/boutique\/made-in-vape-konzentrat-pink-x-30ml\/"},"modified":"2024-08-27T16:06:04","modified_gmt":"2024-08-27T14:06:04","slug":"made-in-vape-konzentrat-pink-x-30ml","status":"publish","type":"product","link":"https:\/\/vapotheque.ch\/de\/shop\/made-in-vape-konzentrat-pink-x-30ml\/","title":{"rendered":"Made In Vape &#8211; Konzentrat Pink X 30ml"},"content":{"rendered":"<div class=\"flex-shrink-0 flex flex-col relative items-end\">\n<div>\n<div class=\"pt-0\">\n<div class=\"gizmo-bot-avatar flex h-8 w-8 items-center justify-center overflow-hidden rounded-full\">\n<h2 class=\"relative p-1 rounded-sm flex items-center justify-center bg-token-main-surface-primary text-token-text-primary h-8 w-8\">Made In Vape Concentrated Pink X 30ml: Es ist nicht nur eine e-Liquid, es ist ein episches Abenteuer in jedem Zug.<\/h2>\n<\/div>\n<\/div>\n<\/div>\n<\/div>\n<div class=\"group\/conversation-turn relative flex w-full min-w-0 flex-col agent-turn\">\n<div class=\"flex-col gap-1 md:gap-3\">\n<div class=\"flex max-w-full flex-col flex-grow\">\n<div class=\"min-h-[20px] text-message flex w-full flex-col items-end gap-2 break-words [.text-message+&amp;]:mt-5 overflow-x-auto whitespace-normal\" dir=\"auto\" data-message-author-role=\"assistant\" data-message-id=\"4fa16efb-d6b7-49e6-8790-02a5356727bf\">\n<div class=\"flex w-full flex-col gap-1 empty:hidden first:pt-[3px]\">\n<div class=\"result-streaming markdown prose w-full break-words dark:prose-invert light\">\n<h3><strong>Eine Explosion von Aromen<\/strong><\/h3>\n<p>  Schon beim ersten Einatmen versetzt Sie <strong>PINK X<\/strong> in eine wahre Schlacht der Aromen.<br \/>\nLassen Sie sich von der vibrierenden S\u00e4ure der <strong>Grapefruit<\/strong> \u00fcberraschen, die Ihre Geschmacksknospen wie ein Lichtblitz in der Dunkelheit weckt.<br \/>\nDann erleben Sie die Komplexit\u00e4t der <strong>Zitrusfr\u00fcchte<\/strong>, eine helle und energiereiche Mischung, die im Mund explodiert.<br \/>\nSchlie\u00dflich gleicht die tr\u00f6stende S\u00fc\u00dfe der <strong>roten Fr\u00fcchte<\/strong> diesen Tornado von Empfindungen aus, alles umh\u00fcllt von einer intensiven Frische, die anh\u00e4lt und jeden Atemzug pr\u00e4gt.     <\/p>\n<h3><strong>Made In Vape Konzentrat Pink X 30ml: Eine Kriegerin hat das Sagen<\/strong><\/h3>\n<p>  Wie <strong>PINK X<\/strong>, die furchtlose Kriegerin, ist diese E-Liquid eine Hommage an St\u00e4rke, Entschlossenheit und Kampfgeist.<br \/>\nOb Sie nun auf der Suche nach einem einzigartigen Geschmackserlebnis sind oder einfach nur Ihrem Alltag einen Hauch von W\u00fcrze verleihen m\u00f6chten, <strong>PINK X<\/strong> erinnert Sie daran, dass jeder Zug eine gewonnene Schlacht ist.   <\/p>\n<h3><strong>Warum PINK X?<\/strong><\/h3>\n<p>  Weil es nicht nur um das Dampfen geht, sondern um eine <strong>Erfahrung<\/strong>.<br \/>\n<strong>PINK X<\/strong> ist nichts f\u00fcr Sch\u00fcchterne: Er ist f\u00fcr diejenigen, die ihren Stil und ihre Vorliebe f\u00fcr intensive Dinge unterstreichen wollen.<br \/>\nOb Sie nun ein Krieger des Dampfens oder ein Erforscher neuer Geschmacksrichtungen sind, dieses Liquid l\u00e4dt Sie ein, sich in die Reihen der Legenden einzureihen. <strong>Ergreifen Sie die K\u00fchnheit, verdampfen Sie die Legende.<\/strong> Entdecken Sie <strong>PINK X<\/strong> und schreiben Sie mit jeder Wolke, die Sie erschaffen, Geschichte.    <\/div>\n<\/div>\n<\/div>\n<\/div>\n<\/div>\n<\/div>\n<p>&nbsp;<\/p>\n<p><strong>ACHTUNG: Dieses Konzentrat ist nicht zum Dampfen geeignet, verd\u00fcnnen Sie es vor dem Gebrauch!<\/strong> Entdecken Sie die anderen Produkte der Marke <a href=\"\/marque\/made-in-vape\/\" target=\"_blank\" rel=\"noopener\">Made in Vape!<\/a> <a href=\"\/categorie\/diy\/concentre-diy\/\" target=\"_blank\" rel=\"noopener\">Hier<\/a> finden Sie alle unsere Konzentrate. Erhalten Sie Rabatte oder die neuesten Informationen \u00fcber unsere Produkte, indem Sie uns auf unseren sozialen Netzwerken folgen: <a href=\"https:\/\/www.facebook.com\/VapeAigleCH\" target=\"_blank\" rel=\"noopener\">Facebook<\/a> oder <a href=\"https:\/\/www.instagram.com\/vapotheque\" target=\"_blank\" rel=\"noopener\">Instagram<\/a>.<\/p>\n","protected":false},"excerpt":{"rendered":"<p>Made In Vape Concentrated Pink X 30ml: Es ist nicht nur eine e-Liquid, es ist ein episches Abenteuer in jedem Zug. Eine Explosion von Aromen Schon beim ersten Einatmen versetzt Sie PINK X in eine wahre Schlacht der Aromen. Lassen Sie sich von der vibrierenden S\u00e4ure der Grapefruit \u00fcberraschen, die Ihre Geschmacksknospen wie ein Lichtblitz [&hellip;]<\/p>\n","protected":false},"featured_media":33479,"template":"","meta":{"_acf_changed":false},"product_cat":[443,442,468,408],"product_tag":[],"class_list":{"0":"post-34779","1":"product","2":"type-product","3":"status-publish","4":"has-post-thumbnail","6":"product_brand-made-in-vape-de","7":"product_cat-diy-de","8":"product_cat-hervorgehobene-produkte","9":"product_cat-konzentrate","10":"product_cat-lieferbar-innerhalb-von-24-stunden-de","12":"first","13":"instock","14":"taxable","15":"shipping-taxable","16":"purchasable","17":"product-type-simple"},"acf":[],"jetpack_sharing_enabled":true,"_links":{"self":[{"href":"https:\/\/vapotheque.ch\/de\/wp-json\/wp\/v2\/product\/34779","targetHints":{"allow":["GET"]}}],"collection":[{"href":"https:\/\/vapotheque.ch\/de\/wp-json\/wp\/v2\/product"}],"about":[{"href":"https:\/\/vapotheque.ch\/de\/wp-json\/wp\/v2\/types\/product"}],"wp:featuredmedia":[{"embeddable":true,"href":"https:\/\/vapotheque.ch\/de\/wp-json\/wp\/v2\/media\/33479"}],"wp:attachment":[{"href":"https:\/\/vapotheque.ch\/de\/wp-json\/wp\/v2\/media?parent=34779"}],"wp:term":[{"taxonomy":"product_cat","embeddable":true,"href":"https:\/\/vapotheque.ch\/de\/wp-json\/wp\/v2\/product_cat?post=34779"},{"taxonomy":"product_tag","embeddable":true,"href":"https:\/\/vapotheque.ch\/de\/wp-json\/wp\/v2\/product_tag?post=34779"}],"curies":[{"name":"wp","href":"https:\/\/api.w.org\/{rel}","templated":true}]}}