{"id":34771,"date":"2024-08-29T14:04:44","date_gmt":"2024-08-29T12:04:44","guid":{"rendered":"https:\/\/vapotheque.ch\/boutique\/vaporesso-pyrex-itank-t\/"},"modified":"2024-08-29T14:04:44","modified_gmt":"2024-08-29T12:04:44","slug":"vaporesso-pyrex-itank-t","status":"publish","type":"product","link":"https:\/\/vapotheque.ch\/de\/shop\/vaporesso-pyrex-itank-t\/","title":{"rendered":"Vaporesso &#8211; Pyrex iTank T"},"content":{"rendered":"<h2><strong>Vaporesso Pyrex iTank T: Lassen Sie sich von nichts mehr aufhalten!<\/strong><\/h2>\n<p>  Ihr <strong>iTank T<\/strong> Clearomizer ist eine echte Dampfmaschine, aber was ist, wenn Ihr Tank einen schlechten Eindruck macht? Keine Panik! Vaporesso hat an alles gedacht und bietet Ihnen ein kompatibles <strong>Ersatzpyrex<\/strong> an, das bereit ist, die Fackel zu \u00fcbernehmen.  <\/p>\n<h3><strong>Verl\u00e4ngern Sie das Abenteuer<\/strong><\/h3>\n<p>  Ob Sie einen kaputten Tank ersetzen m\u00fcssen oder einfach nur Ihre Reichweite verdoppeln m\u00f6chten, dieses Pyrex ist das ultimative Zubeh\u00f6r, um die Lebensdauer Ihres iTank T zu verl\u00e4ngern. Jedes Rohr wird <strong>sorgf\u00e4ltig bearbeitet<\/strong>, um eine perfekte Kompatibilit\u00e4t und St\u00e4rke zu gew\u00e4hrleisten.<br \/>\nKeine Angst mehr vor Lecks oder Undichtigkeiten!   <\/p>\n<h3><strong>Zwei Versionen, doppelt praktisch<\/strong><\/h3>\n<p>  Vaporesso bietet Ihnen die Wahl zwischen zwei Versionen, um sich an Ihren Dampfstil und Ihre Bed\u00fcrfnisse anzupassen:  <\/p>\n<ul>\n<li><strong>6 ml Bulb-Version<\/strong>: Perfekt f\u00fcr lange Fahrten oder Marathon-Dampfsessions, damit Sie Ihre Lieblings-E-Liquids ohne Unterbrechung genie\u00dfen k\u00f6nnen.<\/li>\n<li><strong>Straight-Version 3 ml<\/strong>: F\u00fcr diejenigen, die Diskretion bevorzugen, ohne auf Qualit\u00e4t zu verzichten, ist dieser kompaktere Tank genauso leistungsf\u00e4hig.<\/li>\n<\/ul>\n<p><strong>Wir haben uns entschieden, nur die 6 ml Bulb-Version dieses ber\u00fchmten Pyrex anzubieten, damit Sie immer eine maximale Kapazit\u00e4t haben!<\/strong><\/p>\n<h3><strong>Ein Must-Have f\u00fcr alle Vapers<\/strong><\/h3>\n<p>  Lassen Sie nicht zu, dass ein einfacher Bruch oder Verlust Ihren Genuss unterbricht.<br \/>\nDieser Ersatz-Pyrex ist ein <strong>unverzichtbares<\/strong> Zubeh\u00f6r f\u00fcr alle Benutzer von E-Zigaretten, die mit dem <strong>Clearomizer iTank T<\/strong> ausgestattet sind.<br \/>\nMit diesem Ersatzteil sind Sie f\u00fcr alle Eventualit\u00e4ten ger\u00fcstet und k\u00f6nnen weiterhin die <strong>meisten<\/strong> auf dem Markt <strong>erh\u00e4ltlichen Liquids<\/strong> genie\u00dfen.    <\/p>\n<h3><strong>Bleiben Sie immer einen Schritt voraus<\/strong><\/h3>\n<p>  Mit diesem Pyrex iTank T garantiert Vaporesso, dass Sie nie unvorbereitet sind.<br \/>\nF\u00fcgen Sie ihn zu Ihrem Arsenal hinzu und stellen Sie sicher, dass Ihr Clearo immer bereit ist, gro\u00dfz\u00fcgige Wolken und unvergleichliche Aromen zu liefern. <strong>Gehen Sie nie ohne ihn aus dem Haus!<\/strong>&nbsp; Sehen Sie sich auch andere Produkte der Marke <a href=\"\/marque\/vaporesso\/\" target=\"_blank\" rel=\"noopener\">Vaporesso<\/a> an.  Erhalte Rabatte oder die neuesten Informationen \u00fcber unsere anderen im Gesch\u00e4ft erh\u00e4ltlichen Produkte, indem du uns auf unseren sozialen Netzwerken folgst: <a href=\"https:\/\/www.facebook.com\/VapeAigleCH\" target=\"_blank\" rel=\"noopener\">Facebook<\/a> oder <a href=\"https:\/\/www.instagram.com\/vapotheque\" target=\"_blank\" rel=\"noopener\">Instagram<\/a>.<\/p>\n","protected":false},"excerpt":{"rendered":"<p>Vaporesso Pyrex iTank T: Lassen Sie sich von nichts mehr aufhalten! Ihr iTank T Clearomizer ist eine echte Dampfmaschine, aber was ist, wenn Ihr Tank einen schlechten Eindruck macht? Keine Panik! Vaporesso hat an alles gedacht und bietet Ihnen ein kompatibles Ersatzpyrex an, das bereit ist, die Fackel zu \u00fcbernehmen. Verl\u00e4ngern Sie das Abenteuer Ob [&hellip;]<\/p>\n","protected":false},"featured_media":33554,"template":"","meta":{"_acf_changed":false},"product_cat":[440,442,408,471],"product_tag":[],"class_list":{"0":"post-34771","1":"product","2":"type-product","3":"status-publish","4":"has-post-thumbnail","6":"product_brand-vaporesso-de","7":"product_cat-atomizer","8":"product_cat-hervorgehobene-produkte","9":"product_cat-lieferbar-innerhalb-von-24-stunden-de","10":"product_cat-pyrex-de","12":"first","13":"instock","14":"taxable","15":"shipping-taxable","16":"purchasable","17":"product-type-simple"},"acf":[],"jetpack_sharing_enabled":true,"_links":{"self":[{"href":"https:\/\/vapotheque.ch\/de\/wp-json\/wp\/v2\/product\/34771","targetHints":{"allow":["GET"]}}],"collection":[{"href":"https:\/\/vapotheque.ch\/de\/wp-json\/wp\/v2\/product"}],"about":[{"href":"https:\/\/vapotheque.ch\/de\/wp-json\/wp\/v2\/types\/product"}],"wp:featuredmedia":[{"embeddable":true,"href":"https:\/\/vapotheque.ch\/de\/wp-json\/wp\/v2\/media\/33554"}],"wp:attachment":[{"href":"https:\/\/vapotheque.ch\/de\/wp-json\/wp\/v2\/media?parent=34771"}],"wp:term":[{"taxonomy":"product_cat","embeddable":true,"href":"https:\/\/vapotheque.ch\/de\/wp-json\/wp\/v2\/product_cat?post=34771"},{"taxonomy":"product_tag","embeddable":true,"href":"https:\/\/vapotheque.ch\/de\/wp-json\/wp\/v2\/product_tag?post=34771"}],"curies":[{"name":"wp","href":"https:\/\/api.w.org\/{rel}","templated":true}]}}