{"id":34770,"date":"2024-08-27T13:42:37","date_gmt":"2024-08-27T11:42:37","guid":{"rendered":"https:\/\/vapotheque.ch\/boutique\/vaporesso-kit-gen-se\/"},"modified":"2024-11-17T18:25:49","modified_gmt":"2024-11-17T17:25:49","slug":"vaporesso-kit-gen-se","status":"publish","type":"product","link":"https:\/\/vapotheque.ch\/de\/shop\/vaporesso-kit-gen-se\/","title":{"rendered":"Vaporesso &#8211; Kit Gen SE"},"content":{"rendered":"<article class=\"w-full text-token-text-primary focus-visible:outline-2 focus-visible:outline-offset-[-4px]\" dir=\"auto\" data-testid=\"conversation-turn-193\" data-scroll-anchor=\"false\">\n<div class=\"text-base py-[18px] px-3 md:px-4 m-auto md:px-5\">\n<div class=\"mx-auto flex flex-1 gap-4 text-base md:gap-5 lg:gap-6 md:max-w-3xl lg:max-w-[40rem] xl:max-w-[48rem]\">\n<div class=\"group\/conversation-turn relative flex w-full min-w-0 flex-col agent-turn\">\n<div class=\"flex-col gap-1 md:gap-3\">\n<div class=\"flex max-w-full flex-col flex-grow\">\n<div class=\"min-h-[20px] text-message flex w-full flex-col items-end gap-2 break-words [.text-message+&amp;]:mt-5 overflow-x-auto whitespace-normal\" dir=\"auto\" data-message-author-role=\"assistant\" data-message-id=\"f5f380b4-69d3-4aef-8cf6-8e20a8fc837f\">\n<div class=\"flex w-full flex-col gap-1 empty:hidden first:pt-[3px]\">\n<div class=\"markdown prose w-full break-words dark:prose-invert light\"><\/div>\n<\/div>\n<\/div>\n<\/div>\n<\/div>\n<\/div>\n<\/div>\n<\/div>\n<\/article>\n<h2><strong>Vaporesso Kit Gen SE: Die neue \u00c4ra des Dampfens<\/strong><\/h2>\n<p>  Die Zukunft des Dampfens ist da und sie hat einen Namen: <strong>Vaporesso Kit Gen SE.<\/strong><br \/>\nVaporesso bringt seine Gen-Serie mit diesem <strong>Kit der neuesten Generation<\/strong> auf einen neuen H\u00f6hepunkt.<br \/>\nAlles, von der Box bis zum Clearomizer, wurde neu erfunden, um ein <strong>elegantes<\/strong> und <strong>leistungsstarkes<\/strong> Dampferlebnis zu bieten.    <\/p>\n<h3><strong>Eine Einzelakku-Box, die aus den Fugen ger\u00e4t<\/strong><\/h3>\n<p>  Die <strong>Gen SE Box<\/strong> wurde f\u00fcr Liebhaber von Kraft und gro\u00dfen Wolken entwickelt.<br \/>\nMit einem <strong>18650 Akku<\/strong> (nicht im Lieferumfang enthalten) ist diese kompakte Box bereit, <strong>Watt<\/strong> in Kaskaden f\u00fcr intensive Dampfsitzungen zu senden.<br \/>\nUnd weil es nicht nur auf die Leistung ankommt, hat Vaporesso daf\u00fcr gesorgt, dass jeder Zug ebenso schmackhaft wie reichlich ist.    <\/p>\n<h3><strong>iTank T: Der Clearomizer der Superlative<\/strong><\/h3>\n<p>  Das Herzst\u00fcck dieses Kits ist der <strong>iTank T Clearomizer<\/strong>, ein kleines Wunderwerk der Technik, das sich perfekt mit der Gen SE Box kombinieren l\u00e4sst.<br \/>\nDieser Clearomizer ist mit den <strong>GTI-Widerst\u00e4nden<\/strong> kompatibel, die mit der <strong>Corex 2.0-Technologie<\/strong> weiter verbessert wurden.<br \/>\nDas Ergebnis ist eine <strong>beeindruckende<\/strong> Dampfproduktion, ein <strong>unglaublich reicher<\/strong> Geschmack und eine l\u00e4ngere Lebensdauer f\u00fcr Ihre Coils.<br \/>\nMit einer <strong>gro\u00dfz\u00fcgigen Kapazit\u00e4t<\/strong> und einem Top-Filling-System wurde der iTank T entwickelt, um Ihnen das Leben zu erleichtern und Ihnen das Beste aus dem DTL-Dampfen (Direct To Lung) zu bieten.     <\/p>\n<h3><strong>Hochwertiges Design und Funktionalit\u00e4t<\/strong><\/h3>\n<p>  Das Gen SE Kit ist nicht nur leistungsstark, sondern auch <strong>stilvoll<\/strong>.<br \/>\nMit seinem eleganten Design zieht es die Blicke auf sich und liegt dank seiner ergonomischen Form und der <strong>Soft-Touch-Beschichtung<\/strong> perfekt in Ihrer Hand.<br \/>\nDas TFT-Farbdisplay und die zahlreichen verf\u00fcgbaren Dampfmodi erm\u00f6glichen es Ihnen, jeden Parameter nach Ihren Vorlieben einzustellen, so dass Sie Ihr Dampferlebnis ganz individuell gestalten k\u00f6nnen.    <\/p>\n<h3><strong>Bereit f\u00fcr das Abenteuer<\/strong><\/h3>\n<p>  Ob Sie ein Veteran des Dampfen sind oder ein Neuling auf der Suche nach <strong>dichten und schmackhaften Wolken<\/strong>, das Vaporesso Kit Gen SE ist bereit, Sie auf all Ihren Abenteuern zu begleiten.<br \/>\nMit seiner <strong>leistungsstarken<\/strong> Box und dem Clearo <strong>der neuen Generation<\/strong> erf\u00fcllt dieses Kit alle Voraussetzungen, um Ihr neuer Lieblingsdampfbegleiter zu werden. <strong>Entdecken Sie das Gen SE Kit von Vaporesso<\/strong> und machen Sie einen Sprung in die Zukunft des Dampfens.<br \/>\nSie werden nur einen einzigen Wunsch haben: Wolke an Wolke zu reihen und jeden Zug zu genie\u00dfen!    &nbsp;<\/p>\n<h4>Inhalt des Vaporesso Gen SE Kits<\/h4>\n<ul>\n<li>1 Box Gen SE<\/li>\n<li>1 iTank T Clearomizer (Pyrex 3 ml vorinstalliert)<\/li>\n<li>1 GTi-Widerstand 0.2 Ohm<\/li>\n<li>1 GTi-Widerstand 0.4 Ohm<\/li>\n<li>1 Satz Ersatzdichtungen<\/li>\n<li>1 x 6 ml Pyrex-Bulb-Reservoir<\/li>\n<li>1 USB-C-Kabel<\/li>\n<li>1 Bedienungsanleitung<\/li>\n<\/ul>\n<p>&nbsp;<\/p>\n<p>&nbsp;  Sehen Sie sich auch andere Produkte der Marke <a href=\"\/marque\/vaporesso\/\" target=\"_blank\" rel=\"noopener\">Vaporesso<\/a> an. Erhalte Rabatte oder die neuesten Informationen \u00fcber unsere anderen im Gesch\u00e4ft erh\u00e4ltlichen Produkte, indem du uns auf unseren sozialen Netzwerken folgst: <a href=\"https:\/\/www.facebook.com\/VapeAigleCH\" target=\"_blank\" rel=\"noopener\">Facebook<\/a> oder <a href=\"https:\/\/www.instagram.com\/vapotheque\" target=\"_blank\" rel=\"noopener\">Instagram<\/a>.<\/p>\n","protected":false},"excerpt":{"rendered":"<p>Vaporesso Kit Gen SE: Die neue \u00c4ra des Dampfens Die Zukunft des Dampfens ist da und sie hat einen Namen: Vaporesso Kit Gen SE. Vaporesso bringt seine Gen-Serie mit diesem Kit der neuesten Generation auf einen neuen H\u00f6hepunkt. Alles, von der Box bis zum Clearomizer, wurde neu erfunden, um ein elegantes und leistungsstarkes Dampferlebnis zu [&hellip;]<\/p>\n","protected":false},"featured_media":33446,"template":"","meta":{"_acf_changed":false},"product_cat":[448,450,442,408,500],"product_tag":[],"class_list":{"0":"post-34770","1":"product","2":"type-product","3":"status-publish","4":"has-post-thumbnail","6":"product_brand-vaporesso-de","7":"product_cat-box-mods-de","8":"product_cat-elektro","9":"product_cat-hervorgehobene-produkte","10":"product_cat-lieferbar-innerhalb-von-24-stunden-de","11":"product_cat-vapes-de","13":"first","14":"instock","15":"taxable","16":"shipping-taxable","17":"purchasable","18":"product-type-variable"},"acf":[],"jetpack_sharing_enabled":true,"_links":{"self":[{"href":"https:\/\/vapotheque.ch\/de\/wp-json\/wp\/v2\/product\/34770","targetHints":{"allow":["GET"]}}],"collection":[{"href":"https:\/\/vapotheque.ch\/de\/wp-json\/wp\/v2\/product"}],"about":[{"href":"https:\/\/vapotheque.ch\/de\/wp-json\/wp\/v2\/types\/product"}],"wp:featuredmedia":[{"embeddable":true,"href":"https:\/\/vapotheque.ch\/de\/wp-json\/wp\/v2\/media\/33446"}],"wp:attachment":[{"href":"https:\/\/vapotheque.ch\/de\/wp-json\/wp\/v2\/media?parent=34770"}],"wp:term":[{"taxonomy":"product_cat","embeddable":true,"href":"https:\/\/vapotheque.ch\/de\/wp-json\/wp\/v2\/product_cat?post=34770"},{"taxonomy":"product_tag","embeddable":true,"href":"https:\/\/vapotheque.ch\/de\/wp-json\/wp\/v2\/product_tag?post=34770"}],"curies":[{"name":"wp","href":"https:\/\/api.w.org\/{rel}","templated":true}]}}