{"id":34769,"date":"2024-08-29T14:01:23","date_gmt":"2024-08-29T12:01:23","guid":{"rendered":"https:\/\/vapotheque.ch\/boutique\/made-in-vape-white-blizz-konzentrat-30ml\/"},"modified":"2024-08-29T14:01:23","modified_gmt":"2024-08-29T12:01:23","slug":"made-in-vape-white-blizz-konzentrat-30ml","status":"publish","type":"product","link":"https:\/\/vapotheque.ch\/de\/shop\/made-in-vape-white-blizz-konzentrat-30ml\/","title":{"rendered":"Made In Vape &#8211; White Blizz Konzentrat 30ml"},"content":{"rendered":"<h2><strong>Treten Sie ein in das eisige K\u00f6nigreich des Made In Vape White Blizz 30ml Konzentrat: Die K\u00f6nigin der K\u00e4lte!<\/strong><\/h2>\n<p>  Bereiten Sie sich darauf vor, den Elementen zu trotzen mit <strong>White Blizz<\/strong>, einer eisigen Kreation von Made In Vape Distrib, die Sie in eine Welt entf\u00fchrt, in der die K\u00e4lte K\u00f6nig ist.<br \/>\nDieser Geschmack, der von einer <strong>wei\u00dfhaarigen Kriegerin<\/strong> getragen wird, ist nichts f\u00fcr zarte Gem\u00fcter.<br \/>\n<strong>White Blizz<\/strong> verk\u00f6rpert die St\u00e4rke, die Beweglichkeit und die perfekte Beherrschung der Kr\u00e4fte der K\u00e4lte.    <\/p>\n<h3><strong>Ein Sturm der Frische<\/strong><\/h3>\n<p><strong>White Blizz<\/strong> ist ein wahrer Sturm der Frische, eine exquisite Kombination aus drei kr\u00e4ftigen Minzen.<br \/>\n<strong>Die eisige Minze<\/strong> schl\u00e4gt zuerst zu, mit einer schneidenden Frische, die Sie sofort erfasst.<br \/>\nDann bringt <strong>die Polarminze<\/strong> eine kristallklare Reinheit, die Sie in die schneebedeckten Weiten des Landes eintauchen l\u00e4sst.<br \/>\nSchlie\u00dflich f\u00fcgt <strong>die Chlorophyllminze<\/strong> einen Hauch von Vitalit\u00e4t hinzu und umh\u00fcllt alles mit einem unwiderstehlichen, frostigen Schleier.<br \/>\nJeder Zug ist eine <strong>Lawine von Gef\u00fchlen<\/strong>, die die Geschwindigkeit und Effizienz von White Blizz einfangen, dieser unerbittlichen Heldin, die nichts und niemanden auf ihrem Weg stehen l\u00e4sst.      <\/p>\n<h3><strong>Eine Reise in die schneebedeckten Weiten<\/strong><\/h3>\n<p>  Lassen Sie sich von diesem Konzentrat <strong>extremer Frische<\/strong> mitrei\u00dfen.<br \/>\nMit <strong>White Blizz<\/strong> ist jede Inhalation eine Reise durch die eisigen Gefilde des Reichs der Kraft und der Entschlossenheit.<br \/>\nEs ist nicht nur ein Dampfen, es ist eine <strong>sensorische Erfahrung<\/strong>, die Sie einh\u00fcllt, Sie mitnimmt und Sie mit einem Schauer der Zufriedenheit zur\u00fcckl\u00e4sst.    <\/p>\n<h3><strong>Nutzung und Eigenschaften<\/strong><\/h3>\n<p>  Das <strong>Made In Vape White Blizz 30ml Konzentrat <\/strong>ist bereit, mit Ihrer bevorzugten Basis verd\u00fcnnt zu werden, egal ob diese nikotinhaltig ist oder nicht.<br \/>\nBereiten Sie sich auf ein intensives Erlebnis vor, indem Sie <strong>10%<\/strong> dosieren, um ein perfektes Gleichgewicht zwischen Kraft und Genuss zu erreichen.<br \/>\nUnd f\u00fcr diejenigen, die Reinheit bis zum Ende suchen, ist <strong>White Blizz<\/strong> <strong>ohne Sucralose<\/strong> formuliert, was ein Dampfen so sauber wie Neuschnee garantiert.<br \/>\nWhite Blizz wird in einer <strong>30ml-Flasche<\/strong> geliefert und ist die ideale Wahl f\u00fcr alle, die nach einem erfrischenden und aufregenden Dampf suchen, der die Grenzen der Frische \u00fcberschreitet. Bezwingen <strong>Sie die K\u00e4lte mit White Blizz<\/strong> Sind Sie bereit, sich dem Sturm zu stellen?<br \/>\nMit <strong>White Blizz<\/strong> dampfen Sie nicht nur, Sie werden zu einem wahren <strong>Meister der K\u00e4lte<\/strong>, der bereit ist, jeden Zug mit der eisigen Entschlossenheit dieser legend\u00e4ren Heldin zu erobern. <strong>Treten Sie ein in das Reich von White Blizz<\/strong> und lassen Sie sich von diesem kalten Regenschauer Ihre Sinne auf eine Weise wecken, die Sie noch nie zuvor erlebt haben. &nbsp;<strong>ACHTUNG: Dieses Konzentrat ist nicht zum Dampfen geeignet, verd\u00fcnnen Sie es vor dem Gebrauch!<\/strong> Entdecken Sie die anderen Produkte der Marke <a href=\"\/marque\/made-in-vape\/\" target=\"_blank\" rel=\"noopener\">Made in Vape!<\/a> <a href=\"\/categorie\/diy\/concentre-diy\/\" target=\"_blank\" rel=\"noopener\">Hier<\/a> finden Sie alle unsere Konzentrate.     Erhalten Sie Rabatte oder die neuesten Informationen \u00fcber unsere Produkte, indem Sie uns auf unseren sozialen Netzwerken folgen: <a href=\"https:\/\/www.facebook.com\/VapeAigleCH\" target=\"_blank\" rel=\"noopener\">Facebook<\/a> oder <a href=\"https:\/\/www.instagram.com\/vapotheque\" target=\"_blank\" rel=\"noopener\">Instagram<\/a>.<\/p>\n","protected":false},"excerpt":{"rendered":"<p>Treten Sie ein in das eisige K\u00f6nigreich des Made In Vape White Blizz 30ml Konzentrat: Die K\u00f6nigin der K\u00e4lte! Bereiten Sie sich darauf vor, den Elementen zu trotzen mit White Blizz, einer eisigen Kreation von Made In Vape Distrib, die Sie in eine Welt entf\u00fchrt, in der die K\u00e4lte K\u00f6nig ist. Dieser Geschmack, der von [&hellip;]<\/p>\n","protected":false},"featured_media":33556,"template":"","meta":{"_acf_changed":false},"product_cat":[443,442,468,408],"product_tag":[],"class_list":{"0":"post-34769","1":"product","2":"type-product","3":"status-publish","4":"has-post-thumbnail","6":"product_brand-made-in-vape-de","7":"product_cat-diy-de","8":"product_cat-hervorgehobene-produkte","9":"product_cat-konzentrate","10":"product_cat-lieferbar-innerhalb-von-24-stunden-de","12":"first","13":"instock","14":"taxable","15":"shipping-taxable","16":"purchasable","17":"product-type-simple"},"acf":[],"jetpack_sharing_enabled":true,"_links":{"self":[{"href":"https:\/\/vapotheque.ch\/de\/wp-json\/wp\/v2\/product\/34769","targetHints":{"allow":["GET"]}}],"collection":[{"href":"https:\/\/vapotheque.ch\/de\/wp-json\/wp\/v2\/product"}],"about":[{"href":"https:\/\/vapotheque.ch\/de\/wp-json\/wp\/v2\/types\/product"}],"wp:featuredmedia":[{"embeddable":true,"href":"https:\/\/vapotheque.ch\/de\/wp-json\/wp\/v2\/media\/33556"}],"wp:attachment":[{"href":"https:\/\/vapotheque.ch\/de\/wp-json\/wp\/v2\/media?parent=34769"}],"wp:term":[{"taxonomy":"product_cat","embeddable":true,"href":"https:\/\/vapotheque.ch\/de\/wp-json\/wp\/v2\/product_cat?post=34769"},{"taxonomy":"product_tag","embeddable":true,"href":"https:\/\/vapotheque.ch\/de\/wp-json\/wp\/v2\/product_tag?post=34769"}],"curies":[{"name":"wp","href":"https:\/\/api.w.org\/{rel}","templated":true}]}}