{"id":34760,"date":"2024-08-27T16:36:27","date_gmt":"2024-08-27T14:36:27","guid":{"rendered":"https:\/\/vapotheque.ch\/boutique\/made-in-vape-red-origin-konzentrat-30ml\/"},"modified":"2024-08-27T16:36:27","modified_gmt":"2024-08-27T14:36:27","slug":"made-in-vape-red-origin-konzentrat-30ml","status":"publish","type":"product","link":"https:\/\/vapotheque.ch\/de\/shop\/made-in-vape-red-origin-konzentrat-30ml\/","title":{"rendered":"Made In Vape &#8211; Red Origin Konzentrat 30ml"},"content":{"rendered":"<h2><strong>Made In Vape Red Origin 30ml Konzentrat: Die feurige Essenz einer furchtlosen Heldin<\/strong><\/h2>\n<p>  Tauchen Sie mit <strong>Red Origin<\/strong>, einer e-Liquid, die die Kraft und Leidenschaft einer furchtlosen Heldin verk\u00f6rpert, in das Herz der gl\u00fchenden <strong>Wut<\/strong> ein.<br \/>\nDiese k\u00fchne und fesselnde Mischung l\u00e4sst keinen Raum f\u00fcr Monotonie, jeder Zug l\u00e4sst Sie in ein Dampferlebnis eintauchen, das so intensiv ist wie die Kriegerin, die es inspiriert.   <\/p>\n<h3><strong>Eine explosive Mischung von Aromen<\/strong><\/h3>\n<p><strong>Red Origin<\/strong> ist eine Symphonie aus kr\u00e4ftigen und kontrastreichen Aromen.<br \/>\nLassen Sie sich zun\u00e4chst von der <strong>Leidenschaft der roten Fr\u00fcchte<\/strong> verf\u00fchren, einer Explosion von saftigen und s\u00fc\u00dfen Beeren, die Ihre Sinne schon beim ersten Atemzug wecken.<br \/>\nAber lassen Sie sich nicht t\u00e4uschen, diese S\u00fc\u00dfe wird schnell von der<strong>Intensit\u00e4t des Anis<\/strong> und der <strong>bet\u00f6renden Tiefe der Lakritze<\/strong> entz\u00fcndet, Noten, die dem Ganzen einen Hauch von Geheimnis und Komplexit\u00e4t verleihen.<br \/>\nUm das Ganze zu kr\u00f6nen, kommt am Ende des Dampfes eine <strong>belebende Frische<\/strong> hinzu, wie ein eisiger Wind auf einem gl\u00fchenden Feuer, die ein perfektes Gleichgewicht und ein Gef\u00fchl der Erneuerung bei jeder Inhalation bietet.     <\/p>\n<h3><strong>Die Seele von Red Origin<\/strong><\/h3>\n<p><strong>Red Origin<\/strong> ist nicht einfach nur eine e-Liquid, es ist die Essenz des <strong>Mutes<\/strong> und der <strong>brennenden Leidenschaft<\/strong> dieser furchtlosen Heldin.<br \/>\nJede Dampfwolke ist eine Hommage an ihre Entschlossenheit und innere St\u00e4rke, eine Flamme, die niemals erlischt. <strong>Red Origin<\/strong> ist ein Dampfer f\u00fcr diejenigen, die diese rohe Energie, das Gl\u00fchen, das in Ihnen brennt, sp\u00fcren wollen. <strong>Ein feuriges<\/strong> Dampferlebnis Mit dem <strong>Made In Vape Concentrate<\/strong> <strong>Red Origin 30ml<\/strong> machen Sie sich bereit f\u00fcr ein <strong>feuriges Dampferlebnis<\/strong>, das die Seele erw\u00e4rmt und die Sinne belebt.<br \/>\nDiese Mischung ist nichts f\u00fcr Sch\u00fcchterne; sie wurde f\u00fcr diejenigen entwickelt, die das Leben mit der gleichen Intensit\u00e4t umarmen, wie diese Heldin das Schlachtfeld in Flammen setzt. <strong>Atmen Sie tief ein<\/strong>, lassen Sie sich von dieser Welle hei\u00dfer Aromen mitrei\u00dfen und <strong>erleben<\/strong> Sie <strong>Red Origin<\/strong>.<br \/>\nDenn wenn Sie diese Kraft einmal gekostet haben, gibt es kein Zur\u00fcck mehr. &nbsp;<strong>ACHTUNG: Dieses Konzentrat ist nicht zum Dampfen geeignet, verd\u00fcnnen Sie es vor dem Gebrauch!<\/strong> Entdecken Sie die anderen Produkte der Marke <a href=\"\/marque\/made-in-vape\/\" target=\"_blank\" rel=\"noopener\">Made in Vape!<\/a> <a href=\"\/categorie\/diy\/concentre-diy\/\" target=\"_blank\" rel=\"noopener\">Hier<\/a> finden Sie alle unsere Konzentrate.    Erhalten Sie Rabatte oder die neuesten Informationen \u00fcber unsere Produkte, indem Sie uns auf unseren sozialen Netzwerken folgen: <a href=\"https:\/\/www.facebook.com\/VapeAigleCH\" target=\"_blank\" rel=\"noopener\">Facebook<\/a> oder <a href=\"https:\/\/www.instagram.com\/vapotheque\" target=\"_blank\" rel=\"noopener\">Instagram<\/a>.<\/p>\n","protected":false},"excerpt":{"rendered":"<p>Made In Vape Red Origin 30ml Konzentrat: Die feurige Essenz einer furchtlosen Heldin Tauchen Sie mit Red Origin, einer e-Liquid, die die Kraft und Leidenschaft einer furchtlosen Heldin verk\u00f6rpert, in das Herz der gl\u00fchenden Wut ein. Diese k\u00fchne und fesselnde Mischung l\u00e4sst keinen Raum f\u00fcr Monotonie, jeder Zug l\u00e4sst Sie in ein Dampferlebnis eintauchen, das [&hellip;]<\/p>\n","protected":false},"featured_media":33487,"template":"","meta":{"_acf_changed":false},"product_cat":[443,442,468,408],"product_tag":[],"class_list":{"0":"post-34760","1":"product","2":"type-product","3":"status-publish","4":"has-post-thumbnail","6":"product_brand-made-in-vape-de","7":"product_cat-diy-de","8":"product_cat-hervorgehobene-produkte","9":"product_cat-konzentrate","10":"product_cat-lieferbar-innerhalb-von-24-stunden-de","12":"first","13":"instock","14":"taxable","15":"shipping-taxable","16":"purchasable","17":"product-type-simple"},"acf":[],"jetpack_sharing_enabled":true,"_links":{"self":[{"href":"https:\/\/vapotheque.ch\/de\/wp-json\/wp\/v2\/product\/34760","targetHints":{"allow":["GET"]}}],"collection":[{"href":"https:\/\/vapotheque.ch\/de\/wp-json\/wp\/v2\/product"}],"about":[{"href":"https:\/\/vapotheque.ch\/de\/wp-json\/wp\/v2\/types\/product"}],"wp:featuredmedia":[{"embeddable":true,"href":"https:\/\/vapotheque.ch\/de\/wp-json\/wp\/v2\/media\/33487"}],"wp:attachment":[{"href":"https:\/\/vapotheque.ch\/de\/wp-json\/wp\/v2\/media?parent=34760"}],"wp:term":[{"taxonomy":"product_cat","embeddable":true,"href":"https:\/\/vapotheque.ch\/de\/wp-json\/wp\/v2\/product_cat?post=34760"},{"taxonomy":"product_tag","embeddable":true,"href":"https:\/\/vapotheque.ch\/de\/wp-json\/wp\/v2\/product_tag?post=34760"}],"curies":[{"name":"wp","href":"https:\/\/api.w.org\/{rel}","templated":true}]}}