{"id":34758,"date":"2024-08-27T16:22:08","date_gmt":"2024-08-27T14:22:08","guid":{"rendered":"https:\/\/vapotheque.ch\/boutique\/made-in-vape-proxima-blue-konzentrat-30ml\/"},"modified":"2024-08-27T16:22:08","modified_gmt":"2024-08-27T14:22:08","slug":"made-in-vape-proxima-blue-konzentrat-30ml","status":"publish","type":"product","link":"https:\/\/vapotheque.ch\/de\/shop\/made-in-vape-proxima-blue-konzentrat-30ml\/","title":{"rendered":"Made In Vape &#8211; Proxima Blue Konzentrat 30ml"},"content":{"rendered":"<h2><strong>Made In Vape Proxima Blue Konzentrat 30ml: Die bet\u00f6rende Kraft einer legend\u00e4ren Heldin<\/strong><\/h2>\n<p>  Tauchen Sie ein in die mystische Welt von <strong>Proxima Blue<\/strong>, der e-Liquid, die die au\u00dfergew\u00f6hnlichen Kr\u00e4fte einer legend\u00e4ren Heldin verk\u00f6rpert.<br \/>\n<strong>Proxima Blue<\/strong> bietet Ihnen nicht nur ein gew\u00f6hnliches Dampfen, sondern entf\u00fchrt Sie in eine Dimension, in der die Geschm\u00e4cker zu einem unvergesslichen Erlebnis verschmelzen.   <\/p>\n<h3><strong>Eine Fusion heroischer Aromen<\/strong><\/h3>\n<p>  Jede Inhalation von <strong>Proxima Blue<\/strong> enth\u00fcllt die perfekte Harmonie zwischen drei Geschmackskr\u00e4ften.<br \/>\nF\u00fchlen Sie die <strong>s\u00fc\u00dfe S\u00fc\u00dfe der Trauben<\/strong>, die Ihre Geschmacksknospen vom ersten Moment an verzaubern, gefolgt von der intensiven Explosion der <strong>Waldfr\u00fcchte<\/strong>, einer Symphonie aus wilden und reichen Noten, die Ihre Sinne wecken.<br \/>\nAber das ist noch nicht alles: Die belebende Frische von <strong>Bubble Gum<\/strong> kr\u00f6nt dieses Erlebnis und verleiht jedem Atemzug einen Hauch von Leichtigkeit und Nostalgie.    <\/p>\n<h3><strong>Das Wesen einer Heldin<\/strong><\/h3>\n<p>  Proxima Blue ist mehr als nur eine e-Liquid, es ist die Essenz der <strong>Kraft<\/strong> und <strong>St\u00e4rke<\/strong> dieser legend\u00e4ren Heldin.<br \/>\nSie verk\u00f6rpert Mut und K\u00fchnheit, Eigenschaften, die Sie in jedem Wirbelwind von vibrierenden und erfrischenden Aromen sp\u00fcren werden.<br \/>\nDiese Mischung l\u00e4sst keinen Platz f\u00fcr Langeweile und macht jedes Dampfen zu einem Abenteuer. <strong>Achtung, All Day in Sicht!<\/strong> Mit dem <strong>Made in Vape Proxima Blue 30ml Konzentrat<\/strong> bereiten Sie sich auf ein <strong>gewagtes D<\/strong> ampferlebnis vor, das Ihr neuer All Day werden k\u00f6nnte.<br \/>\nSeine ausgewogenen und dynamischen Aromen sind perfekt f\u00fcr ein kontinuierliches Dampfen, ohne dass Ihre Geschmacksknospen jemals m\u00fcde werden.<br \/>\nDiese Liquid ist ein treuer Begleiter f\u00fcr alle, die intensiven Genuss und Best\u00e4ndigkeit in ihrem t\u00e4glichen Dampfen kombinieren wollen. <strong>Dampfen Sie mit Proxima Blue<\/strong> und lassen Sie sich von den magischen Kr\u00e4ften dieser Heldin \u00fcberw\u00e4ltigen, die vor nichts zur\u00fcckschreckt, um ein au\u00dfergew\u00f6hnliches Dampferlebnis zu bieten. &nbsp;<strong>ACHTUNG: Dieses Konzentrat ist nicht zum Dampfen geeignet, verd\u00fcnnen Sie es vor dem Gebrauch!<\/strong> Entdecken Sie die anderen Produkte der Marke <a href=\"\/marque\/made-in-vape\/\" target=\"_blank\" rel=\"noopener\">Made in Vape!<\/a> <a href=\"\/categorie\/diy\/concentre-diy\/\" target=\"_blank\" rel=\"noopener\">Hier<\/a> finden Sie alle unsere Konzentrate.     Erhalten Sie Rabatte oder die neuesten Informationen \u00fcber unsere Produkte, indem Sie uns auf unseren sozialen Netzwerken folgen: <a href=\"https:\/\/www.facebook.com\/VapeAigleCH\" target=\"_blank\" rel=\"noopener\">Facebook<\/a> oder <a href=\"https:\/\/www.instagram.com\/vapotheque\" target=\"_blank\" rel=\"noopener\">Instagram<\/a>.<\/p>\n","protected":false},"excerpt":{"rendered":"<p>Made In Vape Proxima Blue Konzentrat 30ml: Die bet\u00f6rende Kraft einer legend\u00e4ren Heldin Tauchen Sie ein in die mystische Welt von Proxima Blue, der e-Liquid, die die au\u00dfergew\u00f6hnlichen Kr\u00e4fte einer legend\u00e4ren Heldin verk\u00f6rpert. Proxima Blue bietet Ihnen nicht nur ein gew\u00f6hnliches Dampfen, sondern entf\u00fchrt Sie in eine Dimension, in der die Geschm\u00e4cker zu einem unvergesslichen [&hellip;]<\/p>\n","protected":false},"featured_media":33483,"template":"","meta":{"_acf_changed":false},"product_cat":[443,442,468,408],"product_tag":[],"class_list":{"0":"post-34758","1":"product","2":"type-product","3":"status-publish","4":"has-post-thumbnail","6":"product_brand-made-in-vape-de","7":"product_cat-diy-de","8":"product_cat-hervorgehobene-produkte","9":"product_cat-konzentrate","10":"product_cat-lieferbar-innerhalb-von-24-stunden-de","12":"first","13":"instock","14":"taxable","15":"shipping-taxable","16":"purchasable","17":"product-type-simple"},"acf":[],"jetpack_sharing_enabled":true,"_links":{"self":[{"href":"https:\/\/vapotheque.ch\/de\/wp-json\/wp\/v2\/product\/34758","targetHints":{"allow":["GET"]}}],"collection":[{"href":"https:\/\/vapotheque.ch\/de\/wp-json\/wp\/v2\/product"}],"about":[{"href":"https:\/\/vapotheque.ch\/de\/wp-json\/wp\/v2\/types\/product"}],"wp:featuredmedia":[{"embeddable":true,"href":"https:\/\/vapotheque.ch\/de\/wp-json\/wp\/v2\/media\/33483"}],"wp:attachment":[{"href":"https:\/\/vapotheque.ch\/de\/wp-json\/wp\/v2\/media?parent=34758"}],"wp:term":[{"taxonomy":"product_cat","embeddable":true,"href":"https:\/\/vapotheque.ch\/de\/wp-json\/wp\/v2\/product_cat?post=34758"},{"taxonomy":"product_tag","embeddable":true,"href":"https:\/\/vapotheque.ch\/de\/wp-json\/wp\/v2\/product_tag?post=34758"}],"curies":[{"name":"wp","href":"https:\/\/api.w.org\/{rel}","templated":true}]}}