{"id":34752,"date":"2024-08-21T17:08:32","date_gmt":"2024-08-21T15:08:32","guid":{"rendered":"https:\/\/vapotheque.ch\/boutique\/don-cristo-don-cristo-patronen\/"},"modified":"2025-04-26T12:27:58","modified_gmt":"2025-04-26T10:27:58","slug":"don-cristo-don-cristo-patronen","status":"publish","type":"product","link":"https:\/\/vapotheque.ch\/de\/shop\/don-cristo-don-cristo-patronen\/","title":{"rendered":"Don Cristo &#8211; Don Cristo Patronen &#8211; Packung x2"},"content":{"rendered":"<h2>Don Cristo Don Cristo Patronen: Tauchen Sie ein in die raffinierte Welt der Don Cristo E-Liquids, die jetzt in Elfa-Akkupatronen erh\u00e4ltlich sind<\/h2>\n<p>Don Cristo E-Liquids sind viel mehr als nur ein Vape: Sie sind eine sensorische Reise durch komplexe und elegante Aromen, die von den Meistern der <strong>Handwerker von PGVG Labs<\/strong> in Kanada zusammengestellt wurden. Vergessen Sie die fruchtigen und frischen Banalit\u00e4ten, hier sprechen wir von einem Vape mit Charakter, Geschichte und einem Hauch von Rebellion. <\/p>\n<h3>Don Cristo Pudding: Die sanfte Revolution<\/h3>\n<p>Lassen Sie sich verf\u00fchren von der perfekten Verbindung zwischen einer charakterstarken kubanischen Zigarre und einer cremigen Vanillecreme. Jeder Zug ist eine Erkl\u00e4rung der Unabh\u00e4ngigkeit von der Monotonie herk\u00f6mmlicher E-Liquids. Es ist eine klassische Geschmacksrichtung, die durchaus eine Ode an den Weltfrieden sein k\u00f6nnte&#8230; Aber vor allem ist es ein verdammt guter Dampf. Die Zigarren-Vanille-Creme-Kombination l\u00e4sst Sahne hinter sich, Sie sind gewarnt!   <\/p>\n<h3>Don Cristo Original: Der Ursprung des Mythos<\/h3>\n<p>Hier ist die Legende, die Don Cristo an die Spitze der weltweiten Vape-Welt katapultierte. Der authentische kubanische Zigarrengeschmack, mit dem alles begann, ist jetzt in Elfa-Patronen erh\u00e4ltlich. Ein Vape-Hit, der Dir verstehen l\u00e4sst, warum dieser Klassiker der Ursprung eines echten Imperiums ist. Meine Damen und Herren, wenn Sie sich nur f\u00fcr eines entscheiden m\u00fcssten, w\u00e4re es dieses!   <\/p>\n<h3>Don Cristo Pistazie: Die Pistazie mit Schwung<\/h3>\n<p>Dachten Sie, dass die Pistazie nur ein Detail ist? Denken Sie noch einmal dar\u00fcber nach! In dieser Patrone transzendiert sie den unverwechselbaren kubanischen Zigarrengeschmack und verleiht ihm einen Hauch von Rundheit und unwiderstehlicher Gier. Diese s\u00fc\u00dfe und raffinierte Pistazie hinterl\u00e4sst keine Flecken: Sie erg\u00e4nzt die Zigarre mit einer Eleganz, die Sie sprachlos machen wird.     <strong>Widerstand ist zwecklos.<\/strong><\/p>\n<h3>Don Cristo Kaffee: Internationale Klasse<\/h3>\n<p>Eine kubanische Zigarre, ein kolumbianischer Kaffee und ein kanadisches E-Liquid&#8230; Was will man mehr? In diesen Don Cristo Coffee Kartuschen ist jeder Zug eine Einladung zum Dampfen mit den Erwachsenen. Lassen Sie sich von dieser subtilen Mischung aus Robustheit und Weichheit verf\u00fchren, die sich perfekt zum Genie\u00dfen den ganzen Tag eignet.    <strong>Die beste aller Welten, direkt in Ihrem Dampfen.<\/strong><\/p>\n<p>Warum sollten Sie Don Cristo f\u00fcr Ihre Elfa-Trommeln w\u00e4hlen?<\/p>\n<p>Denn Don Cristo ist nicht nur ein E-Liquid, es ist ein Erlebnis, ein geschmackliches Abenteuer, bei dem jeder Zug Sie an ferne Horizonte entf\u00fchrt, die reich an Tradition und Authentizit\u00e4t sind.<\/p>\n<p><strong>Sind Sie bereit, dem Club der Kenner beizutreten?<\/strong>  Diese Don Cristo Patronen f\u00fcr Elfa f\u00fcllen nicht nur Ihren Tank, sondern f\u00fcllen Ihren Tag mit unvergesslichen Aromen.<\/p>\n<p><strong>Die Packung enth\u00e4lt 2 <\/strong><strong>Nikotinpatronen mit 20 mg\/ml Nikotinsalzen!<\/strong><\/p>\n<\/p>\n<p>Entdecken Sie weitere Produkte der Marke <a href=\"..\/..\/marque\/pg-vg-labs\/\" target=\"_blank\" rel=\"noopener\">PG VG Labs!<\/a><\/p>\n<p>Erhalten Sie Rabatte oder die neuesten Informationen zu unseren Produkten, indem Sie uns in unseren sozialen Netzwerken folgen: <a href=\"https:\/\/www.facebook.com\/VapeAigleCH\" target=\"_blank\" rel=\"noopener\">Facebook<\/a> oder <a href=\"https:\/\/www.instagram.com\/vapotheque\" target=\"_blank\" rel=\"noopener\">Instagram<\/a>.<\/p>\n","protected":false},"excerpt":{"rendered":"<p>Don Cristo Don Cristo Patronen: Tauchen Sie ein in die raffinierte Welt der Don Cristo E-Liquids, die jetzt in Elfa-Akkupatronen erh\u00e4ltlich sind Don Cristo E-Liquids sind viel mehr als nur ein Vape: Sie sind eine sensorische Reise durch komplexe und elegante Aromen, die von den Meistern der Handwerker von PGVG Labs in Kanada zusammengestellt wurden. [&hellip;]<\/p>\n","protected":false},"featured_media":33190,"template":"","meta":{"_acf_changed":false},"product_cat":[405,442,408,453,466,469],"product_tag":[],"class_list":{"0":"post-34752","1":"product","2":"type-product","3":"status-publish","4":"has-post-thumbnail","6":"product_cat-e-liquids","7":"product_cat-hervorgehobene-produkte","8":"product_cat-lieferbar-innerhalb-von-24-stunden-de","9":"product_cat-pods-de","10":"product_cat-puff-einweg-vapes","11":"product_cat-zubehor-pods","13":"first","14":"instock","15":"taxable","16":"shipping-taxable","17":"purchasable","18":"product-type-variable"},"acf":[],"jetpack_sharing_enabled":true,"_links":{"self":[{"href":"https:\/\/vapotheque.ch\/de\/wp-json\/wp\/v2\/product\/34752","targetHints":{"allow":["GET"]}}],"collection":[{"href":"https:\/\/vapotheque.ch\/de\/wp-json\/wp\/v2\/product"}],"about":[{"href":"https:\/\/vapotheque.ch\/de\/wp-json\/wp\/v2\/types\/product"}],"wp:featuredmedia":[{"embeddable":true,"href":"https:\/\/vapotheque.ch\/de\/wp-json\/wp\/v2\/media\/33190"}],"wp:attachment":[{"href":"https:\/\/vapotheque.ch\/de\/wp-json\/wp\/v2\/media?parent=34752"}],"wp:term":[{"taxonomy":"product_cat","embeddable":true,"href":"https:\/\/vapotheque.ch\/de\/wp-json\/wp\/v2\/product_cat?post=34752"},{"taxonomy":"product_tag","embeddable":true,"href":"https:\/\/vapotheque.ch\/de\/wp-json\/wp\/v2\/product_tag?post=34752"}],"curies":[{"name":"wp","href":"https:\/\/api.w.org\/{rel}","templated":true}]}}