{"id":34738,"date":"2024-09-30T11:46:28","date_gmt":"2024-09-30T09:46:28","guid":{"rendered":"https:\/\/vapotheque.ch\/boutique\/le-petit-verger-veilchen-heidelbeere-frisch-e-liquide\/"},"modified":"2025-12-17T14:33:50","modified_gmt":"2025-12-17T13:33:50","slug":"le-petit-verger-veilchen-heidelbeere-frisch-e-liquide","status":"publish","type":"product","link":"https:\/\/vapotheque.ch\/de\/shop\/le-petit-verger-veilchen-heidelbeere-frisch-e-liquide\/","title":{"rendered":"Le Petit Verger \u2013 Violette Heidelbeere Frisch E-Liquid 50 ml \/ 70 ml"},"content":{"rendered":"<h2><strong>Le Petit Verger Violette Heidelbeere Frisch E-Liquid: Ein blumiger und fruchtiger Tanz!<\/strong><\/h2>\n<p>Lassen Sie sich von <strong>Le Petit Verger Violette Bilberry Frais E-Liquide<\/strong> verzaubern, einer Symphonie der Aromen, die Ihre Sinne weckt und Sie in einen \u00fcppigen Garten entf\u00fchrt! Stellen Sie sich die saftige S\u00fc\u00dfe von Blaubeeren vor, handgepfl\u00fcckt, die wunderbar mit der floralen Zartheit der Veilchen harmonieren. Es ist wie ein Fr\u00fchlingsspaziergang, bei dem jeder Zug eine neue Note subtil dosierter Frische offenbart und einen in ein Gef\u00fchl h\u00fcllt, das sowohl raffiniert als auch belebend ist.  <\/p>\n<p>Diese exquisite Mischung l\u00e4dt Sie zu einem einzigartigen Geschmackserlebnis ein: Blaubeere, mit ihrem milden und s\u00fc\u00dfen Geschmack, vermischt sich mit den blumigen Aromen von Veilchen und bildet ein perfekt ausgewogenes Duo. Wie eine leichte Ber\u00fchrung entf\u00fchrt dich jede Einatmung in eine Welt voller Freuden, in der die Natur sich in all ihrer Pracht ausdr\u00fcckt. <\/p>\n<p>Mit Liebe in Frankreich hergestellt, kommt dieses E-Liquid in einer <strong>70-ml-Flasche<\/strong> mit verst\u00e4rkten Aromen und sorgt bei jedem Zug f\u00fcr eine Explosion der Aromen. Mit einer <strong>PG\/VG-Dosierung von 50\/50<\/strong> kannst du gro\u00dfz\u00fcgigen Dampf genie\u00dfen und gleichzeitig die Reichhaltigkeit der Aromen genie\u00dfen. <\/p>\n<p>Egal, ob Sie einen Moment der S\u00fc\u00dfe oder einen Hauch Frische suchen, <strong>Le Petit Verger Violette Bilberry Fresh E-Liquid<\/strong> ist die perfekte Wahl, um Ihre Vape-Pausen aufzuhellen. Machen Sie sich bereit, in ein florales und fruchtiges Geschmackserlebnis einzutauchen, das Ihre Geschmacksknospen vor Gl\u00fcck tanzen l\u00e4sst! <\/p>\n<\/p>\n<p>Wichtig: E-Liquid in 50-ml-Geschmacksrichtungen, verkauft in einer 70-ml-Flasche.<\/p>\n<p class=\"class-fabrication\">Hergestellt in Frankreich; PG\/VG-Verh\u00e4ltnis: 50 % \/ 50 %. Passt sich an jede Art von Material an.<\/p>\n<\/p>\n<p>Entdecken Sie die anderen Produkte der Marke <a href=\"..\/..\/marque\/savourea\/\" target=\"_blank\" rel=\"noopener\">Savourea<\/a>.<\/p>\n<p>Erhalten Sie Rabatte oder die neuesten Informationen zu unseren Produkten, indem Sie uns in unseren sozialen Netzwerken folgen: <a href=\"https:\/\/www.facebook.com\/VapeAigleCH\" target=\"_blank\" rel=\"noopener\">Facebook<\/a> oder <a href=\"https:\/\/www.instagram.com\/vapotheque\" target=\"_blank\" rel=\"noopener\">Instagram<\/a>.<\/p>\n","protected":false},"excerpt":{"rendered":"<p>Le Petit Verger Violette Heidelbeere Frisch E-Liquid: Ein blumiger und fruchtiger Tanz! Lassen Sie sich von Le Petit Verger Violette Bilberry Frais E-Liquide verzaubern, einer Symphonie der Aromen, die Ihre Sinne weckt und Sie in einen \u00fcppigen Garten entf\u00fchrt! Stellen Sie sich die saftige S\u00fc\u00dfe von Blaubeeren vor, handgepfl\u00fcckt, die wunderbar mit der floralen Zartheit [&hellip;]<\/p>\n","protected":false},"featured_media":34478,"template":"","meta":{"_acf_changed":false},"product_cat":[405,404,442,408,1686,1977,1679],"product_tag":[],"class_list":{"0":"post-34738","1":"product","2":"type-product","3":"status-publish","4":"has-post-thumbnail","6":"product_brand-savourea-de","7":"product_cat-e-liquids","8":"product_cat-fruchtig","9":"product_cat-hervorgehobene-produkte","10":"product_cat-lieferbar-innerhalb-von-24-stunden-de","11":"product_cat-50-ml-fur-70-ml","12":"product_cat-lagerraeumung","13":"product_cat-menge-e-flussigkeit-kapazitat-flasche","15":"first","16":"instock","17":"sale","18":"taxable","19":"shipping-taxable","20":"purchasable","21":"product-type-simple"},"acf":[],"jetpack_sharing_enabled":true,"_links":{"self":[{"href":"https:\/\/vapotheque.ch\/de\/wp-json\/wp\/v2\/product\/34738","targetHints":{"allow":["GET"]}}],"collection":[{"href":"https:\/\/vapotheque.ch\/de\/wp-json\/wp\/v2\/product"}],"about":[{"href":"https:\/\/vapotheque.ch\/de\/wp-json\/wp\/v2\/types\/product"}],"wp:featuredmedia":[{"embeddable":true,"href":"https:\/\/vapotheque.ch\/de\/wp-json\/wp\/v2\/media\/34478"}],"wp:attachment":[{"href":"https:\/\/vapotheque.ch\/de\/wp-json\/wp\/v2\/media?parent=34738"}],"wp:term":[{"taxonomy":"product_cat","embeddable":true,"href":"https:\/\/vapotheque.ch\/de\/wp-json\/wp\/v2\/product_cat?post=34738"},{"taxonomy":"product_tag","embeddable":true,"href":"https:\/\/vapotheque.ch\/de\/wp-json\/wp\/v2\/product_tag?post=34738"}],"curies":[{"name":"wp","href":"https:\/\/api.w.org\/{rel}","templated":true}]}}