{"id":34737,"date":"2024-09-30T15:30:57","date_gmt":"2024-09-30T13:30:57","guid":{"rendered":"https:\/\/vapotheque.ch\/boutique\/terror-train-strawberry-corn-stick-e-liquide\/"},"modified":"2024-12-04T09:56:19","modified_gmt":"2024-12-04T08:56:19","slug":"terror-train-strawberry-corn-stick-e-liquide","status":"publish","type":"product","link":"https:\/\/vapotheque.ch\/de\/shop\/terror-train-strawberry-corn-stick-e-liquide\/","title":{"rendered":"Terror Train &#8211; Strawberry Corn Stick 25 \/ 75 ML E-Liquid"},"content":{"rendered":"<h2><strong>Terror Train Strawberry Corn Stick E-Liquid : Der fruchtige Knacker, der auff\u00e4llt<\/strong> \ud83c\udf53\ud83c\udf3d.<\/h2>\n<p>Machen Sie sich bereit f\u00fcr ein \u00fcberraschendes und k\u00f6stliches Dampferlebnis mit unserem <strong>Terror Train Strawberry Corn Stick E-Liquid<\/strong>! Stellen Sie sich die perfekte Kombination aus der s\u00fc\u00dfen S\u00fc\u00dfe reifer Erdbeeren und der weichen, aber knackigen Textur klassischer Cornsticks vor. Es ist ein Geschmacksabenteuer, das Ihnen die M\u00f6glichkeit gibt, S\u00fc\u00dfigkeiten auf eine neue Art und Weise zu entdecken, mit diesem knusprigen Twist, der f\u00fcr einen unwiderstehlichen Hauch von Originalit\u00e4t sorgt! Schon bei der ersten Inhalation wird Ihr Gaumen von einer fruchtigen Geschmacksexplosion \u00fcberw\u00e4ltigt. Die saftige und duftende Erdbeere wickelt sich sanft um die knusprigen Noten der Maisst\u00e4bchen und schafft so ein s\u00fc\u00dfes und gleichzeitig tr\u00f6stliches Gef\u00fchl. Dieses unerwartete Duo harmoniert perfekt und bietet einen Gourmet-Dampf, der an die Kindheit und den Genuss von kleinen Leckereien erinnert. Mit dem <strong>Terror Train Strawberry Corn Stick E-Liquide<\/strong> tauchen Sie ein in ein lustiges und ausgefallenes Dampfen, das keinem anderen gleicht. Ein Zug und Sie sind s\u00fcchtig nach dieser knusprigen S\u00fc\u00dfigkeit, die perfekt ist, um die Liebhaber origineller Sensationen zu begeistern! \ud83c\udf89\ud83c\udf00 <\/p>\n<p><strong>ACHTUNG: Dieses Produkt ist ein konzentriertes Aroma von 25 ml, das vor Gebrauch verd\u00fcnnt werden muss!<\/strong><\/p>\n<p>&nbsp;<\/p>\n<h3><\/h3>\n<h3>Hilfe beim Boosten Ihres Terror Train Strawberry Corn Stick E-Liquide :<\/h3>\n<p>Wenn Sie Ihren Straberry Corn Stick erhalten, m\u00fcssen Sie ihn mit den <a href=\"https:\/\/vapotheque.ch\/de\/kategorie\/diy-de\/boosters-diy-de\/\"><strong>Nikotin-Booster<\/strong><\/a> (falls erforderlich) und die <strong><a href=\"https:\/\/vapotheque.ch\/de\/shop\/vapor-flavour-basis-30pg-70vg\/\">PG\/VG-Base<\/a><\/strong> bevor Sie ihn dampfen k\u00f6nnen. Die Flasche, die Sie erhalten, ist mit <strong>25 ml konzentriertem Aroma<\/strong> gef\u00fcllt. In dieser Reihenfolge m\u00fcssen Sie <strong>zuerst die<\/strong> ben\u00f6tigten <strong>Nikotinbooster<\/strong> <strong>und dann die PG\/VG-Basis<\/strong> hinzuf\u00fcgen, um die Flasche zu f\u00fcllen. Um Ihnen zu helfen, die Anzahl der <a href=\"https:\/\/vapotheque.ch\/de\/kategorie\/diy-de\/boosters-diy-de\/\"><strong>Nikotin-Boostern zu helfen.<\/strong><\/a> und der Menge an Glukose <strong><a href=\"https:\/\/vapotheque.ch\/de\/shop\/vapor-flavour-basis-30pg-70vg\/\">PG\/VG-Basis<\/a><\/strong> Nachfolgend finden Sie einige Beispiele: <\/p>\n<ul>\n<li>F\u00fcr 3 mg \/ ml Nikotin m\u00fcssen Sie 1x bestellen. <a href=\"https:\/\/vapotheque.ch\/de\/kategorie\/diy-de\/boosters-diy-de\/\"><strong>Nikotin-Booster<\/strong><\/a> und 1x 100 ML Nikotin. <strong><a href=\"https:\/\/vapotheque.ch\/de\/shop\/vapor-flavour-basis-30pg-70vg\/\">Basis 30 PG \/ 70 VG<\/a><\/strong>. F\u00fcllen Sie den Booster in die E-Liquid-Flasche und f\u00fcllen Sie diese mit der PG\/VG\/VG-Basis auf. <\/li>\n<li>F\u00fcr 6 mg \/ ml Nikotin m\u00fcssen Sie 2x bestellen. <a href=\"https:\/\/vapotheque.ch\/de\/kategorie\/diy-de\/boosters-diy-de\/\"><strong>Nikotin-Booster<\/strong><\/a> und 1x 100 ML Nikotin. <strong><a href=\"https:\/\/vapotheque.ch\/de\/shop\/vapor-flavour-basis-30pg-70vg\/\">Basis 30 PG \/ 70 VG bestellen.<\/a><\/strong>. Geben Sie den Booster in die E-Liquid-Flasche und f\u00fcllen Sie die Flasche mit der Basis PG \/ VG \/ VG auf. <\/li>\n<li>F\u00fcr 9 mg \/ ml m\u00fcssen Sie 3x bestellen. <a href=\"https:\/\/vapotheque.ch\/de\/kategorie\/diy-de\/boosters-diy-de\/\"><strong>Nikotin-Booster<\/strong><\/a> und 1x 100 ML von <strong><a href=\"https:\/\/vapotheque.ch\/de\/shop\/vapor-flavour-basis-30pg-70vg\/\">Basis 30 PG \/ 70 VG bestellen.<\/a><\/strong>. Geben Sie den Booster in die E-Liquid-Flasche und f\u00fcllen Sie diese mit der Basis PG \/ VG \/ VG auf. <\/li>\n<\/ul>\n<p><strong>So geht es weiter, bis das maximale Volumen der Flasche erreicht ist.<\/strong><\/p>\n<p><strong>Sollte nach dem Ausf\u00fcllen der Flasche noch etwas Basis vorhanden sein, bewahren Sie diese bitte dunkel und bei Raumtemperatur auf. Sie k\u00f6nnen sie bei Ihrer n\u00e4chsten Bestellung verwenden. <\/strong><\/p>\n<p>&nbsp;<\/p>\n<p><strong>Wichtig:<\/strong> Liquid mit Aromastoffen, verkauft in einer 75 ml-Flasche.<\/p>\n<p class=\"class-fabrication\">Hergestellt in Griechenland; Dosierung: 100 % PG.<\/p>\n<p>Entdecken Sie weitere Produkte der Marke  <a href=\"https:\/\/vapotheque.ch\/de\/marque\/steam-train-de\/\" target=\"_blank\" rel=\"noopener\">Steam Train<\/a>.<\/p>\n<p>Erhalten Sie Rabatte oder die neuesten Informationen \u00fcber den Steam Train, indem Sie uns auf <a href=\"https:\/\/www.facebook.com\/VapeAigleCH\" target=\"_blank\" rel=\"noopener\">Facebook<\/a> oder <a href=\"https:\/\/www.instagram.com\/vapotheque\" target=\"_blank\" rel=\"noopener\">Instagram<\/a> folgen.<\/p>\n","protected":false},"excerpt":{"rendered":"<p><strong>Wie Sie die Booster richtig zu Ihrem Produkt hinzuf\u00fcgen, erfahren Sie in der nachfolgenden Beschreibung.<\/strong><\/p>\n","protected":false},"featured_media":34509,"template":"","meta":{"_acf_changed":false},"product_cat":[405,397,442,408,1683,1679],"product_tag":[],"class_list":{"0":"post-34737","1":"product","2":"type-product","3":"status-publish","4":"has-post-thumbnail","6":"product_brand-steam-train-de","7":"product_cat-e-liquids","8":"product_cat-gourmands-de","9":"product_cat-hervorgehobene-produkte","10":"product_cat-lieferbar-innerhalb-von-24-stunden-de","11":"product_cat-25-ml-fuer-75-ml","12":"product_cat-menge-e-flussigkeit-kapazitat-flasche","14":"first","15":"instock","16":"taxable","17":"shipping-taxable","18":"purchasable","19":"product-type-simple"},"acf":[],"jetpack_sharing_enabled":true,"_links":{"self":[{"href":"https:\/\/vapotheque.ch\/de\/wp-json\/wp\/v2\/product\/34737","targetHints":{"allow":["GET"]}}],"collection":[{"href":"https:\/\/vapotheque.ch\/de\/wp-json\/wp\/v2\/product"}],"about":[{"href":"https:\/\/vapotheque.ch\/de\/wp-json\/wp\/v2\/types\/product"}],"wp:featuredmedia":[{"embeddable":true,"href":"https:\/\/vapotheque.ch\/de\/wp-json\/wp\/v2\/media\/34509"}],"wp:attachment":[{"href":"https:\/\/vapotheque.ch\/de\/wp-json\/wp\/v2\/media?parent=34737"}],"wp:term":[{"taxonomy":"product_cat","embeddable":true,"href":"https:\/\/vapotheque.ch\/de\/wp-json\/wp\/v2\/product_cat?post=34737"},{"taxonomy":"product_tag","embeddable":true,"href":"https:\/\/vapotheque.ch\/de\/wp-json\/wp\/v2\/product_tag?post=34737"}],"curies":[{"name":"wp","href":"https:\/\/api.w.org\/{rel}","templated":true}]}}