{"id":34736,"date":"2024-09-30T11:37:40","date_gmt":"2024-09-30T09:37:40","guid":{"rendered":"https:\/\/vapotheque.ch\/boutique\/le-petit-verger-blaue-himbeere-zitronenminze-frisch-e-liquide\/"},"modified":"2025-12-17T14:34:54","modified_gmt":"2025-12-17T13:34:54","slug":"le-petit-verger-blaue-himbeere-zitronenminze-frisch-e-liquide","status":"publish","type":"product","link":"https:\/\/vapotheque.ch\/de\/shop\/le-petit-verger-blaue-himbeere-zitronenminze-frisch-e-liquide\/","title":{"rendered":"Le Petit Verger \u2013 Blauer Himbeer Frische Zitronen-Minze E-Liquid 50 ml \/ 70 ml"},"content":{"rendered":"<h2><strong>Le Petit Verger Blaue Himbeere Zitronenminze Frisches E-Liquid: Ein strahlendes Duo f\u00fcr Liebhaber von Frische!<\/strong><\/h2>\n<p>Machen Sie sich bereit f\u00fcr einen Wirbelsturm an Empfindungen mit <strong>Le Petit Verger Blue Raspberry Lemon Mint Fresh E-Liquid<\/strong> ! Diese k\u00fchne Kreation verbindet die berauschende S\u00fc\u00dfe der blauen Himbeere, mit ihren s\u00fc\u00dfen und leicht s\u00e4uerlichen Noten, mit der spritzigen Frische von Zitronenminze. Es ist eine echte Kombination von Geschmacksrichtungen, die auf Ihrem Gaumen erwacht, wie ein Festival fruchtiger Farben unter der Sommersonne! <\/p>\n<p>Stellen Sie sich vor, Sie genie\u00dfen eine saftige blaue Himbeere, deren \u00fcppiger Geschmack im Mund explodiert, w\u00e4hrend Zitronenminze eine s\u00e4uerliche Lebendigkeit verleiht, die jedem Zug einen erfrischenden Kick verleiht. Die Kombination ist einfach unwiderstehlich und verwandelt jeden Zug in ein euphorisches Vape-Erlebnis, das deine Sinne erhellt, und obendrein verst\u00e4rkt eine frische Note die Mischung, die ein belebendes Gef\u00fchl erzeugt, das dich bei jedem Zug &#8220;Wow!&#8221; sagen l\u00e4sst.  <\/p>\n<p>Mit Leidenschaft in Frankreich hergestellt, wird dieses E-Liquid in einer <strong>70-ml-Flasche<\/strong> mit verst\u00e4rkten Aromen angeboten, sodass Sie Ihr Erlebnis personalisieren k\u00f6nnen. Mit einer <strong>PG\/VG-Dosierung von 50\/50<\/strong> bietet es die perfekte Balance aus reichem Dampf und kr\u00e4ftigen Aromen. <\/p>\n<p>Alors, que vous soyez \u00e0 la recherche d&#8217;une escapade fruit\u00e9e ou d&#8217;une explosion de fra\u00eecheur, <strong>Le Petit Verger Framboise Bleue Menthe Citronn\u00e9e Frais E-Liquide<\/strong> est le compagnon id\u00e9al pour vos moments de vape. Pr\u00e9parez-vous \u00e0 vivre une aventure gustative vibrante, qui saura r\u00e9veiller vos papilles et rafra\u00eechir vos journ\u00e9es ! <\/p>\n<\/p>\n<p>Wichtig: E-Liquid in 50-ml-Geschmacksrichtungen, verkauft in einer 70-ml-Flasche.<\/p>\n<p class=\"class-fabrication\">Hergestellt in Frankreich; PG\/VG-Verh\u00e4ltnis: 50 % \/ 50 %. Passt sich an jede Art von Material an.<\/p>\n<\/p>\n<p>Entdecken Sie die anderen Produkte der Marke <a href=\"..\/..\/marque\/savourea\/\" target=\"_blank\" rel=\"noopener\">Savourea<\/a>.<\/p>\n<p>Erhalten Sie Rabatte oder die neuesten Informationen zu unseren Produkten, indem Sie uns in unseren sozialen Netzwerken folgen: <a href=\"https:\/\/www.facebook.com\/VapeAigleCH\" target=\"_blank\" rel=\"noopener\">Facebook<\/a> oder <a href=\"https:\/\/www.instagram.com\/vapotheque\" target=\"_blank\" rel=\"noopener\">Instagram<\/a>.<\/p>\n","protected":false},"excerpt":{"rendered":"<p>Le Petit Verger Blaue Himbeere Zitronenminze Frisches E-Liquid: Ein strahlendes Duo f\u00fcr Liebhaber von Frische! Machen Sie sich bereit f\u00fcr einen Wirbelsturm an Empfindungen mit Le Petit Verger Blue Raspberry Lemon Mint Fresh E-Liquid ! Diese k\u00fchne Kreation verbindet die berauschende S\u00fc\u00dfe der blauen Himbeere, mit ihren s\u00fc\u00dfen und leicht s\u00e4uerlichen Noten, mit der spritzigen [&hellip;]<\/p>\n","protected":false},"featured_media":34474,"template":"","meta":{"_acf_changed":false},"product_cat":[405,404,442,408,1686,1977,1679],"product_tag":[],"class_list":{"0":"post-34736","1":"product","2":"type-product","3":"status-publish","4":"has-post-thumbnail","6":"product_brand-savourea-de","7":"product_cat-e-liquids","8":"product_cat-fruchtig","9":"product_cat-hervorgehobene-produkte","10":"product_cat-lieferbar-innerhalb-von-24-stunden-de","11":"product_cat-50-ml-fur-70-ml","12":"product_cat-lagerraeumung","13":"product_cat-menge-e-flussigkeit-kapazitat-flasche","15":"first","16":"instock","17":"sale","18":"taxable","19":"shipping-taxable","20":"purchasable","21":"product-type-simple"},"acf":[],"jetpack_sharing_enabled":true,"_links":{"self":[{"href":"https:\/\/vapotheque.ch\/de\/wp-json\/wp\/v2\/product\/34736","targetHints":{"allow":["GET"]}}],"collection":[{"href":"https:\/\/vapotheque.ch\/de\/wp-json\/wp\/v2\/product"}],"about":[{"href":"https:\/\/vapotheque.ch\/de\/wp-json\/wp\/v2\/types\/product"}],"wp:featuredmedia":[{"embeddable":true,"href":"https:\/\/vapotheque.ch\/de\/wp-json\/wp\/v2\/media\/34474"}],"wp:attachment":[{"href":"https:\/\/vapotheque.ch\/de\/wp-json\/wp\/v2\/media?parent=34736"}],"wp:term":[{"taxonomy":"product_cat","embeddable":true,"href":"https:\/\/vapotheque.ch\/de\/wp-json\/wp\/v2\/product_cat?post=34736"},{"taxonomy":"product_tag","embeddable":true,"href":"https:\/\/vapotheque.ch\/de\/wp-json\/wp\/v2\/product_tag?post=34736"}],"curies":[{"name":"wp","href":"https:\/\/api.w.org\/{rel}","templated":true}]}}