{"id":34735,"date":"2024-09-30T10:26:31","date_gmt":"2024-09-30T08:26:31","guid":{"rendered":"https:\/\/vapotheque.ch\/boutique\/protect-4-jahreszeiten-herbst-gebraut-aprikose-pfirsich-e-liquid\/"},"modified":"2024-10-04T12:17:03","modified_gmt":"2024-10-04T10:17:03","slug":"protect-4-jahreszeiten-herbst-gebraut-aprikose-pfirsich-e-liquid","status":"publish","type":"product","link":"https:\/\/vapotheque.ch\/de\/shop\/protect-4-jahreszeiten-herbst-gebraut-aprikose-pfirsich-e-liquid\/","title":{"rendered":"Protect &#8211; 4 Jahreszeiten Herbst &#8211; Gebraut Aprikose Pfirsich E-Liquid"},"content":{"rendered":"<h2><strong>Protect 4 Jahreszeiten Herbst &#8211; Gebrannte Aprikose Pfirsich E-Liquid : Der fruchtige Genuss des Herbstes  <\/strong><\/h2>\n<p>  Erliegen Sie dem <strong>Protect Les 4 Saisons Automne &#8211; Brass\u00e9 Abricot P\u00eache E-Liquide<\/strong>! Stellen Sie sich die Cremigkeit eines ger\u00fchrten Joghurts vor, der sich mit der sonnigen S\u00fc\u00dfe von Aprikose und Pfirsich vermischt, f\u00fcr ein Dampfen, das so beruhigend ist wie ein hausgemachtes Dessert.<br \/>\nEin fruchtiges, cremiges und herrlich s\u00fcchtig machendes Erlebnis, das bei jedem Zug einen Hauch von Gourmet verleiht!<br \/>\nMit einer 100% pflanzlichen Basis und einem MPGV\/VG-Verh\u00e4ltnis von 40\/60 ist dieses Liquid ideal f\u00fcr RDL, DTL oder einen leicht offenen MTL-Zug (unter 0,8 Ohm).<br \/>\nOb Sie nun die S\u00fc\u00dfe des Sommers verl\u00e4ngern oder Ihrem Herbst einen Hauch von Leckereien hinzuf\u00fcgen m\u00f6chten, Brass\u00e9 Aprikose Pfirsich ist genau das Richtige f\u00fcr Sie!<br \/>\nEr ist in einem 50 ml Shortfill-Format erh\u00e4ltlich, nikotinfrei und bereit zum Boosten. Er ist in einem 75 ml Fl\u00e4schchen verpackt und bietet Ihnen die M\u00f6glichkeit, bis zu zwei Nikotinbooster (nicht enthalten) hinzuzuf\u00fcgen.<br \/>\nDank der \u00fcberdosierten Formel mit Aromen bleibt der Geschmack auch nach dem Hinzuf\u00fcgen der Booster intensiv.       <strong>Geben Sie 1 Booster hinzu, um etwa 3 mg\/ml Nikotin zu erhalten.<\/strong><br \/>\n<strong>Geben Sie 2 Booster hinzu, um etwa 6 mg\/ml Nikotin zu erreichen.<\/strong>  F\u00fcr diejenigen, die ein nikotinfreies Dampfen bevorzugen, k\u00f6nnen Sie dieses Liquid mit seinen geboosterten Aromen genie\u00dfen oder es leicht mit einer PG\/VG-Basis verd\u00fcnnen.<br \/>\n<strong>Kleiner Tipp: Verwenden Sie nicht mehr als zwei Booster oder 20 ml Basisfl\u00fcssigkeit, um den Reichtum der Aromen zu erhalten!<\/strong> Mit dem <strong>Protect Les 4 Saisons Automne &#8211; Brass\u00e9 Aprikose Pfirsich E-Liquid<\/strong> ist jeder Zug wie ein L\u00f6ffel fruchtiges Dessert: reich, s\u00fc\u00df und einfach unwiderstehlich!   &nbsp;<\/p>\n<p class=\"class-fabrication\"><span style=\"vertical-align: inherit;\">Hergestellt in Frankreich; PG\/VG-Verh\u00e4ltnis: 40% \/ 60%.<br \/>\nPasst in alle Arten von Ger\u00e4ten. <\/span><\/p>\n<p>&nbsp;  Sehen Sie sich weitere Produkte der Marke <a href=\"\/marque\/protect\/\" target=\"_blank\" rel=\"noopener\">Protect<\/a> an. Erhalten Sie Rabatte oder die neuesten Informationen \u00fcber unsere Produkte, indem Sie uns auf unseren sozialen Netzwerken folgen: <a href=\"https:\/\/www.facebook.com\/VapeAigleCH\" target=\"_blank\" rel=\"noopener\">Facebook<\/a> oder <a href=\"https:\/\/www.instagram.com\/vapotheque\" target=\"_blank\" rel=\"noopener\">Instagram<\/a>.<\/p>\n","protected":false},"excerpt":{"rendered":"<p>Protect 4 Jahreszeiten Herbst &#8211; Gebrannte Aprikose Pfirsich E-Liquid : Der fruchtige Genuss des Herbstes Erliegen Sie dem Protect Les 4 Saisons Automne &#8211; Brass\u00e9 Abricot P\u00eache E-Liquide! Stellen Sie sich die Cremigkeit eines ger\u00fchrten Joghurts vor, der sich mit der sonnigen S\u00fc\u00dfe von Aprikose und Pfirsich vermischt, f\u00fcr ein Dampfen, das so beruhigend ist [&hellip;]<\/p>\n","protected":false},"featured_media":47656,"template":"","meta":{"_acf_changed":false},"product_cat":[405,397,442,408,1686,1679],"product_tag":[],"class_list":{"0":"post-34735","1":"product","2":"type-product","3":"status-publish","4":"has-post-thumbnail","6":"product_cat-e-liquids","7":"product_cat-gourmands-de","8":"product_cat-hervorgehobene-produkte","9":"product_cat-lieferbar-innerhalb-von-24-stunden-de","10":"product_cat-50-ml-fur-70-ml","11":"product_cat-menge-e-flussigkeit-kapazitat-flasche","13":"first","14":"instock","15":"taxable","16":"shipping-taxable","17":"purchasable","18":"product-type-simple"},"acf":[],"jetpack_sharing_enabled":true,"_links":{"self":[{"href":"https:\/\/vapotheque.ch\/de\/wp-json\/wp\/v2\/product\/34735","targetHints":{"allow":["GET"]}}],"collection":[{"href":"https:\/\/vapotheque.ch\/de\/wp-json\/wp\/v2\/product"}],"about":[{"href":"https:\/\/vapotheque.ch\/de\/wp-json\/wp\/v2\/types\/product"}],"wp:featuredmedia":[{"embeddable":true,"href":"https:\/\/vapotheque.ch\/de\/wp-json\/wp\/v2\/media\/47656"}],"wp:attachment":[{"href":"https:\/\/vapotheque.ch\/de\/wp-json\/wp\/v2\/media?parent=34735"}],"wp:term":[{"taxonomy":"product_cat","embeddable":true,"href":"https:\/\/vapotheque.ch\/de\/wp-json\/wp\/v2\/product_cat?post=34735"},{"taxonomy":"product_tag","embeddable":true,"href":"https:\/\/vapotheque.ch\/de\/wp-json\/wp\/v2\/product_tag?post=34735"}],"curies":[{"name":"wp","href":"https:\/\/api.w.org\/{rel}","templated":true}]}}