{"id":34732,"date":"2024-09-30T11:22:33","date_gmt":"2024-09-30T09:22:33","guid":{"rendered":"https:\/\/vapotheque.ch\/boutique\/le-petit-verger-erdbeere-kaktusfeige-frisch-e-liquid\/"},"modified":"2025-12-17T14:37:50","modified_gmt":"2025-12-17T13:37:50","slug":"le-petit-verger-erdbeere-kaktusfeige-frisch-e-liquid","status":"publish","type":"product","link":"https:\/\/vapotheque.ch\/de\/shop\/le-petit-verger-erdbeere-kaktusfeige-frisch-e-liquid\/","title":{"rendered":"Le Petit Verger \u2013 Erdbeer-Faktusfeigenkaktus frisches E-Liquid 50 ml \/ 70 ml"},"content":{"rendered":"<p><strong>Le Petit Verger Strawberry Prickly Pear Fresh E-Liquid: Der wilde und k\u00f6stlich \u00fcberraschende Cocktail<\/strong><\/p>\n<p>Le Petit Verger nimmt Sie mit auf ein neues fruchtiges Abenteuer mit seinem <strong>Le Petit Verger Strawberry Fresh Paktly Pear E-Liquid<\/strong> ! Stellen Sie sich eine lebendige Mischung vor, bei der Erdbeere, weich und s\u00fc\u00df, mit der bezaubernden Exotik der Faktusfeigen kombiniert wird \u2013 diese W\u00fcstenperle mit einem subtil s\u00e4uerlichen Geschmack. Dieses unerwartete Duo bietet eine perfekte Harmonie zwischen wohltuender Vertrautheit und \u00fcberraschender Originalit\u00e4t \u2013 f\u00fcr ein unvergessliches Vape-Erlebnis! <\/p>\n<p>Aber das ist noch nicht alles: Ein subtiler Hauch von Frische verleiht dir eine spritzige Note, die mit jedem Zug deine Geschmacksknospen wiederbelebt, wie ein sanfter Windhauch auf einem Feld reifer Fr\u00fcchte. Es ist, als w\u00fcrde man an einem wundersch\u00f6nen Fr\u00fchlingstag auf einer Terrasse ein feines Dessert genie\u00dfen, an dem jeder Zug eine Explosion fesselnder und saftiger Aromen ist, die s\u00fc\u00df und s\u00e4uerlich in einem Wirbel aus K\u00f6stlichkeit verschmelzen. <\/p>\n<p><strong>Das Small Orchard Strawberry Prickly Pear Fresh E-Liquid<\/strong> wird mit einer <strong>PG\/VG-Dosierung von 50\/50<\/strong> hergestellt und garantiert ein perfektes Gleichgewicht zwischen intensiven Aromen und gro\u00dfz\u00fcgiger Dampfproduktion. Verpackt in <g id=\"gid_2\">einer 70-ml-Flasche<\/g> mit verst\u00e4rkten Aromen ist es bereit, Ihre Nikotinbooster nach Ihren W\u00fcnschen willkommen zu hei\u00dfen. Hergestellt in Frankreich, verspricht es tadellose Qualit\u00e4t und spiegelt handwerkliches Know-how und Leidenschaft f\u00fcr gute Dinge wider.  <\/p>\n<p>Egal, ob Sie Erdbeerliebhaber sind oder einen Hauch exotischer Abenteuer suchen \u2013 dieses fruchtige und erfrischende Duo ist perfekt f\u00fcr einen sanften und k\u00f6stlichen Vape zu jeder Tageszeit. Lass dich von dieser waghalsigen Ehe verf\u00fchren und lass deine Sinne erstaunen! <\/p>\n<\/p>\n<p>Wichtig: E-Liquid in 50-ml-Geschmacksrichtungen, verkauft in einer 70-ml-Flasche.<\/p>\n<p class=\"class-fabrication\">Hergestellt in Frankreich; PG\/VG-Verh\u00e4ltnis: 50 % \/ 50 %. Passt sich an jede Art von Material an.<\/p>\n<\/p>\n<p>Entdecken Sie die anderen Produkte der Marke <a href=\"..\/..\/marque\/savourea\/\" target=\"_blank\" rel=\"noopener\">Savourea<\/a>.<\/p>\n<p>Erhalten Sie Rabatte oder die neuesten Informationen zu unseren Produkten, indem Sie uns in unseren sozialen Netzwerken folgen: <a href=\"https:\/\/www.facebook.com\/VapeAigleCH\" target=\"_blank\" rel=\"noopener\">Facebook<\/a> oder <a href=\"https:\/\/www.instagram.com\/vapotheque\" target=\"_blank\" rel=\"noopener\">Instagram<\/a>.<\/p>\n","protected":false},"excerpt":{"rendered":"<p>Le Petit Verger Strawberry Prickly Pear Fresh E-Liquid: Der wilde und k\u00f6stlich \u00fcberraschende Cocktail Le Petit Verger nimmt Sie mit auf ein neues fruchtiges Abenteuer mit seinem Le Petit Verger Strawberry Fresh Paktly Pear E-Liquid ! Stellen Sie sich eine lebendige Mischung vor, bei der Erdbeere, weich und s\u00fc\u00df, mit der bezaubernden Exotik der Faktusfeigen [&hellip;]<\/p>\n","protected":false},"featured_media":34468,"template":"","meta":{"_acf_changed":false},"product_cat":[405,404,442,408,1686,1977,1679],"product_tag":[],"class_list":{"0":"post-34732","1":"product","2":"type-product","3":"status-publish","4":"has-post-thumbnail","6":"product_brand-savourea-de","7":"product_cat-e-liquids","8":"product_cat-fruchtig","9":"product_cat-hervorgehobene-produkte","10":"product_cat-lieferbar-innerhalb-von-24-stunden-de","11":"product_cat-50-ml-fur-70-ml","12":"product_cat-lagerraeumung","13":"product_cat-menge-e-flussigkeit-kapazitat-flasche","15":"first","16":"instock","17":"sale","18":"taxable","19":"shipping-taxable","20":"purchasable","21":"product-type-simple"},"acf":[],"jetpack_sharing_enabled":true,"_links":{"self":[{"href":"https:\/\/vapotheque.ch\/de\/wp-json\/wp\/v2\/product\/34732","targetHints":{"allow":["GET"]}}],"collection":[{"href":"https:\/\/vapotheque.ch\/de\/wp-json\/wp\/v2\/product"}],"about":[{"href":"https:\/\/vapotheque.ch\/de\/wp-json\/wp\/v2\/types\/product"}],"wp:featuredmedia":[{"embeddable":true,"href":"https:\/\/vapotheque.ch\/de\/wp-json\/wp\/v2\/media\/34468"}],"wp:attachment":[{"href":"https:\/\/vapotheque.ch\/de\/wp-json\/wp\/v2\/media?parent=34732"}],"wp:term":[{"taxonomy":"product_cat","embeddable":true,"href":"https:\/\/vapotheque.ch\/de\/wp-json\/wp\/v2\/product_cat?post=34732"},{"taxonomy":"product_tag","embeddable":true,"href":"https:\/\/vapotheque.ch\/de\/wp-json\/wp\/v2\/product_tag?post=34732"}],"curies":[{"name":"wp","href":"https:\/\/api.w.org\/{rel}","templated":true}]}}