{"id":34731,"date":"2024-09-28T18:45:00","date_gmt":"2024-09-28T16:45:00","guid":{"rendered":"https:\/\/vapotheque.ch\/boutique\/protect-4-jahreszeiten-herbst-birne-karamell-toertchen-e-liquid\/"},"modified":"2025-11-12T14:55:29","modified_gmt":"2025-11-12T13:55:29","slug":"protect-4-jahreszeiten-herbst-birne-karamell-toertchen-e-liquid","status":"publish","type":"product","link":"https:\/\/vapotheque.ch\/de\/shop\/protect-4-jahreszeiten-herbst-birne-karamell-toertchen-e-liquid\/","title":{"rendered":"Protect &#8211; 4 Jahreszeiten Herbst &#8211; Birne-Karamell-T\u00f6rtchen E-Liquid"},"content":{"rendered":"<h2><strong>Protect Les 4 Saisons Automne &#8211; Tartelette Poire Caramel E-Liquide : Eine herbstliche S\u00fc\u00dfigkeit zum Vaper!  <\/strong><\/h2>\n<p>  Tauchen Sie mit dem <strong>Protect Les 4 Saisons Automne &#8211; Tartelette Poire Caramel E-Liquide<\/strong> in die w\u00e4rmende Welt des Herbstes ein! Stellen Sie sich ein warmes, frisch gebackenes T\u00f6rtchen vor, mit einem knusprigen, goldbraunen M\u00fcrbeteig, darauf saftige Birnen und ein cremiges Karamell, das auf der Zunge zergeht.<br \/>\nEs ist eine wahre Gourmet-Symphonie, die Sie erwartet und bereit ist, Sie mit jedem Zug in S\u00fc\u00dfe zu h\u00fcllen.<br \/>\nDieses Liquid wird auf einer 100% pflanzlichen Basis hergestellt und bietet ein MPGV\/VG-Verh\u00e4ltnis von 40\/60, ideal f\u00fcr RDL, DTL oder einen leicht offenen MTL-Zug um 0,8 Ohm.<br \/>\nOb Sie ein Neuling oder ein erfahrener Dampfer sind, Sie werden diese delikate Erfahrung lieben!<br \/>\nDie 50 ml Shortfill-Flasche kann nach Belieben geboostet werden.<br \/>\nF\u00fcgen Sie einen Booster f\u00fcr ca. 3 mg\/ml Nikotin hinzu, oder zwei f\u00fcr 6 mg\/ml &#8211; und keine Sorge, auch nach der Zugabe bleiben die Aromen so k\u00f6stlich wie ein hausgemachtes Dessert!<br \/>\nF\u00fcr die Liebhaber des nikotinfreien Dampfens: Genie\u00dfen Sie ihn so wie er ist, mit seinen Aromen in \u00dcberdosis, oder mischen Sie ihn mit einer PG\/VG-Basis f\u00fcr eine ma\u00dfgeschneiderte S\u00fc\u00dfe.        <strong>Freundlicher Rat: Geben Sie nicht mehr als zwei Booster oder 20 ml Base hinzu, um die Magie dieses Rezepts zu erhalten!<\/strong><\/p>\n<p><strong>Mit dem Protect Les 4 Saisons Automne &#8211; Tartelette Poire Caramel E-Liquide ist der Herbst so k\u00f6stlich wie nie zuvor!<\/strong><\/p>\n<p>&nbsp;<\/p>\n<p class=\"class-fabrication\"><span style=\"vertical-align: inherit;\">Hergestellt in Frankreich; PG\/VG-Verh\u00e4ltnis: 40% \/ 60%.<br \/>\nPasst in alle Arten von Ger\u00e4ten. <\/span><\/p>\n<p>&nbsp;  Sehen Sie sich weitere Produkte der Marke <a href=\"https:\/\/vapotheque.ch\/de\/marque\/protect-de\/\" target=\"_blank\" rel=\"noopener\">Protect<\/a> an. Erhalten Sie Rabatte oder die neuesten Informationen \u00fcber unsere Produkte, indem Sie uns auf unseren sozialen Netzwerken folgen: <a href=\"https:\/\/www.facebook.com\/VapeAigleCH\" target=\"_blank\" rel=\"noopener\">Facebook<\/a> oder <a href=\"https:\/\/www.instagram.com\/vapotheque\" target=\"_blank\" rel=\"noopener\">Instagram<\/a>.<\/p>\n","protected":false},"excerpt":{"rendered":"<p>Protect Les 4 Saisons Automne &#8211; Tartelette Poire Caramel E-Liquide : Eine herbstliche S\u00fc\u00dfigkeit zum Vaper! Tauchen Sie mit dem Protect Les 4 Saisons Automne &#8211; Tartelette Poire Caramel E-Liquide in die w\u00e4rmende Welt des Herbstes ein! Stellen Sie sich ein warmes, frisch gebackenes T\u00f6rtchen vor, mit einem knusprigen, goldbraunen M\u00fcrbeteig, darauf saftige Birnen und [&hellip;]<\/p>\n","protected":false},"featured_media":47661,"template":"","meta":{"_acf_changed":false},"product_cat":[405,397,442,408,1686,1679],"product_tag":[],"class_list":{"0":"post-34731","1":"product","2":"type-product","3":"status-publish","4":"has-post-thumbnail","6":"product_cat-e-liquids","7":"product_cat-gourmands-de","8":"product_cat-hervorgehobene-produkte","9":"product_cat-lieferbar-innerhalb-von-24-stunden-de","10":"product_cat-50-ml-fur-70-ml","11":"product_cat-menge-e-flussigkeit-kapazitat-flasche","13":"first","14":"instock","15":"taxable","16":"shipping-taxable","17":"purchasable","18":"product-type-simple"},"acf":[],"jetpack_sharing_enabled":true,"_links":{"self":[{"href":"https:\/\/vapotheque.ch\/de\/wp-json\/wp\/v2\/product\/34731","targetHints":{"allow":["GET"]}}],"collection":[{"href":"https:\/\/vapotheque.ch\/de\/wp-json\/wp\/v2\/product"}],"about":[{"href":"https:\/\/vapotheque.ch\/de\/wp-json\/wp\/v2\/types\/product"}],"wp:featuredmedia":[{"embeddable":true,"href":"https:\/\/vapotheque.ch\/de\/wp-json\/wp\/v2\/media\/47661"}],"wp:attachment":[{"href":"https:\/\/vapotheque.ch\/de\/wp-json\/wp\/v2\/media?parent=34731"}],"wp:term":[{"taxonomy":"product_cat","embeddable":true,"href":"https:\/\/vapotheque.ch\/de\/wp-json\/wp\/v2\/product_cat?post=34731"},{"taxonomy":"product_tag","embeddable":true,"href":"https:\/\/vapotheque.ch\/de\/wp-json\/wp\/v2\/product_tag?post=34731"}],"curies":[{"name":"wp","href":"https:\/\/api.w.org\/{rel}","templated":true}]}}