{"id":34726,"date":"2024-09-28T18:11:22","date_gmt":"2024-09-28T16:11:22","guid":{"rendered":"https:\/\/vapotheque.ch\/boutique\/protect-4-jahreszeiten-herbst-himbeerfuellung-10-ml-e-liquid\/"},"modified":"2024-11-12T11:29:41","modified_gmt":"2024-11-12T10:29:41","slug":"protect-4-jahreszeiten-herbst-himbeerfuellung-10-ml-e-liquid","status":"publish","type":"product","link":"https:\/\/vapotheque.ch\/de\/shop\/protect-4-jahreszeiten-herbst-himbeerfuellung-10-ml-e-liquid\/","title":{"rendered":"Protect &#8211; 4 Jahreszeiten Herbst &#8211; Himbeerf\u00fcllung 10 ml E-Liquid"},"content":{"rendered":"<h2><strong>Protect Les 4 Saisons Automne &#8211; Entremet Himbeere 10 ml E-Liquid : Lassen Sie sich von diesem Herbstkuchen verzaubern!<\/strong><\/h2>\n<p>Lassen Sie sich von der Stimmung des Herbstes mitrei\u00dfen mit dem <strong>Protect Les 4 Saisons Automne &#8211; Entremet Framboise 10 ml E-Liquide<\/strong>. Diese Vape-K\u00f6stlichkeit verspricht Ihnen einen s\u00fc\u00dfen Ausflug ins Herz der Aromen: ein weicher Biskuit, der sich mit der delikaten S\u00e4ure der Himbeere verbindet, umh\u00fcllt von einer reichhaltigen und cremigen Creme. Das Ganze wird mit einem subtilen Hauch von Haseln\u00fcssen und einem Hauch von Vanille abgerundet, um das Gleichgewicht zu vollenden. Mit den Nikotinsalzen genie\u00dfen Sie ein sanftes Dampfen, ideal f\u00fcr eine Entw\u00f6hnung ohne Irritationen. Ein herbstliches Vergn\u00fcgen, das Sie mit diesem <strong>Protect Les 4 Saisons Automne &#8211; Entremet Framboise 10 ml E-Liquid<\/strong> in vollen Z\u00fcgen genie\u00dfen k\u00f6nnen!  <\/p>\n<p>&nbsp;<\/p>\n<p><strong><span style=\"vertical-align: inherit;\">Wichtig<\/span><\/strong><span style=\"vertical-align: inherit;\"> E-Liquid bereits nikotinisiert, verkauft in einer 10 ml Flasche.<\/span><\/p>\n<p class=\"class-fabrication\"><span style=\"vertical-align: inherit;\">Hergestellt in Frankreich; PG\/VG-Verh\u00e4ltnis: 50 % \/ 50 %. Passt sich an jede Art von Material an.<\/span><\/p>\n<p>&nbsp;<\/p>\n<p>Entdecken Sie weitere Produkte der Marke <a href=\"\/marque\/protect\/\" target=\"_blank\" rel=\"noopener\">Protect<\/a>.<\/p>\n<p>Erhalten Sie Rabatte oder die neuesten Informationen \u00fcber unsere Produkte, indem Sie uns auf unseren sozialen Netzwerken folgen: <a href=\"https:\/\/www.facebook.com\/VapeAigleCH\" target=\"_blank\" rel=\"noopener\">Facebook<\/a> oder <a href=\"https:\/\/www.instagram.com\/vapotheque\" target=\"_blank\" rel=\"noopener\">Instagram<\/a>.<\/p>\n","protected":false},"excerpt":{"rendered":"<p>Protect Les 4 Saisons Automne &#8211; Entremet Himbeere 10 ml E-Liquid : Lassen Sie sich von diesem Herbstkuchen verzaubern! Lassen Sie sich von der Stimmung des Herbstes mitrei\u00dfen mit dem Protect Les 4 Saisons Automne &#8211; Entremet Framboise 10 ml E-Liquide. Diese Vape-K\u00f6stlichkeit verspricht Ihnen einen s\u00fc\u00dfen Ausflug ins Herz der Aromen: ein weicher Biskuit, [&hellip;]<\/p>\n","protected":false},"featured_media":34347,"template":"","meta":{"_acf_changed":false},"product_cat":[405,442,408,1629,1718],"product_tag":[],"class_list":{"0":"post-34726","1":"product","2":"type-product","3":"status-publish","4":"has-post-thumbnail","6":"product_cat-e-liquids","7":"product_cat-hervorgehobene-produkte","8":"product_cat-lieferbar-innerhalb-von-24-stunden-de","9":"product_cat-10-ml-mit-nikotin","10":"product_cat-10ml-810-de","12":"first","13":"instock","14":"taxable","15":"shipping-taxable","16":"purchasable","17":"product-type-variable"},"acf":[],"jetpack_sharing_enabled":true,"_links":{"self":[{"href":"https:\/\/vapotheque.ch\/de\/wp-json\/wp\/v2\/product\/34726","targetHints":{"allow":["GET"]}}],"collection":[{"href":"https:\/\/vapotheque.ch\/de\/wp-json\/wp\/v2\/product"}],"about":[{"href":"https:\/\/vapotheque.ch\/de\/wp-json\/wp\/v2\/types\/product"}],"wp:featuredmedia":[{"embeddable":true,"href":"https:\/\/vapotheque.ch\/de\/wp-json\/wp\/v2\/media\/34347"}],"wp:attachment":[{"href":"https:\/\/vapotheque.ch\/de\/wp-json\/wp\/v2\/media?parent=34726"}],"wp:term":[{"taxonomy":"product_cat","embeddable":true,"href":"https:\/\/vapotheque.ch\/de\/wp-json\/wp\/v2\/product_cat?post=34726"},{"taxonomy":"product_tag","embeddable":true,"href":"https:\/\/vapotheque.ch\/de\/wp-json\/wp\/v2\/product_tag?post=34726"}],"curies":[{"name":"wp","href":"https:\/\/api.w.org\/{rel}","templated":true}]}}