{"id":34725,"date":"2024-09-30T10:37:47","date_gmt":"2024-09-30T08:37:47","guid":{"rendered":"https:\/\/vapotheque.ch\/boutique\/protect-4-jahreszeiten-sommer-minze-schwarze-johannisbeere-zitrone-e-liquide\/"},"modified":"2024-10-04T12:17:05","modified_gmt":"2024-10-04T10:17:05","slug":"protect-4-jahreszeiten-sommer-minze-schwarze-johannisbeere-zitrone-e-liquide","status":"publish","type":"product","link":"https:\/\/vapotheque.ch\/de\/shop\/protect-4-jahreszeiten-sommer-minze-schwarze-johannisbeere-zitrone-e-liquide\/","title":{"rendered":"Protect &#8211; 4 Jahreszeiten Sommer &#8211; Minze Schwarze Johannisbeere Zitrone E-Liquide"},"content":{"rendered":"<h2><strong>Protect Die 4 Jahreszeiten Sommer &#8211; Minze Schwarze Johannisbeere Zitrone E-Liquid : Der eiskalte Cocktail von Protect!<\/strong><\/h2>\n<p>  St\u00fcrzen Sie sich in einen Tornado der Frische mit dem <strong>Protect Les 4 Saisons \u00c9t\u00e9 &#8211; Menthe Cassis Citron E-Liquide<\/strong>! Stellen Sie sich eine Handvoll s\u00fc\u00dfer schwarzer Johannisbeeren vor, einen Spritzer saurer Zitrone, um Ihre Geschmacksknospen zu wecken, und eine Welle von Minze, die Ihnen das ultimative Gef\u00fchl von Frische verleiht.<br \/>\nEine gewagte und ultra-komfortable Kombination, perfekt um Sie mit jedem Zug zu revitalisieren!<br \/>\nDieses Liquid wird auf einer 100% pflanzlichen Basis mit einem MPGV\/VG-Verh\u00e4ltnis von 40\/60 hergestellt und ist ideal f\u00fcr RDL, DTL oder einen nicht zu engen MTL-Zug (ca. 0,8 Ohm).<br \/>\nEr wird von Protect in Frankreich hergestellt und wird in einer 50 ml Shortfill angeboten, nikotinfrei und bereit zum Boosten.     <strong>Wie kann ich das Protect Les 4 Saisons \u00c9t\u00e9 &#8211; Menthe Cassis Citron E-Liquide verst\u00e4rken?<\/strong>  Diese k\u00f6stliche Mischung ist in einer 75 ml-Flasche verpackt und bietet Ihnen die M\u00f6glichkeit, bis zu zwei Nikotinbooster direkt in die Flasche zu geben.<br \/>\nKeine Sorge, die \u00fcberdosierten Aromen sorgen f\u00fcr einen intensiven Geschmack, auch nach der Zugabe der Booster:   <\/p>\n<ul>\n<li>Geben Sie 1 Booster hinzu, um etwa 3 mg\/ml Nikotin zu erhalten.<\/li>\n<li>Geben Sie 2 Booster hinzu, um etwa 6 mg\/ml Nikotin zu erreichen.<\/li>\n<\/ul>\n<p>  Diejenigen, die ein nikotinfreies Dampfen bevorzugen, k\u00f6nnen ihn direkt genie\u00dfen oder bis zu 20 ml PG\/VG-Basis hinzuf\u00fcgen.  <strong>Kleiner Tipp: Verwenden Sie nicht mehr als zwei Booster oder 20 ml der Basis, um die F\u00fclle der Aromen zu erhalten!<\/strong><\/p>\n<p>&nbsp;<\/p>\n<p>&nbsp;<\/p>\n<p class=\"class-fabrication\"><span style=\"vertical-align: inherit;\">Hergestellt in Frankreich; PG\/VG-Verh\u00e4ltnis: 40% \/ 60%.<br \/>\nPasst in alle Arten von Ger\u00e4ten. <\/span><\/p>\n<p>&nbsp;  Sehen Sie sich weitere Produkte der Marke <a href=\"\/marque\/protect\/\" target=\"_blank\" rel=\"noopener\">Protect<\/a> an. Erhalten Sie Rabatte oder die neuesten Informationen \u00fcber unsere Produkte, indem Sie uns auf unseren sozialen Netzwerken folgen: <a href=\"https:\/\/www.facebook.com\/VapeAigleCH\" target=\"_blank\" rel=\"noopener\">Facebook<\/a> oder <a href=\"https:\/\/www.instagram.com\/vapotheque\" target=\"_blank\" rel=\"noopener\">Instagram<\/a>.<\/p>\n","protected":false},"excerpt":{"rendered":"<p>Protect Die 4 Jahreszeiten Sommer &#8211; Minze Schwarze Johannisbeere Zitrone E-Liquid : Der eiskalte Cocktail von Protect! St\u00fcrzen Sie sich in einen Tornado der Frische mit dem Protect Les 4 Saisons \u00c9t\u00e9 &#8211; Menthe Cassis Citron E-Liquide! Stellen Sie sich eine Handvoll s\u00fc\u00dfer schwarzer Johannisbeeren vor, einen Spritzer saurer Zitrone, um Ihre Geschmacksknospen zu wecken, [&hellip;]<\/p>\n","protected":false},"featured_media":47664,"template":"","meta":{"_acf_changed":false},"product_cat":[405,404,442,408,1686,1679],"product_tag":[],"class_list":{"0":"post-34725","1":"product","2":"type-product","3":"status-publish","4":"has-post-thumbnail","6":"product_cat-e-liquids","7":"product_cat-fruchtig","8":"product_cat-hervorgehobene-produkte","9":"product_cat-lieferbar-innerhalb-von-24-stunden-de","10":"product_cat-50-ml-fur-70-ml","11":"product_cat-menge-e-flussigkeit-kapazitat-flasche","13":"first","14":"instock","15":"taxable","16":"shipping-taxable","17":"purchasable","18":"product-type-simple"},"acf":[],"jetpack_sharing_enabled":true,"_links":{"self":[{"href":"https:\/\/vapotheque.ch\/de\/wp-json\/wp\/v2\/product\/34725","targetHints":{"allow":["GET"]}}],"collection":[{"href":"https:\/\/vapotheque.ch\/de\/wp-json\/wp\/v2\/product"}],"about":[{"href":"https:\/\/vapotheque.ch\/de\/wp-json\/wp\/v2\/types\/product"}],"wp:featuredmedia":[{"embeddable":true,"href":"https:\/\/vapotheque.ch\/de\/wp-json\/wp\/v2\/media\/47664"}],"wp:attachment":[{"href":"https:\/\/vapotheque.ch\/de\/wp-json\/wp\/v2\/media?parent=34725"}],"wp:term":[{"taxonomy":"product_cat","embeddable":true,"href":"https:\/\/vapotheque.ch\/de\/wp-json\/wp\/v2\/product_cat?post=34725"},{"taxonomy":"product_tag","embeddable":true,"href":"https:\/\/vapotheque.ch\/de\/wp-json\/wp\/v2\/product_tag?post=34725"}],"curies":[{"name":"wp","href":"https:\/\/api.w.org\/{rel}","templated":true}]}}