{"id":34722,"date":"2024-09-28T16:15:36","date_gmt":"2024-09-28T14:15:36","guid":{"rendered":"https:\/\/vapotheque.ch\/boutique\/protect-die-4-jahreszeiten-fruehling-pfirsich-litschi-rote-fruechte-10-ml-e-liquide\/"},"modified":"2024-11-12T11:29:40","modified_gmt":"2024-11-12T10:29:40","slug":"protect-die-4-jahreszeiten-fruehling-pfirsich-litschi-rote-fruechte-10-ml-e-liquide","status":"publish","type":"product","link":"https:\/\/vapotheque.ch\/de\/shop\/protect-die-4-jahreszeiten-fruehling-pfirsich-litschi-rote-fruechte-10-ml-e-liquide\/","title":{"rendered":"Protect &#8211; Die 4 Jahreszeiten Fr\u00fchling &#8211; Pfirsich Litschi Rote Fr\u00fcchte 10 ml E-Liquide"},"content":{"rendered":"<h2><strong>Protect Die 4 Jahreszeiten Fr\u00fchling -.<\/strong><strong> Pfirsich Litschi Rote Fr\u00fcchte 10 ml E-Liquid: Bereit, den Rhythmus Ihres Dampfes zu bestimmen!<\/strong><\/h2>\n<p><strong>Protect Les 4 Saisons Printemps &#8211; Peach Litschi Red Fruits 10 ml E-Liquid<\/strong> ist wieder da und bringt Schwung in Ihre Dampferei! Bereiten Sie sich darauf vor, dieses sensationelle E-Liquid in der Version mit Nikotinsalzen zu entdecken oder wiederzuentdecken. Es ist wie eine Symphonie von Aromen, die auf Ihrem Gaumen tanzt! Stellen Sie sich vor, wie die samtige S\u00fc\u00dfe des Pfirsichs Ihre Geschmacksnerven umschmeichelt, die prickelnde S\u00e4ure der roten Fr\u00fcchte f\u00fcr den n\u00f6tigen Pep sorgt und die subtile Blumigkeit der Litschi einen Hauch von Eleganz verleiht. Dieser <strong>Protect Les 4 Saisons Printemps &#8211; P\u00eache Litchi Fruits Rouges 10 ml E-Liquide<\/strong> ist ein wahres Festival der Aromen, das an die Leichtigkeit eines bl\u00fchenden Fr\u00fchlingstages erinnert! Lassen Sie sich dieses fruchtige, frische und raffinierte Gebr\u00e4u nicht entgehen, das die Ankunft der sch\u00f6nen Tage mit Glanz feiert. Sind Sie neugierig, in diese K\u00f6stlichkeit einzutauchen und die Nikotinsalze zu entdecken, die sich darin verbergen? Ihr Dampfen wartet nur auf Sie, um sich zu entfalten!  <\/p>\n<p>&nbsp;<\/p>\n<p><strong><span style=\"vertical-align: inherit;\">Wichtig<\/span><\/strong><span style=\"vertical-align: inherit;\"> E-Liquid bereits nikotinisiert, verkauft in einer 10 ml Flasche.<\/span><\/p>\n<p class=\"class-fabrication\"><span style=\"vertical-align: inherit;\">Hergestellt in Frankreich; PG\/VG-Verh\u00e4ltnis: 50 % \/ 50 %. Passt sich an jede Art von Material an.<\/span><\/p>\n<p>&nbsp;<\/p>\n<p>Entdecken Sie weitere Produkte der Marke <a href=\"\/marque\/protect\/\" target=\"_blank\" rel=\"noopener\">Protect<\/a>.<\/p>\n<p>Erhalten Sie Rabatte oder die neuesten Informationen \u00fcber unsere Produkte, indem Sie uns auf unseren sozialen Netzwerken folgen: <a href=\"https:\/\/www.facebook.com\/VapeAigleCH\" target=\"_blank\" rel=\"noopener\">Facebook<\/a> oder <a href=\"https:\/\/www.instagram.com\/vapotheque\" target=\"_blank\" rel=\"noopener\">Instagram<\/a>.<\/p>\n","protected":false},"excerpt":{"rendered":"<p>Protect Die 4 Jahreszeiten Fr\u00fchling -. Pfirsich Litschi Rote Fr\u00fcchte 10 ml E-Liquid: Bereit, den Rhythmus Ihres Dampfes zu bestimmen! Protect Les 4 Saisons Printemps &#8211; Peach Litschi Red Fruits 10 ml E-Liquid ist wieder da und bringt Schwung in Ihre Dampferei! Bereiten Sie sich darauf vor, dieses sensationelle E-Liquid in der Version mit Nikotinsalzen [&hellip;]<\/p>\n","protected":false},"featured_media":34318,"template":"","meta":{"_acf_changed":false},"product_cat":[405,442,408,423,1629,1718],"product_tag":[],"class_list":{"0":"post-34722","1":"product","2":"type-product","3":"status-publish","4":"has-post-thumbnail","6":"product_cat-e-liquids","7":"product_cat-hervorgehobene-produkte","8":"product_cat-lieferbar-innerhalb-von-24-stunden-de","9":"product_cat-promos","10":"product_cat-10-ml-mit-nikotin","11":"product_cat-10ml-810-de","13":"first","14":"instock","15":"taxable","16":"shipping-taxable","17":"purchasable","18":"product-type-variable"},"acf":[],"jetpack_sharing_enabled":true,"_links":{"self":[{"href":"https:\/\/vapotheque.ch\/de\/wp-json\/wp\/v2\/product\/34722","targetHints":{"allow":["GET"]}}],"collection":[{"href":"https:\/\/vapotheque.ch\/de\/wp-json\/wp\/v2\/product"}],"about":[{"href":"https:\/\/vapotheque.ch\/de\/wp-json\/wp\/v2\/types\/product"}],"wp:featuredmedia":[{"embeddable":true,"href":"https:\/\/vapotheque.ch\/de\/wp-json\/wp\/v2\/media\/34318"}],"wp:attachment":[{"href":"https:\/\/vapotheque.ch\/de\/wp-json\/wp\/v2\/media?parent=34722"}],"wp:term":[{"taxonomy":"product_cat","embeddable":true,"href":"https:\/\/vapotheque.ch\/de\/wp-json\/wp\/v2\/product_cat?post=34722"},{"taxonomy":"product_tag","embeddable":true,"href":"https:\/\/vapotheque.ch\/de\/wp-json\/wp\/v2\/product_tag?post=34722"}],"curies":[{"name":"wp","href":"https:\/\/api.w.org\/{rel}","templated":true}]}}