{"id":34717,"date":"2024-09-28T17:55:54","date_gmt":"2024-09-28T15:55:54","guid":{"rendered":"https:\/\/vapotheque.ch\/boutique\/protect-4-jahreszeiten-herbst-birne-karamell-toertchen-10-ml-e-liquide\/"},"modified":"2024-11-12T11:29:40","modified_gmt":"2024-11-12T10:29:40","slug":"protect-4-jahreszeiten-herbst-birne-karamell-toertchen-10-ml-e-liquide","status":"publish","type":"product","link":"https:\/\/vapotheque.ch\/de\/shop\/protect-4-jahreszeiten-herbst-birne-karamell-toertchen-10-ml-e-liquide\/","title":{"rendered":"Protect &#8211; 4 Jahreszeiten Herbst &#8211; Birne Karamell T\u00f6rtchen 10 ml E-Liquide"},"content":{"rendered":"<h2><strong>Protect Les 4 Saisons Automne &#8211; Tartelette Birne Karamell 10 ml E-Liquid : Herbst in Vape<\/strong><\/h2>\n<p>Lassen Sie sich von der Magie des Herbstes mit dem <strong>Protect Les 4 Saisons Automne &#8211; Tartelette Poire Caramel 10 ml E-Liquide<\/strong> einh\u00fcllen. Mit den goldenen Bl\u00e4ttern, die unter Ihren Schritten knacken, und den k\u00f6stlichen D\u00fcften, die in der Luft liegen, verdient der Herbst einen Dampfer, der seinem Charme gerecht wird. Um Ihren trendigen Spiced Pumpkin Latte zu begleiten oder sich einfach selbst zu verw\u00f6hnen, haben wir hier die perfekte Mischung: ein Birnen-Karamell-T\u00f6rtchen, das so realistisch ist, dass es Ihre Gier t\u00e4uschen k\u00f6nnte. Dieser s\u00fc\u00dfe und w\u00e4rmende Kuchen ist bereit, Ihr liebster Verb\u00fcndeter zu werden, um Ihr Herz an k\u00fchlen Herbsttagen zu erw\u00e4rmen. Mit dem <strong>Protect Les 4 Saisons Automne &#8211; Tartelette Poire Caramel 10 ml E-Liquide<\/strong> wird der Herbst mehr als nur eine Jahreszeit, er wird zu einem Erlebnis, das Sie dampfen k\u00f6nnen. <\/p>\n<p>&nbsp;<\/p>\n<p><strong><span style=\"vertical-align: inherit;\">Wichtig<\/span><\/strong><span style=\"vertical-align: inherit;\"> E-Liquid bereits nikotinisiert, verkauft in einer 10 ml Flasche.<\/span><\/p>\n<p class=\"class-fabrication\"><span style=\"vertical-align: inherit;\">Hergestellt in Frankreich; PG\/VG-Verh\u00e4ltnis: 50 % \/ 50 %. Passt sich an jede Art von Material an.<\/span><\/p>\n<p>&nbsp;<\/p>\n<p>Entdecken Sie weitere Produkte der Marke <a href=\"\/marque\/protect\/\" target=\"_blank\" rel=\"noopener\">Protect<\/a>.<\/p>\n<p>Erhalten Sie Rabatte oder die neuesten Informationen \u00fcber unsere Produkte, indem Sie uns auf unseren sozialen Netzwerken folgen: <a href=\"https:\/\/www.facebook.com\/VapeAigleCH\" target=\"_blank\" rel=\"noopener\">Facebook<\/a> oder <a href=\"https:\/\/www.instagram.com\/vapotheque\" target=\"_blank\" rel=\"noopener\">Instagram<\/a>.<\/p>\n","protected":false},"excerpt":{"rendered":"<p>Protect Les 4 Saisons Automne &#8211; Tartelette Birne Karamell 10 ml E-Liquid : Herbst in Vape Lassen Sie sich von der Magie des Herbstes mit dem Protect Les 4 Saisons Automne &#8211; Tartelette Poire Caramel 10 ml E-Liquide einh\u00fcllen. Mit den goldenen Bl\u00e4ttern, die unter Ihren Schritten knacken, und den k\u00f6stlichen D\u00fcften, die in der [&hellip;]<\/p>\n","protected":false},"featured_media":34343,"template":"","meta":{"_acf_changed":false},"product_cat":[405,442,408,1629,1718],"product_tag":[],"class_list":{"0":"post-34717","1":"product","2":"type-product","3":"status-publish","4":"has-post-thumbnail","6":"product_cat-e-liquids","7":"product_cat-hervorgehobene-produkte","8":"product_cat-lieferbar-innerhalb-von-24-stunden-de","9":"product_cat-10-ml-mit-nikotin","10":"product_cat-10ml-810-de","12":"first","13":"instock","14":"taxable","15":"shipping-taxable","16":"purchasable","17":"product-type-variable"},"acf":[],"jetpack_sharing_enabled":true,"_links":{"self":[{"href":"https:\/\/vapotheque.ch\/de\/wp-json\/wp\/v2\/product\/34717","targetHints":{"allow":["GET"]}}],"collection":[{"href":"https:\/\/vapotheque.ch\/de\/wp-json\/wp\/v2\/product"}],"about":[{"href":"https:\/\/vapotheque.ch\/de\/wp-json\/wp\/v2\/types\/product"}],"wp:featuredmedia":[{"embeddable":true,"href":"https:\/\/vapotheque.ch\/de\/wp-json\/wp\/v2\/media\/34343"}],"wp:attachment":[{"href":"https:\/\/vapotheque.ch\/de\/wp-json\/wp\/v2\/media?parent=34717"}],"wp:term":[{"taxonomy":"product_cat","embeddable":true,"href":"https:\/\/vapotheque.ch\/de\/wp-json\/wp\/v2\/product_cat?post=34717"},{"taxonomy":"product_tag","embeddable":true,"href":"https:\/\/vapotheque.ch\/de\/wp-json\/wp\/v2\/product_tag?post=34717"}],"curies":[{"name":"wp","href":"https:\/\/api.w.org\/{rel}","templated":true}]}}