{"id":34716,"date":"2024-09-28T15:57:41","date_gmt":"2024-09-28T13:57:41","guid":{"rendered":"https:\/\/vapotheque.ch\/boutique\/protect-eisminze-10-ml-e-liquid\/"},"modified":"2024-11-12T11:29:38","modified_gmt":"2024-11-12T10:29:38","slug":"protect-eisminze-10-ml-e-liquid","status":"publish","type":"product","link":"https:\/\/vapotheque.ch\/de\/shop\/protect-eisminze-10-ml-e-liquid\/","title":{"rendered":"Protect &#8211; Eisminze 10 ml E-Liquid"},"content":{"rendered":"<h2><strong>Protect Eisminze 10 ml E-Liquid: Tun Sie das Richtige f\u00fcr die Bienen und f\u00fcr sich selbst!<\/strong><\/h2>\n<p>Verabschieden Sie sich von der Zigarette und helfen Sie gleichzeitig unseren Freunden, den Bienen, mit dem <strong>Protect Mint Glaciale 10 ml E-Liquid <\/strong>mit Nikotinsalzen von Protect! Diese geniale franz\u00f6sische Marke spendet einen Teil ihrer Gewinne, um Bienenst\u00f6cke in Okzitanien zu finanzieren. W\u00e4hrend Sie also dampfen, fliegen die Bienen aus und alle sind gl\u00fccklich wie ein kleines Kind! \ud83c\udf3c Bereiten Sie sich darauf vor, von dem <strong>Protect Glacial Mint 10 ml E-Liquid<\/strong> aus der Nectar-Reihe umgehauen zu werden! Dieses E-Liquid wird Sie mit seiner strahlenden Frische und dem zarten Duft von Minze direkt in den Himmel der Aromen schicken. Wenn Sie auf der Suche nach einem leckeren und frostigen Dampferlebnis sind, suchen Sie nicht weiter: Sie sind an der richtigen Stelle! Mit hochwertigen Zutaten k\u00f6nnen Sie mit geschlossenen Augen dampfen und jeden Zug genie\u00dfen. Die Nikotinsalze in dieser Fl\u00fcssigkeit garantieren Ihnen eine zufriedenstellende Nikotinzufuhr, w\u00e4hrend sie schnell von Ihrem K\u00f6rper aufgenommen werden, ohne dass es zu Halsentz\u00fcndungen kommt, die manchmal bei Standardfl\u00fcssigkeiten auftreten k\u00f6nnen. F\u00fcr ein optimales Dampferlebnis empfehlen wir Ihnen, auf MTL-Material mit 10 bis 20 W zu dampfen. Mit Protect ist jeder Puff ein Schritt in Richtung einer besseren Welt! \ud83c\udf0d\u2728 <\/p>\n<p>&nbsp;<\/p>\n<p><strong><span style=\"vertical-align: inherit;\">Wichtig<\/span><\/strong><span style=\"vertical-align: inherit;\"> E-Liquid bereits nikotinisiert, verkauft in einer 10 ml Flasche.<\/span><\/p>\n<p class=\"class-fabrication\"><span style=\"vertical-align: inherit;\">Hergestellt in Frankreich; PG\/VG-Verh\u00e4ltnis: 50 % \/ 50 %. Passt sich an jede Art von Material an.<\/span><\/p>\n<p>&nbsp;<\/p>\n<p>Entdecken Sie weitere Produkte der Marke <a href=\"\/marque\/protect\/\" target=\"_blank\" rel=\"noopener\">Protect<\/a>.<\/p>\n<p>Erhalten Sie Rabatte oder die neuesten Informationen \u00fcber unsere Produkte, indem Sie uns auf unseren sozialen Netzwerken folgen: <a href=\"https:\/\/www.facebook.com\/VapeAigleCH\" target=\"_blank\" rel=\"noopener\">Facebook<\/a> oder <a href=\"https:\/\/www.instagram.com\/vapotheque\" target=\"_blank\" rel=\"noopener\">Instagram<\/a>.<\/p>\n","protected":false},"excerpt":{"rendered":"<p>Protect Eisminze 10 ml E-Liquid: Tun Sie das Richtige f\u00fcr die Bienen und f\u00fcr sich selbst! Verabschieden Sie sich von der Zigarette und helfen Sie gleichzeitig unseren Freunden, den Bienen, mit dem Protect Mint Glaciale 10 ml E-Liquid mit Nikotinsalzen von Protect! Diese geniale franz\u00f6sische Marke spendet einen Teil ihrer Gewinne, um Bienenst\u00f6cke in Okzitanien [&hellip;]<\/p>\n","protected":false},"featured_media":34311,"template":"","meta":{"_acf_changed":false},"product_cat":[405,442,408,1629,1718],"product_tag":[],"class_list":{"0":"post-34716","1":"product","2":"type-product","3":"status-publish","4":"has-post-thumbnail","6":"product_cat-e-liquids","7":"product_cat-hervorgehobene-produkte","8":"product_cat-lieferbar-innerhalb-von-24-stunden-de","9":"product_cat-10-ml-mit-nikotin","10":"product_cat-10ml-810-de","12":"first","13":"instock","14":"taxable","15":"shipping-taxable","16":"purchasable","17":"product-type-variable"},"acf":[],"jetpack_sharing_enabled":true,"_links":{"self":[{"href":"https:\/\/vapotheque.ch\/de\/wp-json\/wp\/v2\/product\/34716","targetHints":{"allow":["GET"]}}],"collection":[{"href":"https:\/\/vapotheque.ch\/de\/wp-json\/wp\/v2\/product"}],"about":[{"href":"https:\/\/vapotheque.ch\/de\/wp-json\/wp\/v2\/types\/product"}],"wp:featuredmedia":[{"embeddable":true,"href":"https:\/\/vapotheque.ch\/de\/wp-json\/wp\/v2\/media\/34311"}],"wp:attachment":[{"href":"https:\/\/vapotheque.ch\/de\/wp-json\/wp\/v2\/media?parent=34716"}],"wp:term":[{"taxonomy":"product_cat","embeddable":true,"href":"https:\/\/vapotheque.ch\/de\/wp-json\/wp\/v2\/product_cat?post=34716"},{"taxonomy":"product_tag","embeddable":true,"href":"https:\/\/vapotheque.ch\/de\/wp-json\/wp\/v2\/product_tag?post=34716"}],"curies":[{"name":"wp","href":"https:\/\/api.w.org\/{rel}","templated":true}]}}