{"id":34711,"date":"2024-09-28T17:37:37","date_gmt":"2024-09-28T15:37:37","guid":{"rendered":"https:\/\/vapotheque.ch\/boutique\/protect-4-jahreszeiten-sommer-apfel-granatapfel-brombeere-10-ml-e-liquide\/"},"modified":"2024-11-12T11:29:38","modified_gmt":"2024-11-12T10:29:38","slug":"protect-4-jahreszeiten-sommer-apfel-granatapfel-brombeere-10-ml-e-liquide","status":"publish","type":"product","link":"https:\/\/vapotheque.ch\/de\/shop\/protect-4-jahreszeiten-sommer-apfel-granatapfel-brombeere-10-ml-e-liquide\/","title":{"rendered":"Protect &#8211; 4 Jahreszeiten Sommer &#8211; Apfel Granatapfel Brombeere 10 ml E-Liquide"},"content":{"rendered":"<p><strong>Protect Les 4 Saisons Sommer &#8211; Apfel Granatapfel Brombeere 10 ml E-Liquid : Leben Sie im Rhythmus der Natur!<\/strong><\/p>\n<p>Dampfen Sie im Einklang mit der Natur mit dem <strong>Protect Les 4 Saisons \u00c9t\u00e9 &#8211; Pomme Grenade M\u00fbre 10 ml E-Liquide<\/strong>. Vom beruhigenden Kokon des Herbstes \u00fcber die W\u00e4rme des Sommers bis hin zur blumigen S\u00fc\u00dfe des Fr\u00fchlings erwartet Sie eine gro\u00dfe Auswahl an Aromen mit Nikotinsalzen, die Sie zu jeder Jahreszeit begleiten. F\u00fcr ein sommerliches Dampfen, lassen Sie sich von dieser frischen und fruchtigen Mischung verf\u00fchren, dem <strong>Protect Les 4 Saisons \u00c9t\u00e9 &#8211; Pomme Grenade M\u00fbre 10 ml E-Liquide<\/strong>. Stellen Sie sich vor: der knackige Geschmack eines Apfels, der diskret aus dem Garten des Nachbarn gestohlen wurde, der bet\u00f6rende Duft eines strahlenden Granatapfels und eine Handvoll wilder Brombeeren (ohne den Hauch eines Fuchses, wie wir Ihnen versichern k\u00f6nnen). Das Ganze mit einer leicht frischen Note, wie eine Sommerbrise in der Sonne! L\u00e4uft Ihnen das Wasser im Mund zusammen? Wir verstehen Sie auch! <\/p>\n<p>&nbsp;<\/p>\n<p><strong><span style=\"vertical-align: inherit;\">Wichtig<\/span><\/strong><span style=\"vertical-align: inherit;\"> E-Liquid bereits nikotinisiert, verkauft in einer 10 ml Flasche.<\/span><\/p>\n<p class=\"class-fabrication\"><span style=\"vertical-align: inherit;\">Hergestellt in Frankreich; PG\/VG-Verh\u00e4ltnis: 50 % \/ 50 %. Passt sich an jede Art von Material an.<\/span><\/p>\n<p>&nbsp;<\/p>\n<p>Entdecken Sie weitere Produkte der Marke <a href=\"\/marque\/protect\/\" target=\"_blank\" rel=\"noopener\">Protect<\/a>.<\/p>\n<p>Erhalten Sie Rabatte oder die neuesten Informationen \u00fcber unsere Produkte, indem Sie uns auf unseren sozialen Netzwerken folgen: <a href=\"https:\/\/www.facebook.com\/VapeAigleCH\" target=\"_blank\" rel=\"noopener\">Facebook<\/a> oder <a href=\"https:\/\/www.instagram.com\/vapotheque\" target=\"_blank\" rel=\"noopener\">Instagram<\/a>.<\/p>\n","protected":false},"excerpt":{"rendered":"<p>Protect Les 4 Saisons Sommer &#8211; Apfel Granatapfel Brombeere 10 ml E-Liquid : Leben Sie im Rhythmus der Natur! Dampfen Sie im Einklang mit der Natur mit dem Protect Les 4 Saisons \u00c9t\u00e9 &#8211; Pomme Grenade M\u00fbre 10 ml E-Liquide. Vom beruhigenden Kokon des Herbstes \u00fcber die W\u00e4rme des Sommers bis hin zur blumigen S\u00fc\u00dfe [&hellip;]<\/p>\n","protected":false},"featured_media":34339,"template":"","meta":{"_acf_changed":false},"product_cat":[405,442,408,1629,1718],"product_tag":[],"class_list":{"0":"post-34711","1":"product","2":"type-product","3":"status-publish","4":"has-post-thumbnail","6":"product_cat-e-liquids","7":"product_cat-hervorgehobene-produkte","8":"product_cat-lieferbar-innerhalb-von-24-stunden-de","9":"product_cat-10-ml-mit-nikotin","10":"product_cat-10ml-810-de","12":"first","13":"instock","14":"taxable","15":"shipping-taxable","16":"purchasable","17":"product-type-variable"},"acf":[],"jetpack_sharing_enabled":true,"_links":{"self":[{"href":"https:\/\/vapotheque.ch\/de\/wp-json\/wp\/v2\/product\/34711","targetHints":{"allow":["GET"]}}],"collection":[{"href":"https:\/\/vapotheque.ch\/de\/wp-json\/wp\/v2\/product"}],"about":[{"href":"https:\/\/vapotheque.ch\/de\/wp-json\/wp\/v2\/types\/product"}],"wp:featuredmedia":[{"embeddable":true,"href":"https:\/\/vapotheque.ch\/de\/wp-json\/wp\/v2\/media\/34339"}],"wp:attachment":[{"href":"https:\/\/vapotheque.ch\/de\/wp-json\/wp\/v2\/media?parent=34711"}],"wp:term":[{"taxonomy":"product_cat","embeddable":true,"href":"https:\/\/vapotheque.ch\/de\/wp-json\/wp\/v2\/product_cat?post=34711"},{"taxonomy":"product_tag","embeddable":true,"href":"https:\/\/vapotheque.ch\/de\/wp-json\/wp\/v2\/product_tag?post=34711"}],"curies":[{"name":"wp","href":"https:\/\/api.w.org\/{rel}","templated":true}]}}