{"id":34709,"date":"2024-09-28T15:44:25","date_gmt":"2024-09-28T13:44:25","guid":{"rendered":"https:\/\/vapotheque.ch\/boutique\/protect-pitaya-himbeere-10-ml-e-liquid\/"},"modified":"2024-11-12T11:29:36","modified_gmt":"2024-11-12T10:29:36","slug":"protect-pitaya-himbeere-10-ml-e-liquid","status":"publish","type":"product","link":"https:\/\/vapotheque.ch\/de\/shop\/protect-pitaya-himbeere-10-ml-e-liquid\/","title":{"rendered":"Protect &#8211; Pitaya Himbeere 10 ml E-Liquid"},"content":{"rendered":"<h2><strong>Protect Pitaya Himbeere 10 ml E-Liquid : Rauchen Sie mit Vergn\u00fcgen und Verantwortung!<\/strong><\/h2>\n<p><strong>Protect Pitaya Himbeere 10 ml E-Liquid<\/strong> bieten Ihnen ein k\u00f6stliches Dampferlebnis und tun gleichzeitig etwas f\u00fcr unseren sch\u00f6nen Planeten! Diese engagierte franz\u00f6sische Marke widmet einen Teil ihrer Gewinne der Schaffung und Erhaltung von Bienenst\u00f6cken in Okzitanien. Eine gute Ausrede, um diese kleinen K\u00f6stlichkeiten zu genie\u00dfen, die mit einer 100% pflanzlichen PG\/VG-Basis hergestellt werden! Lassen Sie sich von der Exotik der Toulouser mit ihrem <strong>Protect Pitaya Himbeere 10 ml E-Liquid<\/strong> mitrei\u00dfen. Stellen Sie sich eine Pitaya vor, die sich auszieht, um ihr s\u00fc\u00dfes und duftendes Fruchtfleisch zu enth\u00fcllen, w\u00e4hrend sie sich mit einer s\u00e4uerlichen Himbeere reibt, die mit einer frischen Brise tanzt. Eine k\u00f6stliche Mischung, die Sie in das Herz eines fruchtigen Festes entf\u00fchren wird! Und um dem Ganzen die Krone aufzusetzen, garantieren Ihnen die Nikotinsalze in diesem Liquid eine zufriedenstellende Nikotinzufuhr, ohne den aggressiven Kehlkopfhit, den Standardliquids bieten k\u00f6nnen. F\u00fcr ein sanftes und schmackhaftes Dampfen w\u00e4hlen Sie ein Material zur indirekten Inhalation (MTL). Mit Protect ist jeder Zug ein Sieg f\u00fcr Sie und f\u00fcr die Bienen!  <\/p>\n<p>&nbsp;<\/p>\n<p><strong><span style=\"vertical-align: inherit;\">Wichtig<\/span><\/strong><span style=\"vertical-align: inherit;\"> E-Liquid bereits nikotinisiert, verkauft in einer 10 ml Flasche.<\/span><\/p>\n<p class=\"class-fabrication\"><span style=\"vertical-align: inherit;\">Hergestellt in Frankreich; PG\/VG-Verh\u00e4ltnis: 50 % \/ 50 %. Passt sich an jede Art von Material an.<\/span><\/p>\n<p>&nbsp;<\/p>\n<p>Entdecken Sie weitere Produkte der Marke <a href=\"\/marque\/protect\/\" target=\"_blank\" rel=\"noopener\">Protect<\/a>.<\/p>\n<p>Erhalten Sie Rabatte oder die neuesten Informationen \u00fcber unsere Produkte, indem Sie uns auf unseren sozialen Netzwerken folgen: <a href=\"https:\/\/www.facebook.com\/VapeAigleCH\" target=\"_blank\" rel=\"noopener\">Facebook<\/a> oder <a href=\"https:\/\/www.instagram.com\/vapotheque\" target=\"_blank\" rel=\"noopener\">Instagram<\/a>.<\/p>\n","protected":false},"excerpt":{"rendered":"<p>Protect Pitaya Himbeere 10 ml E-Liquid : Rauchen Sie mit Vergn\u00fcgen und Verantwortung! Protect Pitaya Himbeere 10 ml E-Liquid bieten Ihnen ein k\u00f6stliches Dampferlebnis und tun gleichzeitig etwas f\u00fcr unseren sch\u00f6nen Planeten! Diese engagierte franz\u00f6sische Marke widmet einen Teil ihrer Gewinne der Schaffung und Erhaltung von Bienenst\u00f6cken in Okzitanien. Eine gute Ausrede, um diese kleinen [&hellip;]<\/p>\n","protected":false},"featured_media":34305,"template":"","meta":{"_acf_changed":false},"product_cat":[405,442,408,1629,1718],"product_tag":[],"class_list":{"0":"post-34709","1":"product","2":"type-product","3":"status-publish","4":"has-post-thumbnail","6":"product_cat-e-liquids","7":"product_cat-hervorgehobene-produkte","8":"product_cat-lieferbar-innerhalb-von-24-stunden-de","9":"product_cat-10-ml-mit-nikotin","10":"product_cat-10ml-810-de","12":"first","13":"instock","14":"taxable","15":"shipping-taxable","16":"purchasable","17":"product-type-variable"},"acf":[],"jetpack_sharing_enabled":true,"_links":{"self":[{"href":"https:\/\/vapotheque.ch\/de\/wp-json\/wp\/v2\/product\/34709","targetHints":{"allow":["GET"]}}],"collection":[{"href":"https:\/\/vapotheque.ch\/de\/wp-json\/wp\/v2\/product"}],"about":[{"href":"https:\/\/vapotheque.ch\/de\/wp-json\/wp\/v2\/types\/product"}],"wp:featuredmedia":[{"embeddable":true,"href":"https:\/\/vapotheque.ch\/de\/wp-json\/wp\/v2\/media\/34305"}],"wp:attachment":[{"href":"https:\/\/vapotheque.ch\/de\/wp-json\/wp\/v2\/media?parent=34709"}],"wp:term":[{"taxonomy":"product_cat","embeddable":true,"href":"https:\/\/vapotheque.ch\/de\/wp-json\/wp\/v2\/product_cat?post=34709"},{"taxonomy":"product_tag","embeddable":true,"href":"https:\/\/vapotheque.ch\/de\/wp-json\/wp\/v2\/product_tag?post=34709"}],"curies":[{"name":"wp","href":"https:\/\/api.w.org\/{rel}","templated":true}]}}