{"id":34708,"date":"2024-09-28T17:29:23","date_gmt":"2024-09-28T15:29:23","guid":{"rendered":"https:\/\/vapotheque.ch\/boutique\/protect-4-jahreszeiten-sommer-minze-schwarze-johannisbeere-zitrone-10-ml-e-liquide\/"},"modified":"2024-11-12T11:29:36","modified_gmt":"2024-11-12T10:29:36","slug":"protect-4-jahreszeiten-sommer-minze-schwarze-johannisbeere-zitrone-10-ml-e-liquide","status":"publish","type":"product","link":"https:\/\/vapotheque.ch\/de\/shop\/protect-4-jahreszeiten-sommer-minze-schwarze-johannisbeere-zitrone-10-ml-e-liquide\/","title":{"rendered":"Protect &#8211; 4 Jahreszeiten Sommer &#8211; Minze Schwarze Johannisbeere Zitrone 10 ml E-Liquide"},"content":{"rendered":"<p><strong>Protect Les 4 Saisons \u00c9t\u00e9 &#8211; Minze Cassis Zitrone 10 ml E-Liquid : Leben Sie im Rhythmus der Jahreszeiten!<\/strong><\/p>\n<p>Protect Les 4 Saisons ist die Produktreihe, mit der Sie im Winter wie im Sommer stilvoll dampfen k\u00f6nnen. Entdecken Sie das luxuri\u00f6se <strong>Protect Les 4 Saisons \u00c9t\u00e9 &#8211; Menthe Cassis Citron 10 ml E-Liquide<\/strong> in der Version mit Nikotinsalzen f\u00fcr ein noch intensiveres Erlebnis! Es ist vierzig Grad und Sie haben das Gef\u00fchl, in der Sonne zu schmelzen? Keine Sorge, <strong>Protect Les 4 Saisons \u00c9t\u00e9 &#8211; Menthe Cassis Citron 10 ml E-Liquide<\/strong> ist da, um Ihren Tag (und Ihre gute Laune) mit seinem Liquid Mint Cassis Citron zu retten. Stellen Sie sich eine Welle der Frische vor, die fruchtig und eisig ist, genau dann, wenn Sie sie brauchen&#8230; das erinnert Sie an die Frische des Winters, sogar mitten im Sommer! Und mit Nikotinsalzen bleiben Sie auch dann gelassen, wenn der Nachwuchs in der Hitze des Sommers ausrastet. Das nennt man erfrischendes und entspannendes Dampfen! <\/p>\n<p>&nbsp;<\/p>\n<p><strong><span style=\"vertical-align: inherit;\">Wichtig<\/span><\/strong><span style=\"vertical-align: inherit;\"> E-Liquid bereits nikotinisiert, verkauft in einer 10 ml Flasche.<\/span><\/p>\n<p class=\"class-fabrication\"><span style=\"vertical-align: inherit;\">Hergestellt in Frankreich; PG\/VG-Verh\u00e4ltnis: 50 % \/ 50 %. Passt sich an jede Art von Material an.<\/span><\/p>\n<p>&nbsp;<\/p>\n<p>Entdecken Sie weitere Produkte der Marke <a href=\"\/marque\/protect\/\" target=\"_blank\" rel=\"noopener\">Protect<\/a>.<\/p>\n<p>Erhalten Sie Rabatte oder die neuesten Informationen \u00fcber unsere Produkte, indem Sie uns auf unseren sozialen Netzwerken folgen: <a href=\"https:\/\/www.facebook.com\/VapeAigleCH\" target=\"_blank\" rel=\"noopener\">Facebook<\/a> oder <a href=\"https:\/\/www.instagram.com\/vapotheque\" target=\"_blank\" rel=\"noopener\">Instagram<\/a>.<\/p>\n","protected":false},"excerpt":{"rendered":"<p>Protect Les 4 Saisons \u00c9t\u00e9 &#8211; Minze Cassis Zitrone 10 ml E-Liquid : Leben Sie im Rhythmus der Jahreszeiten! Protect Les 4 Saisons ist die Produktreihe, mit der Sie im Winter wie im Sommer stilvoll dampfen k\u00f6nnen. Entdecken Sie das luxuri\u00f6se Protect Les 4 Saisons \u00c9t\u00e9 &#8211; Menthe Cassis Citron 10 ml E-Liquide in der [&hellip;]<\/p>\n","protected":false},"featured_media":34334,"template":"","meta":{"_acf_changed":false},"product_cat":[405,442,408,1629,1718],"product_tag":[],"class_list":{"0":"post-34708","1":"product","2":"type-product","3":"status-publish","4":"has-post-thumbnail","6":"product_cat-e-liquids","7":"product_cat-hervorgehobene-produkte","8":"product_cat-lieferbar-innerhalb-von-24-stunden-de","9":"product_cat-10-ml-mit-nikotin","10":"product_cat-10ml-810-de","12":"first","13":"instock","14":"taxable","15":"shipping-taxable","16":"purchasable","17":"product-type-variable"},"acf":[],"jetpack_sharing_enabled":true,"_links":{"self":[{"href":"https:\/\/vapotheque.ch\/de\/wp-json\/wp\/v2\/product\/34708","targetHints":{"allow":["GET"]}}],"collection":[{"href":"https:\/\/vapotheque.ch\/de\/wp-json\/wp\/v2\/product"}],"about":[{"href":"https:\/\/vapotheque.ch\/de\/wp-json\/wp\/v2\/types\/product"}],"wp:featuredmedia":[{"embeddable":true,"href":"https:\/\/vapotheque.ch\/de\/wp-json\/wp\/v2\/media\/34334"}],"wp:attachment":[{"href":"https:\/\/vapotheque.ch\/de\/wp-json\/wp\/v2\/media?parent=34708"}],"wp:term":[{"taxonomy":"product_cat","embeddable":true,"href":"https:\/\/vapotheque.ch\/de\/wp-json\/wp\/v2\/product_cat?post=34708"},{"taxonomy":"product_tag","embeddable":true,"href":"https:\/\/vapotheque.ch\/de\/wp-json\/wp\/v2\/product_tag?post=34708"}],"curies":[{"name":"wp","href":"https:\/\/api.w.org\/{rel}","templated":true}]}}