{"id":34701,"date":"2024-09-28T15:21:41","date_gmt":"2024-09-28T13:21:41","guid":{"rendered":"https:\/\/vapotheque.ch\/boutique\/protect-mango-pfirsich-aprikose-10-ml-e-liquid\/"},"modified":"2024-11-12T11:29:34","modified_gmt":"2024-11-12T10:29:34","slug":"protect-mango-pfirsich-aprikose-10-ml-e-liquid","status":"publish","type":"product","link":"https:\/\/vapotheque.ch\/de\/shop\/protect-mango-pfirsich-aprikose-10-ml-e-liquid\/","title":{"rendered":"Protect &#8211; Mango Pfirsich Aprikose 10 ml E-Liquid"},"content":{"rendered":"<h2><strong>Protect Mango Pfirsich Aprikose 10 ml E-Liquid : Eine gute Geste f\u00fcr Sie und die Bienen, mit einem Hauch von Vergn\u00fcgen!<\/strong><\/h2>\n<p>Reimen Sie Genuss und Umweltverantwortung zusammen mit dem <strong>Protect Mango Pfirsich Aprikose 10 ml E-Liquide<\/strong>! Mit der Wahl dieser franz\u00f6sischen Marke tragen Sie zum Schutz der Bienen in Okzitanien bei, denn ein Teil der Gewinne wird f\u00fcr die Herstellung und den Unterhalt von Bienenst\u00f6cken verwendet. Diese Liquids sind jetzt auch mit Nikotinsalzen erh\u00e4ltlich und bieten Ihnen eine sanfte Entw\u00f6hnung, die so entspannend ist wie ein Spaziergang auf dem Land. Der Planet dankt Ihnen und Ihre Geschmacksnerven danken es Ihnen mit dem <strong>Protect Mango Pfirsich Aprikose 10 ml E-Liquid<\/strong>! Ein Schluck dieses fruchtigen Nektars und Sie finden sich sofort inmitten eines sonnigen Obstgartens wieder, mit Bienen um Sie herum. Der saftige Geschmack der Mango, die S\u00fc\u00dfe des Pfirsichs und die Vollmundigkeit der Aprikose vermischen sich mit einem Hauch von Frische, so dass Sie sich wohl f\u00fchlen, ohne Kompromisse beim Genuss eingehen zu m\u00fcssen. Dank der Nikotinsalze ist die Befriedigung sofort da: ein sanfter und angenehmer Hit im Hals und eine schnelle Assimilation, damit Sie sich von der Zigarette verabschieden k\u00f6nnen, ohne die unangenehmen Irritationen der Standard-E-Liquids. Protect ist die ideale Wahl, um sich und der Natur etwas Gutes zu tun. <\/p>\n<p>&nbsp;<\/p>\n<p><strong><span style=\"vertical-align: inherit;\">Wichtig<\/span><\/strong><span style=\"vertical-align: inherit;\"> E-Liquid bereits nikotinisiert, verkauft in einer 10 ml Flasche.<\/span><\/p>\n<p class=\"class-fabrication\"><span style=\"vertical-align: inherit;\">Hergestellt in Frankreich; PG\/VG-Verh\u00e4ltnis: 50 % \/ 50 %. Passt sich an jede Art von Material an.<\/span><\/p>\n<p>&nbsp;<\/p>\n<p>Entdecken Sie weitere Produkte der Marke <a href=\"\/marque\/protect\/\" target=\"_blank\" rel=\"noopener\">Protect<\/a>.<\/p>\n<p>Erhalten Sie Rabatte oder die neuesten Informationen \u00fcber unsere Produkte, indem Sie uns auf unseren sozialen Netzwerken folgen: <a href=\"https:\/\/www.facebook.com\/VapeAigleCH\" target=\"_blank\" rel=\"noopener\">Facebook<\/a> oder <a href=\"https:\/\/www.instagram.com\/vapotheque\" target=\"_blank\" rel=\"noopener\">Instagram<\/a>.<\/p>\n","protected":false},"excerpt":{"rendered":"<p>Protect Mango Pfirsich Aprikose 10 ml E-Liquid : Eine gute Geste f\u00fcr Sie und die Bienen, mit einem Hauch von Vergn\u00fcgen! Reimen Sie Genuss und Umweltverantwortung zusammen mit dem Protect Mango Pfirsich Aprikose 10 ml E-Liquide! Mit der Wahl dieser franz\u00f6sischen Marke tragen Sie zum Schutz der Bienen in Okzitanien bei, denn ein Teil der [&hellip;]<\/p>\n","protected":false},"featured_media":34294,"template":"","meta":{"_acf_changed":false},"product_cat":[405,442,408,1629,1718],"product_tag":[],"class_list":{"0":"post-34701","1":"product","2":"type-product","3":"status-publish","4":"has-post-thumbnail","6":"product_cat-e-liquids","7":"product_cat-hervorgehobene-produkte","8":"product_cat-lieferbar-innerhalb-von-24-stunden-de","9":"product_cat-10-ml-mit-nikotin","10":"product_cat-10ml-810-de","12":"first","13":"instock","14":"taxable","15":"shipping-taxable","16":"purchasable","17":"product-type-variable"},"acf":[],"jetpack_sharing_enabled":true,"_links":{"self":[{"href":"https:\/\/vapotheque.ch\/de\/wp-json\/wp\/v2\/product\/34701","targetHints":{"allow":["GET"]}}],"collection":[{"href":"https:\/\/vapotheque.ch\/de\/wp-json\/wp\/v2\/product"}],"about":[{"href":"https:\/\/vapotheque.ch\/de\/wp-json\/wp\/v2\/types\/product"}],"wp:featuredmedia":[{"embeddable":true,"href":"https:\/\/vapotheque.ch\/de\/wp-json\/wp\/v2\/media\/34294"}],"wp:attachment":[{"href":"https:\/\/vapotheque.ch\/de\/wp-json\/wp\/v2\/media?parent=34701"}],"wp:term":[{"taxonomy":"product_cat","embeddable":true,"href":"https:\/\/vapotheque.ch\/de\/wp-json\/wp\/v2\/product_cat?post=34701"},{"taxonomy":"product_tag","embeddable":true,"href":"https:\/\/vapotheque.ch\/de\/wp-json\/wp\/v2\/product_tag?post=34701"}],"curies":[{"name":"wp","href":"https:\/\/api.w.org\/{rel}","templated":true}]}}