{"id":34700,"date":"2024-09-28T17:10:15","date_gmt":"2024-09-28T15:10:15","guid":{"rendered":"https:\/\/vapotheque.ch\/boutique\/protect-4-jahreszeiten-fruehling-himbeere-veilchen-bonbon-10-ml-e-liquide\/"},"modified":"2024-11-12T11:29:34","modified_gmt":"2024-11-12T10:29:34","slug":"protect-4-jahreszeiten-fruehling-himbeere-veilchen-bonbon-10-ml-e-liquide","status":"publish","type":"product","link":"https:\/\/vapotheque.ch\/de\/shop\/protect-4-jahreszeiten-fruehling-himbeere-veilchen-bonbon-10-ml-e-liquide\/","title":{"rendered":"Protect &#8211; 4 Jahreszeiten Fr\u00fchling &#8211; Himbeere Veilchen Bonbon 10 ml E-Liquide"},"content":{"rendered":"<h2><strong>Protect Les 4 Saisons Printemps &#8211; Bonbon Himbeere Violett 10 ml E-Liquid : Vapez Printemps, Vapez Raffinement!<\/strong><\/h2>\n<p>Der <strong>Protect Les 4 Saisons Printemps &#8211; Bonbon Framboise Violette 10 ml E-Liquide<\/strong> ist wieder da, diesmal in einer Nikotinsalzversion f\u00fcr eine noch schmackhaftere und befriedigendere Erfahrung. Haben Sie Fr\u00fchling gesagt? Es ist unm\u00f6glich, frischer zu sein als dieses E-Liquid von Protect! Stellen Sie sich die feine S\u00e4ure der Himbeere vor, kombiniert mit der bet\u00f6renden S\u00fc\u00dfe eines Veilchenbonbons, das Sie in Ihre Kindheit zur\u00fcckversetzt? Ja, genau das ist es: ein Fr\u00fchling in der Flasche, bereit, Ihren Gaumen zu verw\u00f6hnen! G\u00f6nnen Sie sich eine zarte und elegante Dampferpause, die perfekte kleine St\u00e4rkung, die Sie den ganzen Tag \u00fcber genie\u00dfen k\u00f6nnen, mit dem <strong>Protect Les 4 Saisons Printemps &#8211; Bonbon Framboise Violette 10 ml E-Liquide<\/strong>.<\/p>\n<p>&nbsp;<\/p>\n<p><strong><span style=\"vertical-align: inherit;\">Wichtig<\/span><\/strong><span style=\"vertical-align: inherit;\"> E-Liquid bereits nikotinisiert, verkauft in einer 10 ml Flasche.<\/span><\/p>\n<p class=\"class-fabrication\"><span style=\"vertical-align: inherit;\">Hergestellt in Frankreich; PG\/VG-Verh\u00e4ltnis: 50 % \/ 50 %. Passt sich an jede Art von Material an.<\/span><\/p>\n<p>&nbsp;<\/p>\n<p>Entdecken Sie weitere Produkte der Marke <a href=\"\/marque\/protect\/\" target=\"_blank\" rel=\"noopener\">Protect<\/a>.<\/p>\n<p>Erhalten Sie Rabatte oder die neuesten Informationen \u00fcber unsere Produkte, indem Sie uns auf unseren sozialen Netzwerken folgen: <a href=\"https:\/\/www.facebook.com\/VapeAigleCH\" target=\"_blank\" rel=\"noopener\">Facebook<\/a> oder <a href=\"https:\/\/www.instagram.com\/vapotheque\" target=\"_blank\" rel=\"noopener\">Instagram<\/a>.<\/p>\n","protected":false},"excerpt":{"rendered":"<p>Protect Les 4 Saisons Printemps &#8211; Bonbon Himbeere Violett 10 ml E-Liquid : Vapez Printemps, Vapez Raffinement! Der Protect Les 4 Saisons Printemps &#8211; Bonbon Framboise Violette 10 ml E-Liquide ist wieder da, diesmal in einer Nikotinsalzversion f\u00fcr eine noch schmackhaftere und befriedigendere Erfahrung. Haben Sie Fr\u00fchling gesagt? Es ist unm\u00f6glich, frischer zu sein als [&hellip;]<\/p>\n","protected":false},"featured_media":34328,"template":"","meta":{"_acf_changed":false},"product_cat":[405,442,408,1629,1718],"product_tag":[],"class_list":{"0":"post-34700","1":"product","2":"type-product","3":"status-publish","4":"has-post-thumbnail","6":"product_cat-e-liquids","7":"product_cat-hervorgehobene-produkte","8":"product_cat-lieferbar-innerhalb-von-24-stunden-de","9":"product_cat-10-ml-mit-nikotin","10":"product_cat-10ml-810-de","12":"first","13":"instock","14":"taxable","15":"shipping-taxable","16":"purchasable","17":"product-type-variable"},"acf":[],"jetpack_sharing_enabled":true,"_links":{"self":[{"href":"https:\/\/vapotheque.ch\/de\/wp-json\/wp\/v2\/product\/34700","targetHints":{"allow":["GET"]}}],"collection":[{"href":"https:\/\/vapotheque.ch\/de\/wp-json\/wp\/v2\/product"}],"about":[{"href":"https:\/\/vapotheque.ch\/de\/wp-json\/wp\/v2\/types\/product"}],"wp:featuredmedia":[{"embeddable":true,"href":"https:\/\/vapotheque.ch\/de\/wp-json\/wp\/v2\/media\/34328"}],"wp:attachment":[{"href":"https:\/\/vapotheque.ch\/de\/wp-json\/wp\/v2\/media?parent=34700"}],"wp:term":[{"taxonomy":"product_cat","embeddable":true,"href":"https:\/\/vapotheque.ch\/de\/wp-json\/wp\/v2\/product_cat?post=34700"},{"taxonomy":"product_tag","embeddable":true,"href":"https:\/\/vapotheque.ch\/de\/wp-json\/wp\/v2\/product_tag?post=34700"}],"curies":[{"name":"wp","href":"https:\/\/api.w.org\/{rel}","templated":true}]}}