{"id":34694,"date":"2024-09-28T16:57:56","date_gmt":"2024-09-28T14:57:56","guid":{"rendered":"https:\/\/vapotheque.ch\/boutique\/protect-die-4-jahreszeiten-sommer-nektarine-drachenfrucht-10-ml-e-liquid\/"},"modified":"2024-11-12T11:29:41","modified_gmt":"2024-11-12T10:29:41","slug":"protect-die-4-jahreszeiten-sommer-nektarine-drachenfrucht-10-ml-e-liquid","status":"publish","type":"product","link":"https:\/\/vapotheque.ch\/de\/shop\/protect-die-4-jahreszeiten-sommer-nektarine-drachenfrucht-10-ml-e-liquid\/","title":{"rendered":"Protect &#8211; Die 4 Jahreszeiten Sommer &#8211; Nektarine Drachenfrucht 10 ml E-Liquid"},"content":{"rendered":"<h2><strong>Protect Les 4 Saisons Sommer &#8211; Nektarine Drachenfrucht 10 ml E-Liquid : Erleben Sie den Sommer mit vollem Elan!<\/strong><\/h2>\n<p>Dampfen Sie zu jeder Jahreszeit mit dem <strong>Protect Les 4 Saisons \u00c9t\u00e9 &#8211; Nectarine Fruit du Dragon 10 ml E-Liquide<\/strong>, jetzt auch mit Nikotinsalz f\u00fcr ein tolles Dampferlebnis! Bereiten Sie sich darauf vor, Ihre Geschmacksnerven mit diesem neuen Sommer-Essential zum Explodieren zu bringen, das Sie in Ihre K\u00fchlbox neben Ihren Ros\u00e9 und Ihr Kreuzwortr\u00e4tsel legen k\u00f6nnen! Diese Fl\u00fcssigkeit, die speziell f\u00fcr sonnige Tage entwickelt wurde, wird Sie mit ihrer saftigen Nektarine, die vor Sonnenschein spr\u00fcht, der exotischen Drachenfrucht, die zu einem Ausflug einl\u00e4dt, und ihrer exquisiten Frische, die Sie bei jedem Atemzug eine sommerliche Brise sp\u00fcren l\u00e4sst, verzaubern. Sind Sie also bereit, sich mit dem <strong>Protect Les 4 Saisons \u00c9t\u00e9 &#8211; Nectarine Fruit du Dragon 10 ml E-Liquide <\/strong> in diesen k\u00f6stlichen Sommer zu st\u00fcrzen? <\/p>\n<p>&nbsp;<\/p>\n<p><strong><span style=\"vertical-align: inherit;\">Wichtig<\/span><\/strong><span style=\"vertical-align: inherit;\"> E-Liquid bereits nikotinisiert, verkauft in einer 10 ml Flasche.<\/span><\/p>\n<p class=\"class-fabrication\"><span style=\"vertical-align: inherit;\">Hergestellt in Frankreich; PG\/VG-Verh\u00e4ltnis: 50 % \/ 50 %. Passt sich an jede Art von Material an.<\/span><\/p>\n<p>&nbsp;<\/p>\n<p>Entdecken Sie weitere Produkte der Marke <a href=\"\/marque\/protect\/\" target=\"_blank\" rel=\"noopener\">Protect<\/a>.<\/p>\n<p>Erhalten Sie Rabatte oder die neuesten Informationen \u00fcber unsere Produkte, indem Sie uns auf unseren sozialen Netzwerken folgen: <a href=\"https:\/\/www.facebook.com\/VapeAigleCH\" target=\"_blank\" rel=\"noopener\">Facebook<\/a> oder <a href=\"https:\/\/www.instagram.com\/vapotheque\" target=\"_blank\" rel=\"noopener\">Instagram<\/a>.<\/p>\n","protected":false},"excerpt":{"rendered":"<p>Protect Les 4 Saisons Sommer &#8211; Nektarine Drachenfrucht 10 ml E-Liquid : Erleben Sie den Sommer mit vollem Elan! Dampfen Sie zu jeder Jahreszeit mit dem Protect Les 4 Saisons \u00c9t\u00e9 &#8211; Nectarine Fruit du Dragon 10 ml E-Liquide, jetzt auch mit Nikotinsalz f\u00fcr ein tolles Dampferlebnis! Bereiten Sie sich darauf vor, Ihre Geschmacksnerven mit [&hellip;]<\/p>\n","protected":false},"featured_media":34325,"template":"","meta":{"_acf_changed":false},"product_cat":[405,442,408,423,1629,1718],"product_tag":[],"class_list":{"0":"post-34694","1":"product","2":"type-product","3":"status-publish","4":"has-post-thumbnail","6":"product_cat-e-liquids","7":"product_cat-hervorgehobene-produkte","8":"product_cat-lieferbar-innerhalb-von-24-stunden-de","9":"product_cat-promos","10":"product_cat-10-ml-mit-nikotin","11":"product_cat-10ml-810-de","13":"first","14":"instock","15":"taxable","16":"shipping-taxable","17":"purchasable","18":"product-type-variable"},"acf":[],"jetpack_sharing_enabled":true,"_links":{"self":[{"href":"https:\/\/vapotheque.ch\/de\/wp-json\/wp\/v2\/product\/34694","targetHints":{"allow":["GET"]}}],"collection":[{"href":"https:\/\/vapotheque.ch\/de\/wp-json\/wp\/v2\/product"}],"about":[{"href":"https:\/\/vapotheque.ch\/de\/wp-json\/wp\/v2\/types\/product"}],"wp:featuredmedia":[{"embeddable":true,"href":"https:\/\/vapotheque.ch\/de\/wp-json\/wp\/v2\/media\/34325"}],"wp:attachment":[{"href":"https:\/\/vapotheque.ch\/de\/wp-json\/wp\/v2\/media?parent=34694"}],"wp:term":[{"taxonomy":"product_cat","embeddable":true,"href":"https:\/\/vapotheque.ch\/de\/wp-json\/wp\/v2\/product_cat?post=34694"},{"taxonomy":"product_tag","embeddable":true,"href":"https:\/\/vapotheque.ch\/de\/wp-json\/wp\/v2\/product_tag?post=34694"}],"curies":[{"name":"wp","href":"https:\/\/api.w.org\/{rel}","templated":true}]}}