{"id":34683,"date":"2024-09-27T13:50:36","date_gmt":"2024-09-27T11:50:36","guid":{"rendered":"https:\/\/vapotheque.ch\/boutique\/don-cristo-blond-10-ml-e-liquid\/"},"modified":"2024-11-12T11:29:27","modified_gmt":"2024-11-12T10:29:27","slug":"don-cristo-blond-10-ml-e-liquid","status":"publish","type":"product","link":"https:\/\/vapotheque.ch\/de\/shop\/don-cristo-blond-10-ml-e-liquid\/","title":{"rendered":"Don Cristo &#8211; Blond 10 ml E-Liquid"},"content":{"rendered":"<h2><strong>Don Cristo Blond 10 ml E-Liquid: Sanftheit &amp; Charme unter einer kubanischen Wolke<\/strong><\/h2>\n<p>Betreten Sie die luxuri\u00f6se Welt der kubanischen Zigarren mit <strong>Don Cristo Blond 10 ml E-Liquid<\/strong>, jetzt auch mit Nikotinsalzen. Diese hochwertigen E-Liquids, die aus echten Tabakblattmazeraten hergestellt werden, versprechen Ihnen ein ebenso raffiniertes wie intensives Dampferlebnis. Ob Sie nun ein Fan von rauen Aromen oder einem Hauch von Gourmet sind, jeder Zug an einem Don Cristo ist ein vollst\u00e4ndiges Eintauchen in die Kunst des klassischen Dampfens, verfeinert durch die Expertise der Meister des kubanischen Tabaks. Wenn der Tag nach etwas S\u00fc\u00dfem verlangt, ist <strong>Don Cristo Blond 10 ml E-Liquid<\/strong> da, um dem Ruf zu folgen. Achtung, lassen Sie sich nicht t\u00e4uschen, es handelt sich nicht um einen Saft, der so s\u00fc\u00df wie Zuckerwatte ist! Nein, der Don bleibt sich selbst treu mit der Authentizit\u00e4t seiner kubanischen Zigarre, aber er l\u00e4sst sich von einem zarten Streicheln von goldenem Honig erweichen. Eine perfekte Balance zwischen Robustheit und S\u00fc\u00dfe, ideal f\u00fcr diejenigen, die einen Klassiker mit einer raffinierten s\u00fc\u00dfen Note suchen.  <\/p>\n<p>&nbsp;<\/p>\n<p><strong><span style=\"vertical-align: inherit;\">Wichtig<\/span><\/strong><span style=\"vertical-align: inherit;\"> E-Liquid bereits nikotinisiert, verkauft in einer 10 ml Flasche.<\/span><\/p>\n<p class=\"class-fabrication\"><span style=\"vertical-align: inherit;\">Hergestellt in Kanada; PG\/VG-Verh\u00e4ltnis: 50 % \/ 50 %. Passt sich an jede Art von Material an.<\/span><\/p>\n<p>&nbsp;<\/p>\n<p>Entdecken Sie weitere Produkte der Marke <a href=\"\/marque\/pg-vg-labs\/\" target=\"_blank\" rel=\"noopener\">PG VG Labs<\/a>!<\/p>\n<p>Erhalten Sie Rabatte oder die neuesten Informationen \u00fcber unsere Produkte, indem Sie uns auf unseren sozialen Netzwerken folgen: <a href=\"https:\/\/www.facebook.com\/VapeAigleCH\" target=\"_blank\" rel=\"noopener\">Facebook<\/a> oder <a href=\"https:\/\/www.instagram.com\/vapotheque\" target=\"_blank\" rel=\"noopener\">Instagram<\/a>.<\/p>\n","protected":false},"excerpt":{"rendered":"<p>Don Cristo Blond 10 ml E-Liquid: Sanftheit &amp; Charme unter einer kubanischen Wolke Betreten Sie die luxuri\u00f6se Welt der kubanischen Zigarren mit Don Cristo Blond 10 ml E-Liquid, jetzt auch mit Nikotinsalzen. Diese hochwertigen E-Liquids, die aus echten Tabakblattmazeraten hergestellt werden, versprechen Ihnen ein ebenso raffiniertes wie intensives Dampferlebnis. Ob Sie nun ein Fan von [&hellip;]<\/p>\n","protected":false},"featured_media":34211,"template":"","meta":{"_acf_changed":false},"product_cat":[405,442,408,1629,1719],"product_tag":[],"class_list":{"0":"post-34683","1":"product","2":"type-product","3":"status-publish","4":"has-post-thumbnail","6":"product_brand-don-cristo-de","7":"product_brand-pg-vg-labs-de","8":"product_cat-e-liquids","9":"product_cat-hervorgehobene-produkte","10":"product_cat-lieferbar-innerhalb-von-24-stunden-de","11":"product_cat-10-ml-mit-nikotin","12":"product_cat-10ml-850-de","14":"first","15":"instock","16":"taxable","17":"shipping-taxable","18":"purchasable","19":"product-type-variable"},"acf":[],"jetpack_sharing_enabled":true,"_links":{"self":[{"href":"https:\/\/vapotheque.ch\/de\/wp-json\/wp\/v2\/product\/34683","targetHints":{"allow":["GET"]}}],"collection":[{"href":"https:\/\/vapotheque.ch\/de\/wp-json\/wp\/v2\/product"}],"about":[{"href":"https:\/\/vapotheque.ch\/de\/wp-json\/wp\/v2\/types\/product"}],"wp:featuredmedia":[{"embeddable":true,"href":"https:\/\/vapotheque.ch\/de\/wp-json\/wp\/v2\/media\/34211"}],"wp:attachment":[{"href":"https:\/\/vapotheque.ch\/de\/wp-json\/wp\/v2\/media?parent=34683"}],"wp:term":[{"taxonomy":"product_cat","embeddable":true,"href":"https:\/\/vapotheque.ch\/de\/wp-json\/wp\/v2\/product_cat?post=34683"},{"taxonomy":"product_tag","embeddable":true,"href":"https:\/\/vapotheque.ch\/de\/wp-json\/wp\/v2\/product_tag?post=34683"}],"curies":[{"name":"wp","href":"https:\/\/api.w.org\/{rel}","templated":true}]}}