{"id":34678,"date":"2024-09-27T13:03:01","date_gmt":"2024-09-27T11:03:01","guid":{"rendered":"https:\/\/vapotheque.ch\/boutique\/don-cristo-xo-10-ml-e-liquid\/"},"modified":"2024-11-12T11:29:25","modified_gmt":"2024-11-12T10:29:25","slug":"don-cristo-xo-10-ml-e-liquid","status":"publish","type":"product","link":"https:\/\/vapotheque.ch\/de\/shop\/don-cristo-xo-10-ml-e-liquid\/","title":{"rendered":"Don Cristo &#8211; XO 10 ml E-Liquid"},"content":{"rendered":"<h2>Don Cristo XO 10 ml E-Liquid : Die perfekte Kombination aus Robustheit und Weichheit<\/h2>\n<p>Betreten Sie die luxuri\u00f6se Welt der kubanischen Zigarren mit <strong>Don Cristo XO 10 ml E-Liquid<\/strong>, jetzt auch mit Nikotinsalzen. Diese hochwertigen E-Liquids, die aus echten Tabakblattmazeraten hergestellt werden, versprechen Ihnen ein ebenso raffiniertes wie intensives Dampferlebnis. Ob Sie nun ein Fan von rauen Aromen oder einem Hauch von Gourmet sind, jeder Zug an einem Don Cristo ist ein totales Eintauchen in die Kunst des klassischen Dampfens, verfeinert durch die Expertise der Meister des kubanischen Tabaks. Lassen Sie sich zu einem kleinen Moment der S\u00fc\u00dfe verf\u00fchren mit dem <strong>Don Cristo XO 10 ml E-Liquid<\/strong>, der perfekten Balance zwischen Robustheit und Genuss. Stellen Sie sich eine kubanische Zigarre vor, die mit einem unwiderstehlichen Hauch von zartschmelzendem Karamell kombiniert wird. Diese erhabene Kombination bietet ein Dampfen mit tiefen Aromen, ideal f\u00fcr Liebhaber von klassischen und k\u00f6stlichen Aromen. Nehmen Sie sich Zeit, denn jeder Zug an Don Cristo XO ist eine Einladung zur Entspannung, die langsam genossen werden sollte, wie eine gute Zigarre mit einer k\u00f6stlichen s\u00fc\u00dfen Note.  <\/p>\n<p>&nbsp;<\/p>\n<p><strong><span style=\"vertical-align: inherit;\">Wichtig<\/span><\/strong><span style=\"vertical-align: inherit;\"> E-Liquid bereits nikotinisiert, verkauft in einer 10 ml Flasche.<\/span><\/p>\n<p class=\"class-fabrication\"><span style=\"vertical-align: inherit;\">Hergestellt in Kanada; PG\/VG-Verh\u00e4ltnis: 50 % \/ 50 %. Passt sich an jede Art von Material an.<\/span><\/p>\n<p>&nbsp;<\/p>\n<p>Entdecken Sie weitere Produkte der Marke <a href=\"\/marque\/pg-vg-labs\/\" target=\"_blank\" rel=\"noopener\">PG VG Labs<\/a>!<\/p>\n<p>Erhalten Sie Rabatte oder die neuesten Informationen \u00fcber unsere Produkte, indem Sie uns auf unseren sozialen Netzwerken folgen: <a href=\"https:\/\/www.facebook.com\/VapeAigleCH\" target=\"_blank\" rel=\"noopener\">Facebook<\/a> oder <a href=\"https:\/\/www.instagram.com\/vapotheque\" target=\"_blank\" rel=\"noopener\">Instagram<\/a>.<\/p>\n","protected":false},"excerpt":{"rendered":"<p>Don Cristo XO 10 ml E-Liquid : Die perfekte Kombination aus Robustheit und Weichheit Betreten Sie die luxuri\u00f6se Welt der kubanischen Zigarren mit Don Cristo XO 10 ml E-Liquid, jetzt auch mit Nikotinsalzen. Diese hochwertigen E-Liquids, die aus echten Tabakblattmazeraten hergestellt werden, versprechen Ihnen ein ebenso raffiniertes wie intensives Dampferlebnis. Ob Sie nun ein Fan [&hellip;]<\/p>\n","protected":false},"featured_media":34205,"template":"","meta":{"_acf_changed":false},"product_cat":[405,442,408,1629,1719],"product_tag":[],"class_list":{"0":"post-34678","1":"product","2":"type-product","3":"status-publish","4":"has-post-thumbnail","6":"product_brand-don-cristo-de","7":"product_brand-pg-vg-labs-de","8":"product_cat-e-liquids","9":"product_cat-hervorgehobene-produkte","10":"product_cat-lieferbar-innerhalb-von-24-stunden-de","11":"product_cat-10-ml-mit-nikotin","12":"product_cat-10ml-850-de","14":"first","15":"instock","16":"taxable","17":"shipping-taxable","18":"purchasable","19":"product-type-variable"},"acf":[],"jetpack_sharing_enabled":true,"_links":{"self":[{"href":"https:\/\/vapotheque.ch\/de\/wp-json\/wp\/v2\/product\/34678","targetHints":{"allow":["GET"]}}],"collection":[{"href":"https:\/\/vapotheque.ch\/de\/wp-json\/wp\/v2\/product"}],"about":[{"href":"https:\/\/vapotheque.ch\/de\/wp-json\/wp\/v2\/types\/product"}],"wp:featuredmedia":[{"embeddable":true,"href":"https:\/\/vapotheque.ch\/de\/wp-json\/wp\/v2\/media\/34205"}],"wp:attachment":[{"href":"https:\/\/vapotheque.ch\/de\/wp-json\/wp\/v2\/media?parent=34678"}],"wp:term":[{"taxonomy":"product_cat","embeddable":true,"href":"https:\/\/vapotheque.ch\/de\/wp-json\/wp\/v2\/product_cat?post=34678"},{"taxonomy":"product_tag","embeddable":true,"href":"https:\/\/vapotheque.ch\/de\/wp-json\/wp\/v2\/product_tag?post=34678"}],"curies":[{"name":"wp","href":"https:\/\/api.w.org\/{rel}","templated":true}]}}