{"id":34659,"date":"2024-09-27T10:43:46","date_gmt":"2024-09-27T08:43:46","guid":{"rendered":"https:\/\/vapotheque.ch\/boutique\/don-cristo-custard-10-ml-e-liquid\/"},"modified":"2025-10-07T17:22:38","modified_gmt":"2025-10-07T15:22:38","slug":"don-cristo-custard-10-ml-e-liquid","status":"publish","type":"product","link":"https:\/\/vapotheque.ch\/de\/shop\/don-cristo-custard-10-ml-e-liquid\/","title":{"rendered":"Don Cristo &#8211; Custard SELS 10 ml E-Fl\u00fcssigkeit"},"content":{"rendered":"<h2><strong>Don Cristo Custard SELS 10 ml E-Liquid: Entdecken Sie eine s\u00fc\u00dfe Allianz!<\/strong><\/h2>\n<p>Die Meister des klassischen Gourmet-Dampfes sind zur\u00fcck mit einem wahren Meisterwerk aus dem Hause PGVG Labs: dem <strong>Don Cristo Custard SELS 10 ml E-Liquid<\/strong>. Wenn Sie dachten, Sie w\u00fcssten alles \u00fcber kubanische Zigarren, warten Sie, bis Sie in die raffinierte Welt von <g id=\"gid_1\">Don Cristo Custard<\/g> eingetaucht sind. Stellen Sie sich vor: die Intensit\u00e4t einer charaktervollen Zigarre, gepaart mit einer Vanillecreme, die so weich und samtig ist, dass sie fast Barry White in Ihren Geschmacksknospen singen k\u00f6nnte.  <\/p>\n<p><strong>Das Geschenk unter den Spenden<\/strong> Machen Sie sich bereit f\u00fcr einen Verdampfer, der Robustheit und Z\u00e4rtlichkeit vereint. Es ist kein einfaches E-Liquid, es ist ein schwebender Moment, ein umh\u00fcllendes Erlebnis, bei dem sich die Tiefe der mazerierten Tabakbl\u00e4tter mit der cremigen Zartheit eines perfekt ausbalancierten Vanillepuddings vermischt. <\/p>\n<p><strong>F\u00fcr Liebhaber raffinierter Aromen<\/strong> Don Cristo Custard ist nicht nur ein Vape, es ist eine Einladung, den Genuss klassischer Aromen wiederzuentdecken, die durch einen Hauch von S\u00fc\u00dfe sublimiert werden. Jeder Zug ist wie eine Flucht in eine Hazienda im sonnigen Kuba, eine Zigarre in der Hand, alles ges\u00fc\u00dft mit einem k\u00f6stlichen Pudding, der das Gesicht zum Schmelzen bringt. <\/p>\n<p>Egal, ob Sie ein Fan von Zigarren oder ein Liebhaber von Delikatessen sind, das <strong>Don Cristo Custard SELS 10 ml E-Liquid<\/strong> ist hier, um Ihnen einen vollmundigen und beruhigenden Dampf zu bieten.<\/p>\n<\/p>\n<p><strong><br \/>\n  <span style=\"vertical-align: inherit\">Wichtig<\/span><br \/>\n<\/strong><span style=\"vertical-align: inherit\"> : E-Liquid bereits nikotiniert, verkauft in einer 10 ml Flasche.<\/span><\/p>\n<p class=\"class-fabrication\"><span style=\"vertical-align: inherit\">Hergestellt in Kanada; PG\/VG-Verh\u00e4ltnis: 50 % \/ 50 %. Passt in alle Ger\u00e4te. <\/span><\/p>\n<\/p>\n<p>Entdecken Sie die anderen Produkte der <a href=\"..\/..\/marque\/pg-vg-labs\/\" target=\"_blank\" rel=\"noopener\">Marke PG VG Labs!<\/a><\/p>\n<p>Erhalten Sie Rabatte oder die neuesten Informationen zu unseren Produkten, indem Sie uns in unseren sozialen Netzwerken folgen: <a href=\"https:\/\/www.facebook.com\/VapeAigleCH\" target=\"_blank\" rel=\"noopener\">Facebook<\/a> oder <a href=\"https:\/\/www.instagram.com\/vapotheque_aigle\/\" target=\"_blank\" rel=\"noopener\">Instagram<\/a>.<\/p>\n","protected":false},"excerpt":{"rendered":"<p>Don Cristo Custard SELS 10 ml E-Liquid: Entdecken Sie eine s\u00fc\u00dfe Allianz! Die Meister des klassischen Gourmet-Dampfes sind zur\u00fcck mit einem wahren Meisterwerk aus dem Hause PGVG Labs: dem Don Cristo Custard SELS 10 ml E-Liquid. Wenn Sie dachten, Sie w\u00fcssten alles \u00fcber kubanische Zigarren, warten Sie, bis Sie in die raffinierte Welt von Don [&hellip;]<\/p>\n","protected":false},"featured_media":34189,"template":"","meta":{"_acf_changed":false},"product_cat":[405,442,408,1629,1719],"product_tag":[],"class_list":{"0":"post-34659","1":"product","2":"type-product","3":"status-publish","4":"has-post-thumbnail","6":"product_brand-don-cristo-de","7":"product_brand-pg-vg-labs-de","8":"product_cat-e-liquids","9":"product_cat-hervorgehobene-produkte","10":"product_cat-lieferbar-innerhalb-von-24-stunden-de","11":"product_cat-10-ml-mit-nikotin","12":"product_cat-10ml-850-de","14":"first","15":"instock","16":"taxable","17":"shipping-taxable","18":"purchasable","19":"product-type-variable"},"acf":[],"jetpack_sharing_enabled":true,"_links":{"self":[{"href":"https:\/\/vapotheque.ch\/de\/wp-json\/wp\/v2\/product\/34659","targetHints":{"allow":["GET"]}}],"collection":[{"href":"https:\/\/vapotheque.ch\/de\/wp-json\/wp\/v2\/product"}],"about":[{"href":"https:\/\/vapotheque.ch\/de\/wp-json\/wp\/v2\/types\/product"}],"wp:featuredmedia":[{"embeddable":true,"href":"https:\/\/vapotheque.ch\/de\/wp-json\/wp\/v2\/media\/34189"}],"wp:attachment":[{"href":"https:\/\/vapotheque.ch\/de\/wp-json\/wp\/v2\/media?parent=34659"}],"wp:term":[{"taxonomy":"product_cat","embeddable":true,"href":"https:\/\/vapotheque.ch\/de\/wp-json\/wp\/v2\/product_cat?post=34659"},{"taxonomy":"product_tag","embeddable":true,"href":"https:\/\/vapotheque.ch\/de\/wp-json\/wp\/v2\/product_tag?post=34659"}],"curies":[{"name":"wp","href":"https:\/\/api.w.org\/{rel}","templated":true}]}}