{"id":34658,"date":"2024-09-25T16:39:32","date_gmt":"2024-09-25T14:39:32","guid":{"rendered":"https:\/\/vapotheque.ch\/boutique\/le-petit-verger-traube-cranberry-frisch-10-ml-e-liquide\/"},"modified":"2025-03-09T16:14:19","modified_gmt":"2025-03-09T15:14:19","slug":"le-petit-verger-traube-cranberry-frisch-10-ml-e-liquide","status":"publish","type":"product","link":"https:\/\/vapotheque.ch\/de\/shop\/le-petit-verger-traube-cranberry-frisch-10-ml-e-liquide\/","title":{"rendered":"Le Petit Verger &#8211; Traube Cranberry Frisch 10 ml E-Liquide"},"content":{"rendered":"<h2><strong>Le Petit Verger Frische Cranberry-Traube 10 ml E-Liquid : Eine unwiderstehliche fruchtige Fusion mit Le Petit Verger!<\/strong><\/h2>\n<p>Entdecken Sie die fruchtigen Aromen der Produktreihe<b> Le Petit Verger <\/b>mit <strong>Le Petit Verger Raisin Cranberry Frais 10 ml E-Liquide<\/strong> neu. Jetzt mit einer erfrischenden Note! Machen Sie sich bereit f\u00fcr ein k\u00f6stliches und erfrischendes Dampferlebnis mit diesen hochwertigen E-Liquids, die von Savourea stolz in Frankreich hergestellt werden. <strong>Stellen Sie sich eine Welt vor, in der die besten Trauben mit den kleinen Beeren aus \u00dcbersee in einer fruchtigen Fiesta tanzen!<\/strong> Genau das bietet Ihnen <strong>Le Petit Verger Traube Cranberry Frisch 10 ml<\/strong> unwiderstehliches <strong>E-Liquid<\/strong>. Die s\u00fc\u00dfe S\u00fc\u00dfe der Traube und der s\u00e4uerliche Geschmack der Cranberry bilden eine perfekte Fusion, die Ihre Geschmacksnerven zum Singen bringt. Jeder Puff ist eine wahre Ode an die Fr\u00fcchte, eine Symphonie der Aromen, die Sie direkt in einen Obstgarten versetzt, der in voller Bl\u00fcte steht.  <\/p>\n<p><strong>Aber halt, das ist noch nicht alles!<\/strong>  Diese fruchtige Kombination wird durch ein unwiderstehliches Gef\u00fchl von Frische hervorgehoben, das Ihren Gaumen wie eine Sommerbrise umschmeichelt. Dies ist die perfekte Kombi f\u00fcr alle, die einen frischen und fruchtigen Geschmack suchen, mit s\u00fc\u00dfen und s\u00e4uerlichen Nuancen, die bei jeder Inhalation ein L\u00e4cheln auf Ihr Gesicht zaubern. <\/p>\n<p><strong>Ob Sie sich in einem Park entspannen, einen Moment mit Freunden verbringen oder einfach einen wohlverdienten Moment der Einsamkeit genie\u00dfen, diese e-Liquid ist Ihr bester Verb\u00fcndeter.<\/strong>  Lassen Sie sich von dieser Geschmacksexplosion verf\u00fchren, die jeden Moment des Dampfen unvergesslich macht.<\/p>\n<p><strong>Sind Sie bereit f\u00fcr diese au\u00dfergew\u00f6hnliche Sinneserfahrung?<\/strong>  Greifen Sie zu Ihrer e-Zigarette und lassen Sie sich von dieser Fusion aus Trauben und Cranberry zu neuen H\u00f6hen der Frische und des fruchtigen Genusses f\u00fchren. Auf geht&#8217;s, die Party kann beginnen! <\/p>\n<p>&nbsp;<\/p>\n<p><strong><span style=\"vertical-align: inherit;\">Wichtig<\/span><\/strong><span style=\"vertical-align: inherit;\"> E-Liquid bereits nikotinisiert, verkauft in einer 10 ml Flasche.<\/span><\/p>\n<p class=\"class-fabrication\"><span style=\"vertical-align: inherit;\">Hergestellt in Frankreich; PG\/VG-Verh\u00e4ltnis: 50 % \/ 50 %. Passt sich an jede Art von Material an.<\/span><\/p>\n<p>&nbsp;<\/p>\n<p><span style=\"vertical-align: inherit;\">Entdecken Sie weitere Produkte der Marke <\/span><a href=\"\/marque\/savourea\/\" target=\"_blank\" rel=\"noopener\"><span style=\"vertical-align: inherit;\">Savourea<\/span><\/a><span style=\"vertical-align: inherit;\"> .<\/span><\/p>\n<p><span style=\"vertical-align: inherit;\">Erhalten Sie Rabatte oder die neuesten Informationen \u00fcber unsere Produkte, indem Sie uns in unseren sozialen Netzwerken folgen: <\/span><a href=\"https:\/\/www.facebook.com\/VapeAigleCH\" target=\"_blank\" rel=\"noopener\"><span style=\"vertical-align: inherit;\">Facebook<\/span><\/a><span style=\"vertical-align: inherit;\"> oder <\/span><a href=\"https:\/\/www.instagram.com\/vapotheque\" target=\"_blank\" rel=\"noopener\"><span style=\"vertical-align: inherit;\">Instagram<\/span><\/a><span style=\"vertical-align: inherit;\"> .<\/span><\/p>\n","protected":false},"excerpt":{"rendered":"<p>Le Petit Verger Frische Cranberry-Traube 10 ml E-Liquid : Eine unwiderstehliche fruchtige Fusion mit Le Petit Verger! Entdecken Sie die fruchtigen Aromen der Produktreihe Le Petit Verger mit Le Petit Verger Raisin Cranberry Frais 10 ml E-Liquide neu. Jetzt mit einer erfrischenden Note! Machen Sie sich bereit f\u00fcr ein k\u00f6stliches und erfrischendes Dampferlebnis mit diesen [&hellip;]<\/p>\n","protected":false},"featured_media":33948,"template":"","meta":{"_acf_changed":false},"product_cat":[405,442,408,1629,1715,1977],"product_tag":[],"class_list":{"0":"post-34658","1":"product","2":"type-product","3":"status-publish","4":"has-post-thumbnail","6":"product_brand-savourea-de","7":"product_cat-e-liquids","8":"product_cat-hervorgehobene-produkte","9":"product_cat-lieferbar-innerhalb-von-24-stunden-de","10":"product_cat-10-ml-mit-nikotin","11":"product_cat-10ml-750-de","12":"product_cat-lagerraeumung","14":"first","15":"instock","16":"sale","17":"taxable","18":"shipping-taxable","19":"purchasable","20":"product-type-variable"},"acf":[],"jetpack_sharing_enabled":true,"_links":{"self":[{"href":"https:\/\/vapotheque.ch\/de\/wp-json\/wp\/v2\/product\/34658","targetHints":{"allow":["GET"]}}],"collection":[{"href":"https:\/\/vapotheque.ch\/de\/wp-json\/wp\/v2\/product"}],"about":[{"href":"https:\/\/vapotheque.ch\/de\/wp-json\/wp\/v2\/types\/product"}],"wp:featuredmedia":[{"embeddable":true,"href":"https:\/\/vapotheque.ch\/de\/wp-json\/wp\/v2\/media\/33948"}],"wp:attachment":[{"href":"https:\/\/vapotheque.ch\/de\/wp-json\/wp\/v2\/media?parent=34658"}],"wp:term":[{"taxonomy":"product_cat","embeddable":true,"href":"https:\/\/vapotheque.ch\/de\/wp-json\/wp\/v2\/product_cat?post=34658"},{"taxonomy":"product_tag","embeddable":true,"href":"https:\/\/vapotheque.ch\/de\/wp-json\/wp\/v2\/product_tag?post=34658"}],"curies":[{"name":"wp","href":"https:\/\/api.w.org\/{rel}","templated":true}]}}