{"id":34652,"date":"2024-09-26T18:27:57","date_gmt":"2024-09-26T16:27:57","guid":{"rendered":"https:\/\/vapotheque.ch\/boutique\/don-cristo-original-10-ml-e-liquid\/"},"modified":"2025-04-26T12:28:38","modified_gmt":"2025-04-26T10:28:38","slug":"don-cristo-original-10-ml-e-liquid","status":"publish","type":"product","link":"https:\/\/vapotheque.ch\/de\/shop\/don-cristo-original-10-ml-e-liquid\/","title":{"rendered":"Don Cristo &#8211; Original 10 ml E-Liquid"},"content":{"rendered":"<h2><strong>Don Cristo Original 10 ml E-Liquid : Werden Sie zum Don der Klassiker!<\/strong><\/h2>\n<p>Nachdem das legend\u00e4re <strong>Don Cristo Original 10 ml E-Liquid<\/strong> mit seinen Rezepturen mit dem bet\u00f6renden Duft kubanischer Zigarren die Standards von E-Liquids neu definiert hat, wagt es sich auf eine neue Spielwiese: Nikotinsalze. Eine gewagte Wette, die verspricht, Liebhaber von raffiniertem Dampf zu verf\u00fchren, mit sanften und raffinierten Aromen, die immer von der unwiderstehlichen Havanna-Note gepr\u00e4gt sind, f\u00fcr die sie ber\u00fchmt sind. <\/p>\n<p>In dieser Originalfassung finden wir das Geschenk der Geschenke, die Essenz von Don Cristo. Stellen Sie sich eine langsame und sorgf\u00e4ltige Mazeration von echten kubanischen Tabakbl\u00e4ttern vor, die alle einen beunruhigend weichen Dampf bieten, aber einen starken Charakter haben. Jeder Zug versetzt Sie direkt in das Herz einer \u00fcppigen Tabakplantage und hat das Gef\u00fchl, die Tabakwelt bequem von Ihrer Hacienda aus zu dominieren. Wenn Sie ein Fan von authentischen Aromen sind, ist dieses E-Liquid einfach ein Muss.   <\/p>\n<p>Machen Sie sich bereit, mit <strong>Don Cristo Original 10ml E-Liquid<\/strong> die Oberhand zu gewinnen, wo jeder Zug Sie zum K\u00f6nig der klassischen Aromen kr\u00f6nt!<\/p>\n<p>&nbsp;<\/p>\n<p><strong><span style=\"vertical-align: inherit\">Wichtig<\/span><\/strong><span style=\"vertical-align: inherit\"> E-Liquid bereits nikotinisiert, verkauft in einer 10 ml Flasche.<\/span><\/p>\n<p class=\"class-fabrication\"><span style=\"vertical-align: inherit\">Hergestellt in Kanada; PG\/VG-Verh\u00e4ltnis: 50 % \/ 50 %. Passt in alle Ger\u00e4te. <\/span><\/p>\n<p>&nbsp;<\/p>\n<p>Entdecken Sie weitere Produkte der Marke <a href=\"https:\/\/vapotheque.ch\/de\/marque\/pg-vg-labs-de\/\" target=\"_blank\" rel=\"noopener\">PG VG Labs!<\/a><\/p>\n<p>Erhalten Sie Rabatte oder die neuesten Informationen zu unseren Produkten, indem Sie uns in unseren sozialen Netzwerken folgen: <a href=\"https:\/\/www.facebook.com\/VapeAigleCH\" target=\"_blank\" rel=\"noopener\">Facebook<\/a> oder <a href=\"https:\/\/www.instagram.com\/vapotheque\" target=\"_blank\" rel=\"noopener\">Instagram<\/a>.<\/p>\n","protected":false},"excerpt":{"rendered":"<p>Don Cristo Original 10 ml E-Liquid : Werden Sie zum Don der Klassiker! Nachdem das legend\u00e4re Don Cristo Original 10 ml E-Liquid mit seinen Rezepturen mit dem bet\u00f6renden Duft kubanischer Zigarren die Standards von E-Liquids neu definiert hat, wagt es sich auf eine neue Spielwiese: Nikotinsalze. Eine gewagte Wette, die verspricht, Liebhaber von raffiniertem Dampf [&hellip;]<\/p>\n","protected":false},"featured_media":34171,"template":"","meta":{"_acf_changed":false},"product_cat":[405,442,408,1629,1719],"product_tag":[],"class_list":{"0":"post-34652","1":"product","2":"type-product","3":"status-publish","4":"has-post-thumbnail","6":"product_brand-don-cristo-de","7":"product_brand-pg-vg-labs-de","8":"product_cat-e-liquids","9":"product_cat-hervorgehobene-produkte","10":"product_cat-lieferbar-innerhalb-von-24-stunden-de","11":"product_cat-10-ml-mit-nikotin","12":"product_cat-10ml-850-de","14":"first","15":"instock","16":"taxable","17":"shipping-taxable","18":"purchasable","19":"product-type-variable"},"acf":[],"jetpack_sharing_enabled":true,"_links":{"self":[{"href":"https:\/\/vapotheque.ch\/de\/wp-json\/wp\/v2\/product\/34652","targetHints":{"allow":["GET"]}}],"collection":[{"href":"https:\/\/vapotheque.ch\/de\/wp-json\/wp\/v2\/product"}],"about":[{"href":"https:\/\/vapotheque.ch\/de\/wp-json\/wp\/v2\/types\/product"}],"wp:featuredmedia":[{"embeddable":true,"href":"https:\/\/vapotheque.ch\/de\/wp-json\/wp\/v2\/media\/34171"}],"wp:attachment":[{"href":"https:\/\/vapotheque.ch\/de\/wp-json\/wp\/v2\/media?parent=34652"}],"wp:term":[{"taxonomy":"product_cat","embeddable":true,"href":"https:\/\/vapotheque.ch\/de\/wp-json\/wp\/v2\/product_cat?post=34652"},{"taxonomy":"product_tag","embeddable":true,"href":"https:\/\/vapotheque.ch\/de\/wp-json\/wp\/v2\/product_tag?post=34652"}],"curies":[{"name":"wp","href":"https:\/\/api.w.org\/{rel}","templated":true}]}}