{"id":34651,"date":"2024-09-25T16:27:25","date_gmt":"2024-09-25T14:27:25","guid":{"rendered":"https:\/\/vapotheque.ch\/boutique\/le-petit-verger-apfel-frische-zitrone-10-ml-e-liquid\/"},"modified":"2025-03-09T16:14:19","modified_gmt":"2025-03-09T15:14:19","slug":"le-petit-verger-apfel-frische-zitrone-10-ml-e-liquid","status":"publish","type":"product","link":"https:\/\/vapotheque.ch\/de\/shop\/le-petit-verger-apfel-frische-zitrone-10-ml-e-liquid\/","title":{"rendered":"Le Petit Verger &#8211; Apfel Frische Zitrone 10 ml E-Liquid"},"content":{"rendered":"<h2><strong>Le Petit Verger Frischer Apfel Zitrone 10 ml E-Liquid : Ein Hauch von fruchtiger Frische!<\/strong><\/h2>\n<p>Entdecken Sie die fruchtigen Aromen der Produktreihe<b> Le Petit Verger <\/b>mit <strong>Le Petit Verger Apfel Frische Zitrone 10 ml E-Liquid<\/strong> wieder. Jetzt mit einer erfrischenden Note! Machen Sie sich bereit f\u00fcr ein k\u00f6stliches und erfrischendes Dampferlebnis mit diesen hochwertigen E-Liquids, die von Savourea stolz in Frankreich hergestellt werden.  <\/p>\n<p><strong>Machen Sie sich bereit f\u00fcr ein sensorisches Abenteuer, bei dem Ihre Geschmacksknospen vor Freude tanzen werden!<\/strong>  Stellen Sie sich einen Hauch von Dampf vor, der Sie in einen Obstgarten im Hochsommer versetzt, wo die reifen Fr\u00fcchte in der Sonne gl\u00e4nzen. Auf der einen Seite eine saftige Zitrone mit einem scharfen Geschmack, die Ihren Gaumen mit ihrer prickelnden Lebendigkeit kitzelt. Auf der anderen Seite ein knackiger, saftiger Apfel, der trotz seiner S\u00e4ure eine sch\u00f6ne, s\u00fc\u00dfe und bet\u00f6rende Note verleiht, wie ein Sonnenstrahl an einem bew\u00f6lkten Tag.  <\/p>\n<p><strong>Aber warten ist nicht alles!<\/strong>  Die Magie geht noch weiter: Jede Inhalation endet mit einem unglaublichen Gef\u00fchl von Frische, das Ihre Sinne umh\u00fcllt wie eine leichte Brise auf Ihrem Gesicht. Es ist eine Explosion von Aromen, die Ihre Geschmacksknospen weckt und Ihnen ein umwerfendes L\u00e4cheln hinterl\u00e4sst, bereit die Welt zu erobern! <\/p>\n<p><strong>Mit Le Petit Verger Frischer Apfel Zitrone 10 ml E-Liquid wird jeder Zug zu einem fruchtigen Fest!<\/strong>  Ob Sie nun im Park spazieren gehen, einen Roadtrip machen oder einfach nur zu Hause entspannen, diese Kombination aus spritziger Zitrone und knackigem Apfel ist der perfekte Begleiter, um Ihren Tag zu versch\u00f6nern. Lassen Sie sich von diesem strahlenden Dampfen mitrei\u00dfen, bei dem jeder Zug eine Einladung ist, das Leben in vollen Z\u00fcgen zu genie\u00dfen. Also, sind Sie bereit f\u00fcr einen frischen und fruchtigen Geschmack? Auf die Vapes, fertig, los! <\/p>\n<p>&nbsp;<\/p>\n<p><strong><span style=\"vertical-align: inherit;\">Wichtig<\/span><\/strong><span style=\"vertical-align: inherit;\"> E-Liquid bereits nikotinisiert, verkauft in einer 10 ml Flasche.<\/span><\/p>\n<p class=\"class-fabrication\"><span style=\"vertical-align: inherit;\">Hergestellt in Frankreich; PG\/VG-Verh\u00e4ltnis: 50 % \/ 50 %. Passt sich an jede Art von Material an.<\/span><\/p>\n<p>&nbsp;<\/p>\n<p><span style=\"vertical-align: inherit;\">Entdecken Sie weitere Produkte der Marke <\/span><a href=\"\/marque\/savourea\/\" target=\"_blank\" rel=\"noopener\"><span style=\"vertical-align: inherit;\">Savourea<\/span><\/a><span style=\"vertical-align: inherit;\"> .<\/span><\/p>\n<p><span style=\"vertical-align: inherit;\">Erhalten Sie Rabatte oder die neuesten Informationen \u00fcber unsere Produkte, indem Sie uns in unseren sozialen Netzwerken folgen: <\/span><a href=\"https:\/\/www.facebook.com\/VapeAigleCH\" target=\"_blank\" rel=\"noopener\"><span style=\"vertical-align: inherit;\">Facebook<\/span><\/a><span style=\"vertical-align: inherit;\"> oder <\/span><a href=\"https:\/\/www.instagram.com\/vapotheque\" target=\"_blank\" rel=\"noopener\"><span style=\"vertical-align: inherit;\">Instagram<\/span><\/a><span style=\"vertical-align: inherit;\"> .<\/span><\/p>\n","protected":false},"excerpt":{"rendered":"<p>Le Petit Verger Frischer Apfel Zitrone 10 ml E-Liquid : Ein Hauch von fruchtiger Frische! Entdecken Sie die fruchtigen Aromen der Produktreihe Le Petit Verger mit Le Petit Verger Apfel Frische Zitrone 10 ml E-Liquid wieder. Jetzt mit einer erfrischenden Note! Machen Sie sich bereit f\u00fcr ein k\u00f6stliches und erfrischendes Dampferlebnis mit diesen hochwertigen E-Liquids, [&hellip;]<\/p>\n","protected":false},"featured_media":33942,"template":"","meta":{"_acf_changed":false},"product_cat":[405,442,408,1629,1715,1977],"product_tag":[],"class_list":{"0":"post-34651","1":"product","2":"type-product","3":"status-publish","4":"has-post-thumbnail","6":"product_brand-savourea-de","7":"product_cat-e-liquids","8":"product_cat-hervorgehobene-produkte","9":"product_cat-lieferbar-innerhalb-von-24-stunden-de","10":"product_cat-10-ml-mit-nikotin","11":"product_cat-10ml-750-de","12":"product_cat-lagerraeumung","14":"first","15":"instock","16":"sale","17":"taxable","18":"shipping-taxable","19":"purchasable","20":"product-type-variable"},"acf":[],"jetpack_sharing_enabled":true,"_links":{"self":[{"href":"https:\/\/vapotheque.ch\/de\/wp-json\/wp\/v2\/product\/34651","targetHints":{"allow":["GET"]}}],"collection":[{"href":"https:\/\/vapotheque.ch\/de\/wp-json\/wp\/v2\/product"}],"about":[{"href":"https:\/\/vapotheque.ch\/de\/wp-json\/wp\/v2\/types\/product"}],"wp:featuredmedia":[{"embeddable":true,"href":"https:\/\/vapotheque.ch\/de\/wp-json\/wp\/v2\/media\/33942"}],"wp:attachment":[{"href":"https:\/\/vapotheque.ch\/de\/wp-json\/wp\/v2\/media?parent=34651"}],"wp:term":[{"taxonomy":"product_cat","embeddable":true,"href":"https:\/\/vapotheque.ch\/de\/wp-json\/wp\/v2\/product_cat?post=34651"},{"taxonomy":"product_tag","embeddable":true,"href":"https:\/\/vapotheque.ch\/de\/wp-json\/wp\/v2\/product_tag?post=34651"}],"curies":[{"name":"wp","href":"https:\/\/api.w.org\/{rel}","templated":true}]}}