{"id":34644,"date":"2024-09-26T17:54:28","date_gmt":"2024-09-26T15:54:28","guid":{"rendered":"https:\/\/vapotheque.ch\/boutique\/le-petit-verger-frische-wassermelone-melone-10-ml-e-liquide\/"},"modified":"2025-03-09T16:14:18","modified_gmt":"2025-03-09T15:14:18","slug":"le-petit-verger-frische-wassermelone-melone-10-ml-e-liquide","status":"publish","type":"product","link":"https:\/\/vapotheque.ch\/de\/shop\/le-petit-verger-frische-wassermelone-melone-10-ml-e-liquide\/","title":{"rendered":"Le Petit Verger &#8211; Frische Wassermelone Melone 10 ml E-Liquide"},"content":{"rendered":"<h2><strong>Le Petit Verger Wassermelone Melone Frisch 10 ml E-Liquid<\/strong>: das fruchtige Duo, das Ihren Sommer in Schwung bringt!<\/h2>\n<p>Entdecken Sie die fruchtigen Aromen der Produktreihe<b> Le Petit Verger <\/b>mit <strong>Le Petit Verger Wassermelone Melone Frisch 10 ml E-Liquid<\/strong> neu. Jetzt mit einer erfrischenden Note! Machen Sie sich bereit f\u00fcr ein k\u00f6stliches und erfrischendes Dampferlebnis mit diesen hochwertigen E-Liquids, die von Savourea stolz in Frankreich hergestellt werden. Und wenn Sie denken, dass David und Jonathan mit ihrem 88er Hit die K\u00f6nige des Sommers sind, dann irren Sie sich! Das wahre Star-Duo der Saison ist die Wassermelone und die Melone. Diese beiden sonnenverw\u00f6hnten Fr\u00fcchte kommen in Ihren Dampfer und sind bereit, Ihnen ihre saftigen, s\u00fc\u00dfen und unwiderstehlich erfrischenden Aromen anzubieten. Jeder Zug ist wie der Biss in eine reife Melonenscheibe oder der Genuss eines frisch geschnittenen Teigs bei strahlendem Sonnenschein.  <\/p>\n<p>Aber das ist noch nicht alles! Der unerwartete Bonus? Eine belebende Frischewelle, die Sie \u00fcberrascht und dieser fruchtigen Kombination eine s\u00fcchtig machende Note verleiht. Sie haben noch nie einen so erfrischenden Sommer erlebt, wie den, den Sie mit <strong>Le Petit Verger Wassermelone Melone Frisch 10 ml E-Liquid<\/strong> erleben werden. Wassermelone, Melone, Frische&#8230; ein erfolgreiches Trio f\u00fcr ein Dampfen, das Sie in den Sommer entf\u00fchrt, wo immer Sie auch sind!   <\/p>\n<p>&nbsp;<\/p>\n<p><strong><span style=\"vertical-align: inherit;\">Wichtig<\/span><\/strong><span style=\"vertical-align: inherit;\"> E-Liquid bereits nikotinisiert, verkauft in einer 10 ml Flasche.<\/span><\/p>\n<p class=\"class-fabrication\"><span style=\"vertical-align: inherit;\">Hergestellt in Frankreich; PG\/VG-Verh\u00e4ltnis: 50 % \/ 50 %. Passt sich an jede Art von Material an.<\/span><\/p>\n<p>&nbsp;<\/p>\n<p><span style=\"vertical-align: inherit;\">Entdecken Sie weitere Produkte der Marke <\/span><a href=\"\/marque\/savourea\/\" target=\"_blank\" rel=\"noopener\"><span style=\"vertical-align: inherit;\">Savourea<\/span><\/a><span style=\"vertical-align: inherit;\"> .<\/span><\/p>\n<p><span style=\"vertical-align: inherit;\">Erhalten Sie Rabatte oder die neuesten Informationen \u00fcber unsere Produkte, indem Sie uns in unseren sozialen Netzwerken folgen: <\/span><a href=\"https:\/\/www.facebook.com\/VapeAigleCH\" target=\"_blank\" rel=\"noopener\"><span style=\"vertical-align: inherit;\">Facebook<\/span><\/a><span style=\"vertical-align: inherit;\"> oder <\/span><a href=\"https:\/\/www.instagram.com\/vapotheque\" target=\"_blank\" rel=\"noopener\"><span style=\"vertical-align: inherit;\">Instagram<\/span><\/a><span style=\"vertical-align: inherit;\"> .<\/span><\/p>\n","protected":false},"excerpt":{"rendered":"<p>Le Petit Verger Wassermelone Melone Frisch 10 ml E-Liquid: das fruchtige Duo, das Ihren Sommer in Schwung bringt! Entdecken Sie die fruchtigen Aromen der Produktreihe Le Petit Verger mit Le Petit Verger Wassermelone Melone Frisch 10 ml E-Liquid neu. Jetzt mit einer erfrischenden Note! Machen Sie sich bereit f\u00fcr ein k\u00f6stliches und erfrischendes Dampferlebnis mit [&hellip;]<\/p>\n","protected":false},"featured_media":34130,"template":"","meta":{"_acf_changed":false},"product_cat":[405,442,408,1629,1715,1977],"product_tag":[],"class_list":{"0":"post-34644","1":"product","2":"type-product","3":"status-publish","4":"has-post-thumbnail","6":"product_brand-savourea-de","7":"product_cat-e-liquids","8":"product_cat-hervorgehobene-produkte","9":"product_cat-lieferbar-innerhalb-von-24-stunden-de","10":"product_cat-10-ml-mit-nikotin","11":"product_cat-10ml-750-de","12":"product_cat-lagerraeumung","14":"first","15":"instock","16":"sale","17":"taxable","18":"shipping-taxable","19":"purchasable","20":"product-type-variable"},"acf":[],"jetpack_sharing_enabled":true,"_links":{"self":[{"href":"https:\/\/vapotheque.ch\/de\/wp-json\/wp\/v2\/product\/34644","targetHints":{"allow":["GET"]}}],"collection":[{"href":"https:\/\/vapotheque.ch\/de\/wp-json\/wp\/v2\/product"}],"about":[{"href":"https:\/\/vapotheque.ch\/de\/wp-json\/wp\/v2\/types\/product"}],"wp:featuredmedia":[{"embeddable":true,"href":"https:\/\/vapotheque.ch\/de\/wp-json\/wp\/v2\/media\/34130"}],"wp:attachment":[{"href":"https:\/\/vapotheque.ch\/de\/wp-json\/wp\/v2\/media?parent=34644"}],"wp:term":[{"taxonomy":"product_cat","embeddable":true,"href":"https:\/\/vapotheque.ch\/de\/wp-json\/wp\/v2\/product_cat?post=34644"},{"taxonomy":"product_tag","embeddable":true,"href":"https:\/\/vapotheque.ch\/de\/wp-json\/wp\/v2\/product_tag?post=34644"}],"curies":[{"name":"wp","href":"https:\/\/api.w.org\/{rel}","templated":true}]}}