{"id":34643,"date":"2024-09-25T16:13:22","date_gmt":"2024-09-25T14:13:22","guid":{"rendered":"https:\/\/vapotheque.ch\/boutique\/le-petit-verger-pfirsich-litschi-frisch-10-ml-e-liquide\/"},"modified":"2025-03-09T16:14:19","modified_gmt":"2025-03-09T15:14:19","slug":"le-petit-verger-pfirsich-litschi-frisch-10-ml-e-liquide","status":"publish","type":"product","link":"https:\/\/vapotheque.ch\/de\/shop\/le-petit-verger-pfirsich-litschi-frisch-10-ml-e-liquide\/","title":{"rendered":"Le Petit Verger &#8211; Pfirsich Litschi Frisch 10 ml E-Liquide"},"content":{"rendered":"<h2><strong>Le Petit Verger Frischer Pfirsich Litschi 10 ml E-Liquid : Eine Vape, die mit Le Petit Verger rockt!<\/strong><\/h2>\n<p>Entdecken Sie die fruchtigen Aromen der Produktreihe<b> Le Petit Verger <\/b>neu mit <strong>Le Petit Verger Pfirsich Litschi Frisch 10 ml E-Liquid<\/strong>. Jetzt mit einer erfrischenden Note! Machen Sie sich bereit f\u00fcr ein k\u00f6stliches und erfrischendes Dampferlebnis mit diesen hochwertigen E-Liquids, die von Savourea stolz in Frankreich hergestellt werden.  <\/p>\n<p><strong>Machen Sie sich auf ein Geschmackserlebnis gefasst, das so erfrischend ist wie die mitrei\u00dfenden Riffs von Turnstile!<\/strong>  Diese E-Liquid ist ein echtes Juwel, das entwickelt wurde, um Liebhaber von frischem und fruchtigem Dampfen mit Aromen zu begeistern, denen es nicht an Originalit\u00e4t mangelt. Stellen Sie sich die s\u00fc\u00dfe S\u00fc\u00dfe des saftigen und perfekten Pfirsichs vor, der mit dem au\u00dfergew\u00f6hnlichen Duft der Litschi, einer exotischen Frucht mit einem zarten und blumigen Geschmack, tanzt. Es ist eine perfekte Alchemie, die eine bezaubernde Geschmacksharmonie verspricht!  <\/p>\n<p><strong>Und das Sahneh\u00e4ubchen auf dem Kuchen?<\/strong>  Ein erhabenes Gef\u00fchl der Frische rundet das Ganze ab und bietet bei jeder Inhalation eine eisige Liebkosung, die Ihre Sinne weckt und Sie in ein sofortiges Gef\u00fchl des Wohlbefindens eintauchen l\u00e4sst. Es ist wie eine k\u00fchle Brise an einem hei\u00dfen Sommertag, Sie gehen mit einem zufriedenen L\u00e4cheln und dem unwiderstehlichen Wunsch, zu diesem k\u00f6stlichen Dampfen zur\u00fcckzukehren. <\/p>\n<p><strong>Mit Le Petit Verger Frischer Pfirsich Litschi 10 ml E-Liquid ist jeder Zug eine Einladung, dem Alltag zu entfliehen!<\/strong>  Ob Sie nun unterwegs sind oder auf Ihrem Sofa sitzen, lassen Sie sich von dieser fruchtigen Fusion mitrei\u00dfen, die Ihren Tag erhellen und Ihre Geschmacksknospen wecken wird. Sind Sie bereit, das fruchtige Paradies zu probieren? Also, auf geht&#8217;s, fertig, los!  <\/p>\n<p>&nbsp;<\/p>\n<p><strong><span style=\"vertical-align: inherit;\">Wichtig<\/span><\/strong><span style=\"vertical-align: inherit;\"> E-Liquid bereits nikotinisiert, verkauft in einer 10 ml Flasche.<\/span><\/p>\n<p class=\"class-fabrication\"><span style=\"vertical-align: inherit;\">Hergestellt in Frankreich; PG\/VG-Verh\u00e4ltnis: 50 % \/ 50 %. Passt sich an jede Art von Material an.<\/span><\/p>\n<p>&nbsp;<\/p>\n<p><span style=\"vertical-align: inherit;\">Entdecken Sie weitere Produkte der Marke <\/span><a href=\"\/marque\/savourea\/\" target=\"_blank\" rel=\"noopener\"><span style=\"vertical-align: inherit;\">Savourea<\/span><\/a><span style=\"vertical-align: inherit;\"> .<\/span><\/p>\n<p><span style=\"vertical-align: inherit;\">Erhalten Sie Rabatte oder die neuesten Informationen \u00fcber unsere Produkte, indem Sie uns in unseren sozialen Netzwerken folgen: <\/span><a href=\"https:\/\/www.facebook.com\/VapeAigleCH\" target=\"_blank\" rel=\"noopener\"><span style=\"vertical-align: inherit;\">Facebook<\/span><\/a><span style=\"vertical-align: inherit;\"> oder <\/span><a href=\"https:\/\/www.instagram.com\/vapotheque\" target=\"_blank\" rel=\"noopener\"><span style=\"vertical-align: inherit;\">Instagram<\/span><\/a><span style=\"vertical-align: inherit;\"> .<\/span><\/p>\n","protected":false},"excerpt":{"rendered":"<p>Le Petit Verger Frischer Pfirsich Litschi 10 ml E-Liquid : Eine Vape, die mit Le Petit Verger rockt! Entdecken Sie die fruchtigen Aromen der Produktreihe Le Petit Verger neu mit Le Petit Verger Pfirsich Litschi Frisch 10 ml E-Liquid. Jetzt mit einer erfrischenden Note! Machen Sie sich bereit f\u00fcr ein k\u00f6stliches und erfrischendes Dampferlebnis mit [&hellip;]<\/p>\n","protected":false},"featured_media":33939,"template":"","meta":{"_acf_changed":false},"product_cat":[405,442,408,1629,1715,1977],"product_tag":[],"class_list":{"0":"post-34643","1":"product","2":"type-product","3":"status-publish","4":"has-post-thumbnail","6":"product_brand-savourea-de","7":"product_cat-e-liquids","8":"product_cat-hervorgehobene-produkte","9":"product_cat-lieferbar-innerhalb-von-24-stunden-de","10":"product_cat-10-ml-mit-nikotin","11":"product_cat-10ml-750-de","12":"product_cat-lagerraeumung","14":"first","15":"instock","16":"sale","17":"taxable","18":"shipping-taxable","19":"purchasable","20":"product-type-variable"},"acf":[],"jetpack_sharing_enabled":true,"_links":{"self":[{"href":"https:\/\/vapotheque.ch\/de\/wp-json\/wp\/v2\/product\/34643","targetHints":{"allow":["GET"]}}],"collection":[{"href":"https:\/\/vapotheque.ch\/de\/wp-json\/wp\/v2\/product"}],"about":[{"href":"https:\/\/vapotheque.ch\/de\/wp-json\/wp\/v2\/types\/product"}],"wp:featuredmedia":[{"embeddable":true,"href":"https:\/\/vapotheque.ch\/de\/wp-json\/wp\/v2\/media\/33939"}],"wp:attachment":[{"href":"https:\/\/vapotheque.ch\/de\/wp-json\/wp\/v2\/media?parent=34643"}],"wp:term":[{"taxonomy":"product_cat","embeddable":true,"href":"https:\/\/vapotheque.ch\/de\/wp-json\/wp\/v2\/product_cat?post=34643"},{"taxonomy":"product_tag","embeddable":true,"href":"https:\/\/vapotheque.ch\/de\/wp-json\/wp\/v2\/product_tag?post=34643"}],"curies":[{"name":"wp","href":"https:\/\/api.w.org\/{rel}","templated":true}]}}