{"id":34636,"date":"2024-09-26T17:42:22","date_gmt":"2024-09-26T15:42:22","guid":{"rendered":"https:\/\/vapotheque.ch\/boutique\/le-petit-verger-drachenfrucht-gelbe-himbeere-blaue-frische-10-ml-e-liquid\/"},"modified":"2025-03-09T16:14:19","modified_gmt":"2025-03-09T15:14:19","slug":"le-petit-verger-drachenfrucht-gelbe-himbeere-blaue-frische-10-ml-e-liquid","status":"publish","type":"product","link":"https:\/\/vapotheque.ch\/de\/shop\/le-petit-verger-drachenfrucht-gelbe-himbeere-blaue-frische-10-ml-e-liquid\/","title":{"rendered":"Le Petit Verger &#8211; Drachenfrucht Gelbe Himbeere Blaue Frische 10 ml E-Liquid"},"content":{"rendered":"<h2><strong>Le Petit Verger Dragon Fruit Gelb Himbeere Blau Frisch 10 ml E-Liquid:<\/strong> das Duo, das es in sich hat!<\/h2>\n<p>Entdecken Sie die fruchtigen Aromen der Produktreihe<b> Le <\/b> <strong>Petit<\/strong><b> Verger <\/b>mit <strong>Le Petit Verger Drachenfrucht Gelb Himbeere Blau Frisch 10 ml E-Liquid<\/strong> neu. Jetzt mit einer erfrischenden Note! Machen Sie sich bereit f\u00fcr ein k\u00f6stliches und erfrischendes Dampferlebnis mit diesen hochwertigen E-Liquids, die von Savourea stolz in Frankreich hergestellt werden. Mit dieser gewagten Mischung enth\u00fcllt der exotische Star dieses Duos, die Drachenfrucht, ihre ganze Feinheit und ihr zart s\u00fc\u00dfes Aroma. Aber Achtung, die \u00dcberraschung h\u00f6rt hier nicht auf: die blaue Himbeere f\u00fcgt ihren magischen Touch mit s\u00fc\u00dfen Noten hinzu, die subtil mit der S\u00e4ure flirten.  <\/p>\n<p>  Ergebnis? Eine fruchtige Geschmacksexplosion, die Ihnen schon beim ersten Zug den Mund w\u00e4ssrig macht. Und als Kr\u00f6nung des Ganzen entt\u00e4uscht die &#8220;frische&#8221; Version nicht: eine perfekt kontrollierte Welle von Frische umh\u00fcllt das Ganze und schafft ein harmonisches Gleichgewicht zwischen fruchtiger S\u00fc\u00dfe und eiskalter Frische. <strong>Petit Verger Dragon Fruit Yellow Blue Raspberry Fresh 10 ml E-Liquid<\/strong> ist exotisch und bietet Ihnen ein sehr belebendes Dampferlebnis. Liebhaber von Fr\u00fcchten und Frische werden es lieben, sich von diesem einzigartigen Erlebnis \u00fcberraschen zu lassen.<\/p>\n<p>&nbsp;<\/p>\n<p><strong><span style=\"vertical-align: inherit;\">Wichtig<\/span><\/strong><span style=\"vertical-align: inherit;\"> E-Liquid bereits nikotinisiert, verkauft in einer 10 ml Flasche.<\/span><\/p>\n<p class=\"class-fabrication\"><span style=\"vertical-align: inherit;\">Hergestellt in Frankreich; PG\/VG-Verh\u00e4ltnis: 50 % \/ 50 %. Passt sich an jede Art von Material an.<\/span><\/p>\n<p>&nbsp;<\/p>\n<p><span style=\"vertical-align: inherit;\">Entdecken Sie weitere Produkte der Marke <\/span><a href=\"\/marque\/savourea\/\" target=\"_blank\" rel=\"noopener\"><span style=\"vertical-align: inherit;\">Savourea<\/span><\/a><span style=\"vertical-align: inherit;\"> .<\/span><\/p>\n<p><span style=\"vertical-align: inherit;\">Erhalten Sie Rabatte oder die neuesten Informationen \u00fcber unsere Produkte, indem Sie uns in unseren sozialen Netzwerken folgen: <\/span><a href=\"https:\/\/www.facebook.com\/VapeAigleCH\" target=\"_blank\" rel=\"noopener\"><span style=\"vertical-align: inherit;\">Facebook<\/span><\/a><span style=\"vertical-align: inherit;\"> oder <\/span><a href=\"https:\/\/www.instagram.com\/vapotheque\" target=\"_blank\" rel=\"noopener\"><span style=\"vertical-align: inherit;\">Instagram<\/span><\/a><span style=\"vertical-align: inherit;\"> .<\/span><\/p>\n","protected":false},"excerpt":{"rendered":"<p>Le Petit Verger Dragon Fruit Gelb Himbeere Blau Frisch 10 ml E-Liquid: das Duo, das es in sich hat! Entdecken Sie die fruchtigen Aromen der Produktreihe Le Petit Verger mit Le Petit Verger Drachenfrucht Gelb Himbeere Blau Frisch 10 ml E-Liquid neu. Jetzt mit einer erfrischenden Note! Machen Sie sich bereit f\u00fcr ein k\u00f6stliches und [&hellip;]<\/p>\n","protected":false},"featured_media":34104,"template":"","meta":{"_acf_changed":false},"product_cat":[405,442,408,1629,1715,1977],"product_tag":[],"class_list":{"0":"post-34636","1":"product","2":"type-product","3":"status-publish","4":"has-post-thumbnail","6":"product_brand-savourea-de","7":"product_cat-e-liquids","8":"product_cat-hervorgehobene-produkte","9":"product_cat-lieferbar-innerhalb-von-24-stunden-de","10":"product_cat-10-ml-mit-nikotin","11":"product_cat-10ml-750-de","12":"product_cat-lagerraeumung","14":"first","15":"instock","16":"sale","17":"taxable","18":"shipping-taxable","19":"purchasable","20":"product-type-variable"},"acf":[],"jetpack_sharing_enabled":true,"_links":{"self":[{"href":"https:\/\/vapotheque.ch\/de\/wp-json\/wp\/v2\/product\/34636","targetHints":{"allow":["GET"]}}],"collection":[{"href":"https:\/\/vapotheque.ch\/de\/wp-json\/wp\/v2\/product"}],"about":[{"href":"https:\/\/vapotheque.ch\/de\/wp-json\/wp\/v2\/types\/product"}],"wp:featuredmedia":[{"embeddable":true,"href":"https:\/\/vapotheque.ch\/de\/wp-json\/wp\/v2\/media\/34104"}],"wp:attachment":[{"href":"https:\/\/vapotheque.ch\/de\/wp-json\/wp\/v2\/media?parent=34636"}],"wp:term":[{"taxonomy":"product_cat","embeddable":true,"href":"https:\/\/vapotheque.ch\/de\/wp-json\/wp\/v2\/product_cat?post=34636"},{"taxonomy":"product_tag","embeddable":true,"href":"https:\/\/vapotheque.ch\/de\/wp-json\/wp\/v2\/product_tag?post=34636"}],"curies":[{"name":"wp","href":"https:\/\/api.w.org\/{rel}","templated":true}]}}