{"id":34635,"date":"2024-09-25T14:55:32","date_gmt":"2024-09-25T12:55:32","guid":{"rendered":"https:\/\/vapotheque.ch\/boutique\/le-petit-verger-orange-passion-frisch-10-ml-e-liquid\/"},"modified":"2025-03-09T16:14:19","modified_gmt":"2025-03-09T15:14:19","slug":"le-petit-verger-orange-passion-frisch-10-ml-e-liquid","status":"publish","type":"product","link":"https:\/\/vapotheque.ch\/de\/shop\/le-petit-verger-orange-passion-frisch-10-ml-e-liquid\/","title":{"rendered":"Le Petit Verger &#8211; Orange Passion Frisch 10 ml E-Liquid"},"content":{"rendered":"<h2><strong>Le Petit Verger Orange Passion Frisch 10 ml E-Liquid : Eine sensorische Reise ins Herz der Aromen!<\/strong><\/h2>\n<p>Entdecken Sie die fruchtigen Aromen der Produktreihe<b> Le Petit Verger <\/b>mit <strong>Le Petit Verger Orange Passion Frais 10 ml E-Liquid<\/strong> neu. Jetzt mit einer erfrischenden Note! Machen Sie sich bereit f\u00fcr ein k\u00f6stliches und erfrischendes Dampferlebnis mit diesen hochwertigen E-Liquids, die von Savourea stolz in Frankreich hergestellt werden.  <\/p>\n<p><strong>Hier ist eine e-Liquid, die Sie in ein Festival der Farben und echten Aromen entf\u00fchrt!<\/strong>  Stellen Sie sich vor, Sie stehen inmitten eines \u00fcppigen Gartens, umgeben von Fr\u00fcchten in orange- und violettfarbenen T\u00f6nen, die so fesselnd sind wie die sch\u00f6nsten Sonnenunterg\u00e4nge. Jeder Zug ist eine Geschmacksexplosion: Lassen Sie sich von der aromatischen Kraft der Orange verf\u00fchren, die Ihre Geschmacksnerven mit ihrem saftigen und lebhaften Geschmack weckt, und von der exotischen Zartheit der Passionsfrucht, die jeder Inhalation einen Hauch von Geheimnis und Abenteuer verleiht. <\/p>\n<p><strong>Aber das ist noch nicht alles!<\/strong>  Um diese fruchtige Symphonie zu vervollst\u00e4ndigen, streichelt ein Gef\u00fchl von Frische sanft Ihren Gaumen, wie eine leichte Brise, die einen hei\u00dfen Sommertag erfrischt.  <strong>Er ist der letzte Schliff, der jeden Zug zu einem belebenden und unwiderstehlichen Erlebnis macht!<\/strong><\/p>\n<p><strong>Mit Le Petit Verger Orange Passion Frais 10 ml E-Liquid wird jedes Dampfen zu einer Einladung, neue Geschmacksrichtungen zu erforschen und den Moment zu genie\u00dfen.<\/strong>  Ob Sie nun in der Sonne flanieren oder sich zu Hause entspannen, lassen Sie sich von dieser blendenden Fusion von Fr\u00fcchten mitrei\u00dfen, die Ihren Tag erhellen und Ihre Sinne anregen wird.<\/p>\n<p>&nbsp;<\/p>\n<p><strong><span style=\"vertical-align: inherit;\">Wichtig<\/span><\/strong><span style=\"vertical-align: inherit;\"> E-Liquid bereits nikotinisiert, verkauft in einer 10 ml Flasche.<\/span><\/p>\n<p class=\"class-fabrication\"><span style=\"vertical-align: inherit;\">Hergestellt in Frankreich; PG\/VG-Verh\u00e4ltnis: 50 % \/ 50 %. Passt sich an jede Art von Material an.<\/span><\/p>\n<p>&nbsp;<\/p>\n<p><span style=\"vertical-align: inherit;\">Entdecken Sie weitere Produkte der Marke <\/span><a href=\"\/marque\/savourea\/\" target=\"_blank\" rel=\"noopener\"><span style=\"vertical-align: inherit;\">Savourea<\/span><\/a><span style=\"vertical-align: inherit;\"> .<\/span><\/p>\n<p><span style=\"vertical-align: inherit;\">Erhalten Sie Rabatte oder die neuesten Informationen \u00fcber unsere Produkte, indem Sie uns in unseren sozialen Netzwerken folgen: <\/span><a href=\"https:\/\/www.facebook.com\/VapeAigleCH\" target=\"_blank\" rel=\"noopener\"><span style=\"vertical-align: inherit;\">Facebook<\/span><\/a><span style=\"vertical-align: inherit;\"> oder <\/span><a href=\"https:\/\/www.instagram.com\/vapotheque\" target=\"_blank\" rel=\"noopener\"><span style=\"vertical-align: inherit;\">Instagram<\/span><\/a><span style=\"vertical-align: inherit;\"> .<\/span><\/p>\n","protected":false},"excerpt":{"rendered":"<p>Le Petit Verger Orange Passion Frisch 10 ml E-Liquid : Eine sensorische Reise ins Herz der Aromen! Entdecken Sie die fruchtigen Aromen der Produktreihe Le Petit Verger mit Le Petit Verger Orange Passion Frais 10 ml E-Liquid neu. Jetzt mit einer erfrischenden Note! Machen Sie sich bereit f\u00fcr ein k\u00f6stliches und erfrischendes Dampferlebnis mit diesen [&hellip;]<\/p>\n","protected":false},"featured_media":33931,"template":"","meta":{"_acf_changed":false},"product_cat":[405,442,408,1629,1715,1977],"product_tag":[],"class_list":{"0":"post-34635","1":"product","2":"type-product","3":"status-publish","4":"has-post-thumbnail","6":"product_brand-savourea-de","7":"product_cat-e-liquids","8":"product_cat-hervorgehobene-produkte","9":"product_cat-lieferbar-innerhalb-von-24-stunden-de","10":"product_cat-10-ml-mit-nikotin","11":"product_cat-10ml-750-de","12":"product_cat-lagerraeumung","14":"first","15":"instock","16":"sale","17":"taxable","18":"shipping-taxable","19":"purchasable","20":"product-type-variable"},"acf":[],"jetpack_sharing_enabled":true,"_links":{"self":[{"href":"https:\/\/vapotheque.ch\/de\/wp-json\/wp\/v2\/product\/34635","targetHints":{"allow":["GET"]}}],"collection":[{"href":"https:\/\/vapotheque.ch\/de\/wp-json\/wp\/v2\/product"}],"about":[{"href":"https:\/\/vapotheque.ch\/de\/wp-json\/wp\/v2\/types\/product"}],"wp:featuredmedia":[{"embeddable":true,"href":"https:\/\/vapotheque.ch\/de\/wp-json\/wp\/v2\/media\/33931"}],"wp:attachment":[{"href":"https:\/\/vapotheque.ch\/de\/wp-json\/wp\/v2\/media?parent=34635"}],"wp:term":[{"taxonomy":"product_cat","embeddable":true,"href":"https:\/\/vapotheque.ch\/de\/wp-json\/wp\/v2\/product_cat?post=34635"},{"taxonomy":"product_tag","embeddable":true,"href":"https:\/\/vapotheque.ch\/de\/wp-json\/wp\/v2\/product_tag?post=34635"}],"curies":[{"name":"wp","href":"https:\/\/api.w.org\/{rel}","templated":true}]}}