{"id":34628,"date":"2024-09-25T18:34:40","date_gmt":"2024-09-25T16:34:40","guid":{"rendered":"https:\/\/vapotheque.ch\/boutique\/le-petit-verger-kiwi-frischer-kaktus-10-ml-e-liquide\/"},"modified":"2025-03-09T16:14:19","modified_gmt":"2025-03-09T15:14:19","slug":"le-petit-verger-kiwi-frischer-kaktus-10-ml-e-liquide","status":"publish","type":"product","link":"https:\/\/vapotheque.ch\/de\/shop\/le-petit-verger-kiwi-frischer-kaktus-10-ml-e-liquide\/","title":{"rendered":"Le Petit Verger &#8211; Kiwi Frischer Kaktus 10 ml E-Liquide"},"content":{"rendered":"<h2><strong>Le Petit Verger Kiwi Cactus Frische 10 ml E-Liquid : Das Duo, das sticht und erfrischt wie nie zuvor!<\/strong><\/h2>\n<p>Entdecken Sie die fruchtigen Aromen der Produktreihe<b> Le Petit Verger <\/b>mit <strong>Le Petit Verger Kiwi Cactus Frais 10 ml E-Liquid<\/strong> wieder. Jetzt mit einer erfrischenden Note! Machen Sie sich bereit f\u00fcr ein k\u00f6stliches und erfrischendes Dampferlebnis mit diesen hochwertigen E-Liquids, die von Savourea stolz in Frankreich hergestellt werden. Bereiten Sie sich auf eine wahre Explosion von Empfindungen mit diesem fruchtigen Duo aus dem Ausland vor. Der Kaktus mit seinem unerwarteten Charakter bringt einen Hauch von Exotik und eine subtile Sch\u00e4rfe mit sich. Direkt danach tritt die Kiwi mit ihrer herrlich druckvollen S\u00e4ure auf den Plan und verwandelt jeden Zug in ein au\u00dfergew\u00f6hnliches Geschmackserlebnis. Und um dem Ganzen die Krone aufzusetzen, wird dieser Tanz der Aromen von einer \u00fcberw\u00e4ltigenden Welle der Frische beendet, die Sie mit einem unwiderstehlichen und lang anhaltenden Gef\u00fchl der Frische zur\u00fcckl\u00e4sst. F\u00fcr Dampfer, die auf der Suche nach etwas Neuem, Exotischem und einer guten Dosis Frische sind, wird <strong>Le Petit Verger Kiwi Cactus Frais 10 ml E-Liquide<\/strong> schnell zu einem Muss werden. Ein Dampfen, das bei jedem Zug kribbelt, erfrischt und verzaubert!  <\/p>\n<p>&nbsp;<\/p>\n<p><strong><span style=\"vertical-align: inherit;\">Wichtig<\/span><\/strong><span style=\"vertical-align: inherit;\"> E-Liquid bereits nikotinisiert, verkauft in einer 10 ml Flasche.<\/span><\/p>\n<p class=\"class-fabrication\"><span style=\"vertical-align: inherit;\">Hergestellt in Frankreich; PG\/VG-Verh\u00e4ltnis: 50 % \/ 50 %. Passt sich an jede Art von Material an.<\/span><\/p>\n<p>&nbsp;<\/p>\n<p><span style=\"vertical-align: inherit;\">Entdecken Sie weitere Produkte der Marke <\/span><a href=\"\/marque\/savourea\/\" target=\"_blank\" rel=\"noopener\"><span style=\"vertical-align: inherit;\">Savourea<\/span><\/a><span style=\"vertical-align: inherit;\"> .<\/span><\/p>\n<p><span style=\"vertical-align: inherit;\">Erhalten Sie Rabatte oder die neuesten Informationen \u00fcber unsere Produkte, indem Sie uns in unseren sozialen Netzwerken folgen: <\/span><a href=\"https:\/\/www.facebook.com\/VapeAigleCH\" target=\"_blank\" rel=\"noopener\"><span style=\"vertical-align: inherit;\">Facebook<\/span><\/a><span style=\"vertical-align: inherit;\"> oder <\/span><a href=\"https:\/\/www.instagram.com\/vapotheque\" target=\"_blank\" rel=\"noopener\"><span style=\"vertical-align: inherit;\">Instagram<\/span><\/a><span style=\"vertical-align: inherit;\"> .<\/span><\/p>\n","protected":false},"excerpt":{"rendered":"<p>Le Petit Verger Kiwi Cactus Frische 10 ml E-Liquid : Das Duo, das sticht und erfrischt wie nie zuvor! Entdecken Sie die fruchtigen Aromen der Produktreihe Le Petit Verger mit Le Petit Verger Kiwi Cactus Frais 10 ml E-Liquid wieder. Jetzt mit einer erfrischenden Note! Machen Sie sich bereit f\u00fcr ein k\u00f6stliches und erfrischendes Dampferlebnis [&hellip;]<\/p>\n","protected":false},"featured_media":33956,"template":"","meta":{"_acf_changed":false},"product_cat":[405,442,408,1629,1715,1977],"product_tag":[],"class_list":{"0":"post-34628","1":"product","2":"type-product","3":"status-publish","4":"has-post-thumbnail","6":"product_brand-savourea-de","7":"product_cat-e-liquids","8":"product_cat-hervorgehobene-produkte","9":"product_cat-lieferbar-innerhalb-von-24-stunden-de","10":"product_cat-10-ml-mit-nikotin","11":"product_cat-10ml-750-de","12":"product_cat-lagerraeumung","14":"first","15":"instock","16":"sale","17":"taxable","18":"shipping-taxable","19":"purchasable","20":"product-type-variable"},"acf":[],"jetpack_sharing_enabled":true,"_links":{"self":[{"href":"https:\/\/vapotheque.ch\/de\/wp-json\/wp\/v2\/product\/34628","targetHints":{"allow":["GET"]}}],"collection":[{"href":"https:\/\/vapotheque.ch\/de\/wp-json\/wp\/v2\/product"}],"about":[{"href":"https:\/\/vapotheque.ch\/de\/wp-json\/wp\/v2\/types\/product"}],"wp:featuredmedia":[{"embeddable":true,"href":"https:\/\/vapotheque.ch\/de\/wp-json\/wp\/v2\/media\/33956"}],"wp:attachment":[{"href":"https:\/\/vapotheque.ch\/de\/wp-json\/wp\/v2\/media?parent=34628"}],"wp:term":[{"taxonomy":"product_cat","embeddable":true,"href":"https:\/\/vapotheque.ch\/de\/wp-json\/wp\/v2\/product_cat?post=34628"},{"taxonomy":"product_tag","embeddable":true,"href":"https:\/\/vapotheque.ch\/de\/wp-json\/wp\/v2\/product_tag?post=34628"}],"curies":[{"name":"wp","href":"https:\/\/api.w.org\/{rel}","templated":true}]}}