{"id":34627,"date":"2024-09-25T14:42:12","date_gmt":"2024-09-25T12:42:12","guid":{"rendered":"https:\/\/vapotheque.ch\/boutique\/le-petit-verger-nektarine-frische-drachenfrucht-10-ml-e-liquid\/"},"modified":"2025-03-09T16:14:19","modified_gmt":"2025-03-09T15:14:19","slug":"le-petit-verger-nektarine-frische-drachenfrucht-10-ml-e-liquid","status":"publish","type":"product","link":"https:\/\/vapotheque.ch\/de\/shop\/le-petit-verger-nektarine-frische-drachenfrucht-10-ml-e-liquid\/","title":{"rendered":"Le Petit Verger &#8211; Nektarine Frische Drachenfrucht 10 ml E-Liquid"},"content":{"rendered":"<h2><strong>Le Petit Verger Nektarine Frische Drachenfrucht 10 ml E-Liquid : Ein exotischer Cocktail, der die Sinne erweckt!<\/strong><\/h2>\n<p>Entdecken Sie die fruchtigen Aromen der Produktreihe<b> Le Petit Verger <\/b>mit <strong>Le Petit Verger Nektarine Drachenfrucht frisch 10 ml E-Liquid<\/strong> neu. Jetzt mit einer erfrischenden Note! Machen Sie sich bereit f\u00fcr ein k\u00f6stliches und erfrischendes Dampferlebnis mit diesen hochwertigen E-Liquids, die von Savourea stolz in Frankreich hergestellt werden.  <\/p>\n<p><strong>Stellen Sie sich vor, Sie stehen unter einer strahlenden Sonne, mitten im Sommer, wo jeder Zug an dieser e-Liquid Ihnen einen wahren Vitamin-D-Schub verleiht!<\/strong>  Hier wird die Exotik der Drachenfrucht mit dem sch\u00f6nen gelben und saftigen Stuhl der Nektarine kombiniert. Diese spektakul\u00e4re Kombination l\u00e4sst Ihre Geschmacksknospen mit s\u00fc\u00dfen Noten vibrieren, die Erinnerungen an einen sonnigen Urlaub hervorrufen, wobei jede Inhalation wie ein Bissen von dieser k\u00f6stlichen, sonnenverw\u00f6hnten Frucht ist. <\/p>\n<p><strong>Aber warten Sie, da ist noch mehr!<\/strong>  Um einen Hitzschlag zu vermeiden, f\u00fcgt diese e-Liquid einen unwiderstehlichen Hauch von Frische hinzu, wie eine leichte Brise, die an einem hei\u00dfen Sommertag Ihre Haut streichelt.  <strong>Das Gef\u00fchl von Frische begleitet Ihren Zug und hinterl\u00e4sst einen so k\u00f6stlichen Geschmack, dass Sie immer wieder kommen wollen.<\/strong><\/p>\n<p><strong>Mit Le Petit Verger Nektarine Frische Drachenfrucht 10 ml E-Liquid ist jedes Dampfen eine Einladung zum Entspannen und Entfliehen.<\/strong>  Ob Sie nun einen ruhigen Moment in Ihrem Garten genie\u00dfen oder sich auf einem sommerlichen Roadtrip befinden, lassen Sie sich von dieser exquisiten Geschmacksfusion verf\u00fchren, die Ihre Tage erhellen wird.<\/p>\n<p>&nbsp;<\/p>\n<p><strong><span style=\"vertical-align: inherit;\">Wichtig<\/span><\/strong><span style=\"vertical-align: inherit;\"> E-Liquid bereits nikotinisiert, verkauft in einer 10 ml Flasche.<\/span><\/p>\n<p class=\"class-fabrication\"><span style=\"vertical-align: inherit;\">Hergestellt in Frankreich; PG\/VG-Verh\u00e4ltnis: 50 % \/ 50 %. Passt sich an jede Art von Material an.<\/span><\/p>\n<p>&nbsp;<\/p>\n<p><span style=\"vertical-align: inherit;\">Entdecken Sie weitere Produkte der Marke <\/span><a href=\"\/marque\/savourea\/\" target=\"_blank\" rel=\"noopener\"><span style=\"vertical-align: inherit;\">Savourea<\/span><\/a><span style=\"vertical-align: inherit;\"> .<\/span><\/p>\n<p><span style=\"vertical-align: inherit;\">Erhalten Sie Rabatte oder die neuesten Informationen \u00fcber unsere Produkte, indem Sie uns in unseren sozialen Netzwerken folgen: <\/span><a href=\"https:\/\/www.facebook.com\/VapeAigleCH\" target=\"_blank\" rel=\"noopener\"><span style=\"vertical-align: inherit;\">Facebook<\/span><\/a><span style=\"vertical-align: inherit;\"> oder <\/span><a href=\"https:\/\/www.instagram.com\/vapotheque\" target=\"_blank\" rel=\"noopener\"><span style=\"vertical-align: inherit;\">Instagram<\/span><\/a><span style=\"vertical-align: inherit;\"> .<\/span><\/p>\n","protected":false},"excerpt":{"rendered":"<p>Le Petit Verger Nektarine Frische Drachenfrucht 10 ml E-Liquid : Ein exotischer Cocktail, der die Sinne erweckt! Entdecken Sie die fruchtigen Aromen der Produktreihe Le Petit Verger mit Le Petit Verger Nektarine Drachenfrucht frisch 10 ml E-Liquid neu. Jetzt mit einer erfrischenden Note! Machen Sie sich bereit f\u00fcr ein k\u00f6stliches und erfrischendes Dampferlebnis mit diesen [&hellip;]<\/p>\n","protected":false},"featured_media":33925,"template":"","meta":{"_acf_changed":false},"product_cat":[405,442,408,1629,1715,1977],"product_tag":[],"class_list":{"0":"post-34627","1":"product","2":"type-product","3":"status-publish","4":"has-post-thumbnail","6":"product_brand-savourea-de","7":"product_cat-e-liquids","8":"product_cat-hervorgehobene-produkte","9":"product_cat-lieferbar-innerhalb-von-24-stunden-de","10":"product_cat-10-ml-mit-nikotin","11":"product_cat-10ml-750-de","12":"product_cat-lagerraeumung","14":"first","15":"instock","16":"sale","17":"taxable","18":"shipping-taxable","19":"purchasable","20":"product-type-variable"},"acf":[],"jetpack_sharing_enabled":true,"_links":{"self":[{"href":"https:\/\/vapotheque.ch\/de\/wp-json\/wp\/v2\/product\/34627","targetHints":{"allow":["GET"]}}],"collection":[{"href":"https:\/\/vapotheque.ch\/de\/wp-json\/wp\/v2\/product"}],"about":[{"href":"https:\/\/vapotheque.ch\/de\/wp-json\/wp\/v2\/types\/product"}],"wp:featuredmedia":[{"embeddable":true,"href":"https:\/\/vapotheque.ch\/de\/wp-json\/wp\/v2\/media\/33925"}],"wp:attachment":[{"href":"https:\/\/vapotheque.ch\/de\/wp-json\/wp\/v2\/media?parent=34627"}],"wp:term":[{"taxonomy":"product_cat","embeddable":true,"href":"https:\/\/vapotheque.ch\/de\/wp-json\/wp\/v2\/product_cat?post=34627"},{"taxonomy":"product_tag","embeddable":true,"href":"https:\/\/vapotheque.ch\/de\/wp-json\/wp\/v2\/product_tag?post=34627"}],"curies":[{"name":"wp","href":"https:\/\/api.w.org\/{rel}","templated":true}]}}