{"id":34620,"date":"2024-09-14T17:26:20","date_gmt":"2024-09-14T15:26:20","guid":{"rendered":"https:\/\/vapotheque.ch\/boutique\/le-petit-verger-frische-schwarze-johannisbeere-himbeere-10-ml-e-liquid\/"},"modified":"2025-03-09T16:14:20","modified_gmt":"2025-03-09T15:14:20","slug":"le-petit-verger-frische-schwarze-johannisbeere-himbeere-10-ml-e-liquid","status":"publish","type":"product","link":"https:\/\/vapotheque.ch\/de\/shop\/le-petit-verger-frische-schwarze-johannisbeere-himbeere-10-ml-e-liquid\/","title":{"rendered":"Le Petit Verger &#8211; Frische schwarze Johannisbeere Himbeere 10 ml E-Liquid"},"content":{"rendered":"<div class=\"flex-shrink-0 flex flex-col relative items-end\">\n<div>\n<div class=\"pt-0\">\n<div class=\"gizmo-bot-avatar flex h-8 w-8 items-center justify-center overflow-hidden rounded-full\">\n<h2 class=\"relative p-1 rounded-sm flex items-center justify-center bg-token-main-surface-primary text-token-text-primary h-8 w-8\"><strong><span style=\"vertical-align: inherit;\"><span style=\"vertical-align: inherit;\">Le Petit Verger Frische Schwarze Johannisbeere Himbeere 10 ml E-Liquid : Der rasante Wettlauf zu den gefrorenen Gipfeln!<\/span><\/span><\/strong><\/h2>\n<\/div>\n<\/div>\n<\/div>\n<\/div>\n<div class=\"group\/conversation-turn relative flex w-full min-w-0 flex-col agent-turn\">\n<div class=\"flex-col gap-1 md:gap-3\">\n<div class=\"flex max-w-full flex-col flex-grow\">\n<div class=\"min-h-8 text-message flex w-full flex-col items-end gap-2 whitespace-normal break-words [.text-message+&amp;]:mt-5\" dir=\"auto\" data-message-author-role=\"assistant\" data-message-id=\"354cfd6c-ccdc-4f60-8d19-bc294d328549\">\n<div class=\"flex w-full flex-col gap-1 empty:hidden first:pt-[3px]\">\n<div class=\"markdown prose w-full break-words dark:prose-invert light\">\n<p><span style=\"vertical-align: inherit;\"><span style=\"vertical-align: inherit;\">Le Petit Verger Schwarze Johannisbeere Himbeere Frisch 10 ml E-Liquid von <\/span><\/span><strong><span style=\"vertical-align: inherit;\"><span style=\"vertical-align: inherit;\">Savourea<\/span><\/span><\/strong><span style=\"vertical-align: inherit;\"><span style=\"vertical-align: inherit;\">  hat keine Angst vor der K\u00e4lte!<br \/>\nMit seinen eisigen Ernten, die durch einen bissigen Winter gefroren sind, kleidet sich das Sortiment mit einem frischen Wind, um seine fruchtigen Lieblingsliquids zu verfeinern.<br \/>\nDiese erfrischenden S\u00e4fte, die in Frankreich hergestellt werden und stets von einwandfreier Qualit\u00e4t sind, versprechen Ihnen eine ganz neue Erfahrung!  <\/span><\/span><\/p>\n<p><span style=\"vertical-align: inherit;\"><span style=\"vertical-align: inherit;\">In der <\/span><\/span><strong><span style=\"vertical-align: inherit;\"><span style=\"vertical-align: inherit;\">Schwarze Johannisbeere Himbeere Frisch<\/span><\/span><\/strong><span style=\"vertical-align: inherit;\"><span style=\"vertical-align: inherit;\">  In der ersten Ausgabe von &#8220;Die Fr\u00fcchte&#8221; begeben sich zwei unerschrockene Fr\u00fcchte auf eine wilde Fahrt durch die verschneiten Berge.<br \/>\nDie s\u00fc\u00dfe und k\u00fchne schwarze Johannisbeere wetteifert mit der s\u00e4uerlichen Himbeere um den Gipfel&#8230; aber es ist die legend\u00e4re Frische, die sie in einer Lawine von eisigen Sensationen mitrei\u00dft!<br \/>\nLassen Sie sich auf ein Abenteuer voller lebendiger Aromen ein, in dem die s\u00fc\u00dfe Fruchtexplosion von einer frostigen Brise gekr\u00f6nt wird.<br \/>\nEin E-Liquid, das Sie ohne M\u00e4\u00dfigung genie\u00dfen k\u00f6nnen, f\u00fcr ein Dampfen, das Sie umhaut!   <\/span><\/span><\/p>\n<\/div>\n<\/div>\n<\/div>\n<\/div>\n<\/div>\n<\/div>\n<p>&nbsp;<\/p>\n<p><strong><span style=\"vertical-align: inherit;\"><span style=\"vertical-align: inherit;\">Wichtig<\/span><\/span><\/strong><span style=\"vertical-align: inherit;\"><span style=\"vertical-align: inherit;\"> E-Liquid bereits nikotinisiert, verkauft in einer 10 ml Flasche.<\/span><\/span><\/p>\n<p class=\"class-fabrication\"><span style=\"vertical-align: inherit;\"><span style=\"vertical-align: inherit;\">Hergestellt in Frankreich; PG\/VG-Verh\u00e4ltnis: 50 % \/ 50 %. Passt sich an jede Art von Material an.<\/span><\/span><\/p>\n<p>&nbsp;<\/p>\n<p><span style=\"vertical-align: inherit;\"><span style=\"vertical-align: inherit;\">Entdecken Sie weitere Produkte der Marke <\/span><\/span><a href=\"\/marque\/savourea\/\" target=\"_blank\" rel=\"noopener\"><span style=\"vertical-align: inherit;\"><span style=\"vertical-align: inherit;\">Savourea<\/span><\/span><\/a><span style=\"vertical-align: inherit;\"><span style=\"vertical-align: inherit;\"> .<\/span><\/span><\/p>\n<p><span style=\"vertical-align: inherit;\"><span style=\"vertical-align: inherit;\">Erhalten Sie Rabatte oder die neuesten Informationen \u00fcber unsere Produkte, indem Sie uns in unseren sozialen Netzwerken folgen: <\/span><\/span><a href=\"https:\/\/www.facebook.com\/VapeAigleCH\" target=\"_blank\" rel=\"noopener\"><span style=\"vertical-align: inherit;\"><span style=\"vertical-align: inherit;\">Facebook<\/span><\/span><\/a><span style=\"vertical-align: inherit;\"><span style=\"vertical-align: inherit;\"> oder <\/span><\/span><a href=\"https:\/\/www.instagram.com\/vapotheque\" target=\"_blank\" rel=\"noopener\"><span style=\"vertical-align: inherit;\"><span style=\"vertical-align: inherit;\">Instagram<\/span><\/span><\/a><span style=\"vertical-align: inherit;\"><span style=\"vertical-align: inherit;\"> .<\/span><\/span><\/p>\n","protected":false},"excerpt":{"rendered":"<p>Le Petit Verger Frische Schwarze Johannisbeere Himbeere 10 ml E-Liquid : Der rasante Wettlauf zu den gefrorenen Gipfeln! Le Petit Verger Schwarze Johannisbeere Himbeere Frisch 10 ml E-Liquid von Savourea hat keine Angst vor der K\u00e4lte! Mit seinen eisigen Ernten, die durch einen bissigen Winter gefroren sind, kleidet sich das Sortiment mit einem frischen Wind, [&hellip;]<\/p>\n","protected":false},"featured_media":33882,"template":"","meta":{"_acf_changed":false},"product_cat":[405,442,408,1629,1977],"product_tag":[],"class_list":{"0":"post-34620","1":"product","2":"type-product","3":"status-publish","4":"has-post-thumbnail","6":"product_brand-savourea-de","7":"product_cat-e-liquids","8":"product_cat-hervorgehobene-produkte","9":"product_cat-lieferbar-innerhalb-von-24-stunden-de","10":"product_cat-10-ml-mit-nikotin","11":"product_cat-lagerraeumung","13":"first","14":"instock","15":"sale","16":"taxable","17":"shipping-taxable","18":"purchasable","19":"product-type-variable"},"acf":[],"jetpack_sharing_enabled":true,"_links":{"self":[{"href":"https:\/\/vapotheque.ch\/de\/wp-json\/wp\/v2\/product\/34620","targetHints":{"allow":["GET"]}}],"collection":[{"href":"https:\/\/vapotheque.ch\/de\/wp-json\/wp\/v2\/product"}],"about":[{"href":"https:\/\/vapotheque.ch\/de\/wp-json\/wp\/v2\/types\/product"}],"wp:featuredmedia":[{"embeddable":true,"href":"https:\/\/vapotheque.ch\/de\/wp-json\/wp\/v2\/media\/33882"}],"wp:attachment":[{"href":"https:\/\/vapotheque.ch\/de\/wp-json\/wp\/v2\/media?parent=34620"}],"wp:term":[{"taxonomy":"product_cat","embeddable":true,"href":"https:\/\/vapotheque.ch\/de\/wp-json\/wp\/v2\/product_cat?post=34620"},{"taxonomy":"product_tag","embeddable":true,"href":"https:\/\/vapotheque.ch\/de\/wp-json\/wp\/v2\/product_tag?post=34620"}],"curies":[{"name":"wp","href":"https:\/\/api.w.org\/{rel}","templated":true}]}}