{"id":34619,"date":"2024-09-25T14:29:58","date_gmt":"2024-09-25T12:29:58","guid":{"rendered":"https:\/\/vapotheque.ch\/boutique\/le-petit-verger-brombeere-heidelbeere-frisch-10-ml-e-liquide\/"},"modified":"2025-03-09T16:14:19","modified_gmt":"2025-03-09T15:14:19","slug":"le-petit-verger-brombeere-heidelbeere-frisch-10-ml-e-liquide","status":"publish","type":"product","link":"https:\/\/vapotheque.ch\/de\/shop\/le-petit-verger-brombeere-heidelbeere-frisch-10-ml-e-liquide\/","title":{"rendered":"Le Petit Verger &#8211; Brombeere Heidelbeere Frisch 10 ml E-Liquide"},"content":{"rendered":"<h2><strong>Le Petit Verger Brombeere Heidelbeere Frisch 10 ml E-Liquid : Eine fruchtige Flucht ins Herz der Natur!<\/strong><\/h2>\n<p>Entdecken Sie die fruchtigen Aromen der Produktreihe<b> Le Petit Verger <\/b>mit <strong>Le Petit Verger M\u00fbre Myrtille Frais 10 ml E-Liquide<\/strong> neu. Jetzt mit einer erfrischenden Note! Machen Sie sich bereit f\u00fcr ein k\u00f6stliches und erfrischendes Dampferlebnis mit diesen hochwertigen E-Liquids, die von Savourea stolz in Frankreich hergestellt werden.  <\/p>\n<p><strong>Stellen Sie sich vor, Sie wandern durch einen Zauberwald, in dem Brombeeren und Heidelbeeren an jeder Ecke des Weges wachsen.<\/strong>  Diese e-Liquid ist Ihr Pass f\u00fcr dieses Geschmacksabenteuer, das Sie in eine Symphonie von reichen und vibrierenden Aromen einh\u00fcllt.  <strong>Saftige Brombeeren und zarte Heidelbeeren vereinen sich in einem exquisiten Ballett, das zwischen s\u00fc\u00dfen und s\u00e4uerlichen Noten wechselt, die Sie vor Vergn\u00fcgen tanzen lassen.<\/strong>  Jeder Zug ist wie ein Bissen von diesen sonnenverw\u00f6hnten Beeren, die bei jeder Inhalation eine Explosion von Aromen bieten.<br \/>\nAber warten Sie, die Magie h\u00f6rt hier nicht auf! <\/p>\n<p> <strong>Zu diesem Fest der Fr\u00fcchte kommt ein angenehm frischer Wind hinzu, der wie eine leichte Brise durch die B\u00e4ume weht, Ihre Geschmacksnerven weckt und Ihren Tag aufhellt.<\/strong>  Diese perfekte Mischung wurde entwickelt, um alle Dampfer und Dampferinnen zu begeistern, die auf der Suche nach einem frischen und fruchtigen Geschmackserlebnis sind. Mit <strong>Le Petit Verger M\u00fbre Myrtille Frais 10 ml E-Liquide<\/strong> ist jedes Dampfen ein sensorisches Abenteuer, das Sie dazu einl\u00e4dt, die Natur in jedem Moment zu genie\u00dfen<strong>.<\/strong> Bereiten Sie sich auf eine Geschmacksreise vor, die Sie den Alltag vergessen l\u00e4sst und Sie in das Herz eines fruchtigen Waldes entf\u00fchrt, in dem die Frische K\u00f6nig ist!<\/p>\n<p>&nbsp;<\/p>\n<p><strong><span style=\"vertical-align: inherit;\">Wichtig<\/span><\/strong><span style=\"vertical-align: inherit;\"> E-Liquid bereits nikotinisiert, verkauft in einer 10 ml Flasche.<\/span><\/p>\n<p class=\"class-fabrication\"><span style=\"vertical-align: inherit;\">Hergestellt in Frankreich; PG\/VG-Verh\u00e4ltnis: 50 % \/ 50 %. Passt sich an jede Art von Material an.<\/span><\/p>\n<p>&nbsp;<\/p>\n<p><span style=\"vertical-align: inherit;\">Entdecken Sie weitere Produkte der Marke <\/span><a href=\"\/marque\/savourea\/\" target=\"_blank\" rel=\"noopener\"><span style=\"vertical-align: inherit;\">Savourea<\/span><\/a><span style=\"vertical-align: inherit;\"> .<\/span><\/p>\n<p><span style=\"vertical-align: inherit;\">Erhalten Sie Rabatte oder die neuesten Informationen \u00fcber unsere Produkte, indem Sie uns in unseren sozialen Netzwerken folgen: <\/span><a href=\"https:\/\/www.facebook.com\/VapeAigleCH\" target=\"_blank\" rel=\"noopener\"><span style=\"vertical-align: inherit;\">Facebook<\/span><\/a><span style=\"vertical-align: inherit;\"> oder <\/span><a href=\"https:\/\/www.instagram.com\/vapotheque\" target=\"_blank\" rel=\"noopener\"><span style=\"vertical-align: inherit;\">Instagram<\/span><\/a><span style=\"vertical-align: inherit;\"> .<\/span><\/p>\n","protected":false},"excerpt":{"rendered":"<p>Le Petit Verger Brombeere Heidelbeere Frisch 10 ml E-Liquid : Eine fruchtige Flucht ins Herz der Natur! Entdecken Sie die fruchtigen Aromen der Produktreihe Le Petit Verger mit Le Petit Verger M\u00fbre Myrtille Frais 10 ml E-Liquide neu. Jetzt mit einer erfrischenden Note! Machen Sie sich bereit f\u00fcr ein k\u00f6stliches und erfrischendes Dampferlebnis mit diesen [&hellip;]<\/p>\n","protected":false},"featured_media":33919,"template":"","meta":{"_acf_changed":false},"product_cat":[405,442,408,1629,1715,1977],"product_tag":[],"class_list":{"0":"post-34619","1":"product","2":"type-product","3":"status-publish","4":"has-post-thumbnail","6":"product_brand-savourea-de","7":"product_cat-e-liquids","8":"product_cat-hervorgehobene-produkte","9":"product_cat-lieferbar-innerhalb-von-24-stunden-de","10":"product_cat-10-ml-mit-nikotin","11":"product_cat-10ml-750-de","12":"product_cat-lagerraeumung","14":"first","15":"instock","16":"sale","17":"taxable","18":"shipping-taxable","19":"purchasable","20":"product-type-variable"},"acf":[],"jetpack_sharing_enabled":true,"_links":{"self":[{"href":"https:\/\/vapotheque.ch\/de\/wp-json\/wp\/v2\/product\/34619","targetHints":{"allow":["GET"]}}],"collection":[{"href":"https:\/\/vapotheque.ch\/de\/wp-json\/wp\/v2\/product"}],"about":[{"href":"https:\/\/vapotheque.ch\/de\/wp-json\/wp\/v2\/types\/product"}],"wp:featuredmedia":[{"embeddable":true,"href":"https:\/\/vapotheque.ch\/de\/wp-json\/wp\/v2\/media\/33919"}],"wp:attachment":[{"href":"https:\/\/vapotheque.ch\/de\/wp-json\/wp\/v2\/media?parent=34619"}],"wp:term":[{"taxonomy":"product_cat","embeddable":true,"href":"https:\/\/vapotheque.ch\/de\/wp-json\/wp\/v2\/product_cat?post=34619"},{"taxonomy":"product_tag","embeddable":true,"href":"https:\/\/vapotheque.ch\/de\/wp-json\/wp\/v2\/product_tag?post=34619"}],"curies":[{"name":"wp","href":"https:\/\/api.w.org\/{rel}","templated":true}]}}