{"id":34611,"date":"2024-09-25T14:14:17","date_gmt":"2024-09-25T12:14:17","guid":{"rendered":"https:\/\/vapotheque.ch\/boutique\/le-petit-verger-melone-walderdbeere-frisch-10-ml-e-liquide\/"},"modified":"2025-03-09T16:14:20","modified_gmt":"2025-03-09T15:14:20","slug":"le-petit-verger-melone-walderdbeere-frisch-10-ml-e-liquide","status":"publish","type":"product","link":"https:\/\/vapotheque.ch\/de\/shop\/le-petit-verger-melone-walderdbeere-frisch-10-ml-e-liquide\/","title":{"rendered":"Le Petit Verger &#8211; Melone Walderdbeere Frisch 10 ml E-Liquide"},"content":{"rendered":"<h2><strong>Le Petit Verger Melone Walderdbeere Frisch 10 ml E-Liquid : Frische Sensation im Garten der K\u00f6stlichkeiten!<\/strong><\/h2>\n<p>Entdecken Sie die fruchtigen Aromen der Produktreihe<b> Le Petit Verger <\/b>mit <strong>Le Petit Verger Melon Fraise des Bois Frais 10 ml E-Liquide<\/strong> neu. Jetzt mit einer erfrischenden Note! Machen Sie sich bereit f\u00fcr ein k\u00f6stliches und erfrischendes Dampferlebnis mit diesen hochwertigen E-Liquids, die von Savourea stolz in Frankreich hergestellt werden. Stellen Sie sich vor, Sie sind im Hochsommer, die Sonne streichelt Ihr Gesicht, w\u00e4hrend Sie einen exquisiten Zug dieser gewagten Mischung nehmen.   <\/p>\n<p> <strong>Diese Fl\u00fcssigkeit weckt Ihre Sinne mit der perfekten Kombination aus saftiger, duftender Melone und kleinen Walderdbeeren, die einen unwiderstehlichen Hauch von S\u00fc\u00dfe verleihen.<\/strong>  Jede Inhalation ist wie ein Spaziergang durch einen bl\u00fchenden Obstgarten, wo die Frische der Melone sich harmonisch mit den s\u00fc\u00dfen und s\u00e4uerlichen Noten der Erdbeeren verbindet. Aber warten Sie, das ist noch nicht alles! <strong>Nach dieser Explosion sommerlicher Aromen tanzt ein sch\u00f6nes Gef\u00fchl von Frische auf Ihrem Gaumen und<\/strong> macht jeden Zug zu einem wahren Geschmacksfest. Lassen Sie sich von diesem reichen und erfrischenden Erlebnis mitrei\u00dfen und g\u00f6nnen Sie sich einen Moment des puren Genusses, sei es am Strand, beim Wandern oder einfach in Ihrem gem\u00fctlichen Wohnzimmer. Mit <strong>Le Petit Verger Melon Fraise des Bois Frais 10 ml E-Liquide<\/strong> ist jedes Dampfen eine Feier der Natur und der einfachen Freuden des Lebens. Machen Sie sich bereit f\u00fcr ein sensorisches Abenteuer, das Ihnen bei jedem Zug ein L\u00e4cheln ins Gesicht zaubert!<\/p>\n<p>&nbsp;<\/p>\n<p><strong><span style=\"vertical-align: inherit;\">Wichtig<\/span><\/strong><span style=\"vertical-align: inherit;\"> E-Liquid bereits nikotinisiert, verkauft in einer 10 ml Flasche.<\/span><\/p>\n<p class=\"class-fabrication\"><span style=\"vertical-align: inherit;\">Hergestellt in Frankreich; PG\/VG-Verh\u00e4ltnis: 50 % \/ 50 %. Passt sich an jede Art von Material an.<\/span><\/p>\n<p>&nbsp;<\/p>\n<p><span style=\"vertical-align: inherit;\">Entdecken Sie weitere Produkte der Marke <\/span><a href=\"\/marque\/savourea\/\" target=\"_blank\" rel=\"noopener\"><span style=\"vertical-align: inherit;\">Savourea<\/span><\/a><span style=\"vertical-align: inherit;\"> .<\/span><\/p>\n<p><span style=\"vertical-align: inherit;\">Erhalten Sie Rabatte oder die neuesten Informationen \u00fcber unsere Produkte, indem Sie uns in unseren sozialen Netzwerken folgen: <\/span><a href=\"https:\/\/www.facebook.com\/VapeAigleCH\" target=\"_blank\" rel=\"noopener\"><span style=\"vertical-align: inherit;\">Facebook<\/span><\/a><span style=\"vertical-align: inherit;\"> oder <\/span><a href=\"https:\/\/www.instagram.com\/vapotheque\" target=\"_blank\" rel=\"noopener\"><span style=\"vertical-align: inherit;\">Instagram<\/span><\/a><span style=\"vertical-align: inherit;\"> .<\/span><\/p>\n","protected":false},"excerpt":{"rendered":"<p>Le Petit Verger Melone Walderdbeere Frisch 10 ml E-Liquid : Frische Sensation im Garten der K\u00f6stlichkeiten! Entdecken Sie die fruchtigen Aromen der Produktreihe Le Petit Verger mit Le Petit Verger Melon Fraise des Bois Frais 10 ml E-Liquide neu. Jetzt mit einer erfrischenden Note! Machen Sie sich bereit f\u00fcr ein k\u00f6stliches und erfrischendes Dampferlebnis mit [&hellip;]<\/p>\n","protected":false},"featured_media":33912,"template":"","meta":{"_acf_changed":false},"product_cat":[405,442,408,1629,1715,1977],"product_tag":[],"class_list":{"0":"post-34611","1":"product","2":"type-product","3":"status-publish","4":"has-post-thumbnail","6":"product_brand-savourea-de","7":"product_cat-e-liquids","8":"product_cat-hervorgehobene-produkte","9":"product_cat-lieferbar-innerhalb-von-24-stunden-de","10":"product_cat-10-ml-mit-nikotin","11":"product_cat-10ml-750-de","12":"product_cat-lagerraeumung","14":"first","15":"instock","16":"sale","17":"taxable","18":"shipping-taxable","19":"purchasable","20":"product-type-variable"},"acf":[],"jetpack_sharing_enabled":true,"_links":{"self":[{"href":"https:\/\/vapotheque.ch\/de\/wp-json\/wp\/v2\/product\/34611","targetHints":{"allow":["GET"]}}],"collection":[{"href":"https:\/\/vapotheque.ch\/de\/wp-json\/wp\/v2\/product"}],"about":[{"href":"https:\/\/vapotheque.ch\/de\/wp-json\/wp\/v2\/types\/product"}],"wp:featuredmedia":[{"embeddable":true,"href":"https:\/\/vapotheque.ch\/de\/wp-json\/wp\/v2\/media\/33912"}],"wp:attachment":[{"href":"https:\/\/vapotheque.ch\/de\/wp-json\/wp\/v2\/media?parent=34611"}],"wp:term":[{"taxonomy":"product_cat","embeddable":true,"href":"https:\/\/vapotheque.ch\/de\/wp-json\/wp\/v2\/product_cat?post=34611"},{"taxonomy":"product_tag","embeddable":true,"href":"https:\/\/vapotheque.ch\/de\/wp-json\/wp\/v2\/product_tag?post=34611"}],"curies":[{"name":"wp","href":"https:\/\/api.w.org\/{rel}","templated":true}]}}