{"id":34603,"date":"2024-09-25T13:52:28","date_gmt":"2024-09-25T11:52:28","guid":{"rendered":"https:\/\/vapotheque.ch\/boutique\/le-petit-verger-kiwi-mango-frisch-10-ml-e-liquide\/"},"modified":"2025-03-09T16:14:20","modified_gmt":"2025-03-09T15:14:20","slug":"le-petit-verger-kiwi-mango-frisch-10-ml-e-liquide","status":"publish","type":"product","link":"https:\/\/vapotheque.ch\/de\/shop\/le-petit-verger-kiwi-mango-frisch-10-ml-e-liquide\/","title":{"rendered":"Le Petit Verger &#8211; Kiwi Mango Frisch 10 ml E-Liquide"},"content":{"rendered":"<h2>Le Petit Verger Kiwi Mango Frisch 10 ml E-Liquid : Eine <strong>tropische Flucht!<\/strong><\/h2>\n<p>Entdecken Sie die fruchtigen Aromen der Produktreihe <strong>Le Petit Verger<\/strong> mit <strong>Le Petit Verger Kiwi Mango Frisch 10 ml E-Liquid<\/strong> neu. Jetzt mit einer erfrischenden Note, die Ihre Geschmacksknospen zum Gl\u00fchen bringt! Tauchen Sie ein in ein k\u00f6stliches und belebendes Dampferlebnis mit diesen hochwertigen E-Liquids, die von <strong>Savourea<\/strong> mit Liebe in Frankreich hergestellt werden. Wenn zwei der beliebtesten exotischen Fr\u00fcchte ihre Kr\u00e4fte vereinen, entstehen fruchtige Wolken mit k\u00f6stlichen s\u00fc\u00dfen und s\u00e4uerlichen Noten. Machen <strong>Sie sich bereit f\u00fcr das dynamische Duo<\/strong> aus Kiwi und Mango! Gemeinsam tanzen sie einen Sommertanz, der Ihre Sinne kitzelt und Erinnerungen an einen Urlaub in der Sonne weckt. Stellen Sie sich vor, wie die Kiwi mit ihrem saftigen, leicht s\u00e4uerlichen Stuhl sich mit der Mango, der K\u00f6nigin der Tropen, mit ihrer unwiderstehlichen S\u00fc\u00dfe verbindet. Aber warten Sie, denn das ist noch nicht alles! Diese beiden Sterne am Obsthimmel haben einen kleinen Frischekick erhalten, der dem Ganzen einen Hauch von Leichtigkeit verleiht und es noch atemberaubender macht. Jeder Atemzug ist wie eine tropische Brise, die Sie umh\u00fcllt und Sie an goldene Sandstr\u00e4nde bringt, wo die Palmen im Rhythmus des Windes tanzen. Lassen Sie sich also von dieser exquisiten Fusion mitrei\u00dfen und genie\u00dfen Sie jeden Moment. Die Mischung dieses<strong> Petit Verger Kiwi Mango Frisch 10 ml E-Liquids<\/strong> verspricht Ihnen ein Dampferlebnis, das so erfrischend ist wie ein exotischer Cocktail unter der Sonne. <strong>Es ist der perfekte Zeitpunkt, um gute Laune und sonnige Aromen zu tanken!<\/strong>  <\/p>\n<p>&nbsp;<\/p>\n<p><strong><span style=\"vertical-align: inherit;\">Wichtig<\/span><\/strong><span style=\"vertical-align: inherit;\"> E-Liquid bereits nikotinisiert, verkauft in einer 10 ml Flasche.<\/span><\/p>\n<p class=\"class-fabrication\"><span style=\"vertical-align: inherit;\">Hergestellt in Frankreich; PG\/VG-Verh\u00e4ltnis: 50 % \/ 50 %. Passt sich an jede Art von Material an.<\/span><\/p>\n<p>&nbsp;<\/p>\n<p><span style=\"vertical-align: inherit;\">Entdecken Sie weitere Produkte der Marke <\/span><a href=\"\/marque\/savourea\/\" target=\"_blank\" rel=\"noopener\"><span style=\"vertical-align: inherit;\">Savourea<\/span><\/a><span style=\"vertical-align: inherit;\"> .<\/span><\/p>\n<p><span style=\"vertical-align: inherit;\">Erhalten Sie Rabatte oder die neuesten Informationen \u00fcber unsere Produkte, indem Sie uns in unseren sozialen Netzwerken folgen: <\/span><a href=\"https:\/\/www.facebook.com\/VapeAigleCH\" target=\"_blank\" rel=\"noopener\"><span style=\"vertical-align: inherit;\">Facebook<\/span><\/a><span style=\"vertical-align: inherit;\"> oder <\/span><a href=\"https:\/\/www.instagram.com\/vapotheque\" target=\"_blank\" rel=\"noopener\"><span style=\"vertical-align: inherit;\">Instagram<\/span><\/a><span style=\"vertical-align: inherit;\"> .<\/span><\/p>\n","protected":false},"excerpt":{"rendered":"<p>Le Petit Verger Kiwi Mango Frisch 10 ml E-Liquid : Eine tropische Flucht! Entdecken Sie die fruchtigen Aromen der Produktreihe Le Petit Verger mit Le Petit Verger Kiwi Mango Frisch 10 ml E-Liquid neu. Jetzt mit einer erfrischenden Note, die Ihre Geschmacksknospen zum Gl\u00fchen bringt! Tauchen Sie ein in ein k\u00f6stliches und belebendes Dampferlebnis mit [&hellip;]<\/p>\n","protected":false},"featured_media":33906,"template":"","meta":{"_acf_changed":false},"product_cat":[405,442,408,1629,1715,1977],"product_tag":[],"class_list":{"0":"post-34603","1":"product","2":"type-product","3":"status-publish","4":"has-post-thumbnail","6":"product_brand-savourea-de","7":"product_cat-e-liquids","8":"product_cat-hervorgehobene-produkte","9":"product_cat-lieferbar-innerhalb-von-24-stunden-de","10":"product_cat-10-ml-mit-nikotin","11":"product_cat-10ml-750-de","12":"product_cat-lagerraeumung","14":"first","15":"instock","16":"sale","17":"taxable","18":"shipping-taxable","19":"purchasable","20":"product-type-variable"},"acf":[],"jetpack_sharing_enabled":true,"_links":{"self":[{"href":"https:\/\/vapotheque.ch\/de\/wp-json\/wp\/v2\/product\/34603","targetHints":{"allow":["GET"]}}],"collection":[{"href":"https:\/\/vapotheque.ch\/de\/wp-json\/wp\/v2\/product"}],"about":[{"href":"https:\/\/vapotheque.ch\/de\/wp-json\/wp\/v2\/types\/product"}],"wp:featuredmedia":[{"embeddable":true,"href":"https:\/\/vapotheque.ch\/de\/wp-json\/wp\/v2\/media\/33906"}],"wp:attachment":[{"href":"https:\/\/vapotheque.ch\/de\/wp-json\/wp\/v2\/media?parent=34603"}],"wp:term":[{"taxonomy":"product_cat","embeddable":true,"href":"https:\/\/vapotheque.ch\/de\/wp-json\/wp\/v2\/product_cat?post=34603"},{"taxonomy":"product_tag","embeddable":true,"href":"https:\/\/vapotheque.ch\/de\/wp-json\/wp\/v2\/product_tag?post=34603"}],"curies":[{"name":"wp","href":"https:\/\/api.w.org\/{rel}","templated":true}]}}