{"id":34596,"date":"2024-09-14T13:49:22","date_gmt":"2024-09-14T11:49:22","guid":{"rendered":"https:\/\/vapotheque.ch\/boutique\/le-petit-verger-brombeere-heidelbeere-10-ml-e-liquide\/"},"modified":"2025-03-09T16:14:20","modified_gmt":"2025-03-09T15:14:20","slug":"le-petit-verger-brombeere-heidelbeere-10-ml-e-liquide","status":"publish","type":"product","link":"https:\/\/vapotheque.ch\/de\/shop\/le-petit-verger-brombeere-heidelbeere-10-ml-e-liquide\/","title":{"rendered":"Le Petit Verger &#8211; Brombeere Heidelbeere 10 ml E-Liquide"},"content":{"rendered":"<h2><strong>Le Petit Verger Brombeere Heidelbeere 10 ml E-Liquid : Ein Gourmet-Ausflug in den Wald!<\/strong><\/h2>\n<p>Mit dem <strong>Le Petit Verger Brombeere Heidelbeere 10 ml E-Liquid<\/strong> von <strong>Savourea<\/strong> begeben Sie sich auf eine fruchtige Reise durch die bunten St\u00e4nde unserer M\u00e4rkte mit authentischen und 100% fruchtigen Rezepten! Diese farbenfrohe Produktreihe ist ohne Farbstoffe und ohne Sucralose zertifiziert und verspricht Ihnen mit jedem Puff eine neue sensorische Reise. Bereiten Sie sich auf einen wilden Spaziergang im Herzen eines k\u00f6stlichen Waldes vor. Dieses Duo aus schwarzen Beeren mit subtiler S\u00e4ure bietet Ihnen die perfekte Balance zwischen der s\u00fc\u00dfen S\u00fc\u00dfe der Brombeere und der leicht pikanten Frische der Heidelbeere. Lassen Sie sich von diesen intensiven Aromen verzaubern, die Ihre Geschmacksknospen mit jedem Zug wecken werden. Tauchen Sie ein in die wilde Natur, ohne Ihre Dampfe zu verlassen! <\/p>\n<p>&nbsp;<\/p>\n<p><strong>Wichtig<\/strong>: E-Liquid bereits nikotinisiert, verkauft in einer 10 ml Flasche.<\/p>\n<p class=\"class-fabrication\">Hergestellt in Frankreich; PG\/VG-Verh\u00e4ltnis: 50 % \/ 50 %. Passt sich an jede Art von Material an.<\/p>\n<p>&nbsp;<\/p>\n<p>Entdecken Sie weitere Produkte der Marke <a href=\"\/marque\/savourea\/\" target=\"_blank\" rel=\"noopener\">Savourea<\/a>.<\/p>\n<p>Erhalten Sie Rabatte oder die neuesten Informationen \u00fcber unsere Produkte, indem Sie uns auf unseren sozialen Netzwerken folgen: <a href=\"https:\/\/www.facebook.com\/VapeAigleCH\" target=\"_blank\" rel=\"noopener\">Facebook<\/a> oder <a href=\"https:\/\/www.instagram.com\/vapotheque\" target=\"_blank\" rel=\"noopener\">Instagram<\/a>.<\/p>\n","protected":false},"excerpt":{"rendered":"<p>Le Petit Verger Brombeere Heidelbeere 10 ml E-Liquid : Ein Gourmet-Ausflug in den Wald! Mit dem Le Petit Verger Brombeere Heidelbeere 10 ml E-Liquid von Savourea begeben Sie sich auf eine fruchtige Reise durch die bunten St\u00e4nde unserer M\u00e4rkte mit authentischen und 100% fruchtigen Rezepten! Diese farbenfrohe Produktreihe ist ohne Farbstoffe und ohne Sucralose zertifiziert [&hellip;]<\/p>\n","protected":false},"featured_media":33777,"template":"","meta":{"_acf_changed":false},"product_cat":[405,442,408,1629,1715,1977],"product_tag":[],"class_list":{"0":"post-34596","1":"product","2":"type-product","3":"status-publish","4":"has-post-thumbnail","6":"product_brand-savourea-de","7":"product_cat-e-liquids","8":"product_cat-hervorgehobene-produkte","9":"product_cat-lieferbar-innerhalb-von-24-stunden-de","10":"product_cat-10-ml-mit-nikotin","11":"product_cat-10ml-750-de","12":"product_cat-lagerraeumung","14":"first","15":"instock","16":"sale","17":"taxable","18":"shipping-taxable","19":"purchasable","20":"product-type-variable"},"acf":[],"jetpack_sharing_enabled":true,"_links":{"self":[{"href":"https:\/\/vapotheque.ch\/de\/wp-json\/wp\/v2\/product\/34596","targetHints":{"allow":["GET"]}}],"collection":[{"href":"https:\/\/vapotheque.ch\/de\/wp-json\/wp\/v2\/product"}],"about":[{"href":"https:\/\/vapotheque.ch\/de\/wp-json\/wp\/v2\/types\/product"}],"wp:featuredmedia":[{"embeddable":true,"href":"https:\/\/vapotheque.ch\/de\/wp-json\/wp\/v2\/media\/33777"}],"wp:attachment":[{"href":"https:\/\/vapotheque.ch\/de\/wp-json\/wp\/v2\/media?parent=34596"}],"wp:term":[{"taxonomy":"product_cat","embeddable":true,"href":"https:\/\/vapotheque.ch\/de\/wp-json\/wp\/v2\/product_cat?post=34596"},{"taxonomy":"product_tag","embeddable":true,"href":"https:\/\/vapotheque.ch\/de\/wp-json\/wp\/v2\/product_tag?post=34596"}],"curies":[{"name":"wp","href":"https:\/\/api.w.org\/{rel}","templated":true}]}}