{"id":34595,"date":"2024-09-25T13:25:53","date_gmt":"2024-09-25T11:25:53","guid":{"rendered":"https:\/\/vapotheque.ch\/boutique\/le-petit-verger-drachenfrucht-frische-rote-fruechte-10-ml-e-liquid\/"},"modified":"2025-03-09T16:14:20","modified_gmt":"2025-03-09T15:14:20","slug":"le-petit-verger-drachenfrucht-frische-rote-fruechte-10-ml-e-liquid","status":"publish","type":"product","link":"https:\/\/vapotheque.ch\/de\/shop\/le-petit-verger-drachenfrucht-frische-rote-fruechte-10-ml-e-liquid\/","title":{"rendered":"Le Petit Verger &#8211; Drachenfrucht Frische Rote Fr\u00fcchte 10 ml E-Liquid"},"content":{"rendered":"<h2><strong>Le Petit Verger Dragon Fruit Frische rote Fr\u00fcchte 10 ml E-Liquid : Die strahlende Flucht aus der Frucht!<\/strong><\/h2>\n<p>Machen Sie sich bereit f\u00fcr ein Festival der fruchtigen Aromen mit <strong>Le Petit Verger Fruit du Dragon Frische Rote Fr\u00fcchte 10 ml E-Liquid<\/strong>! Begeben Sie sich auf ein geschmackliches Abenteuer, bei dem jeder Zug Sie in eine k\u00f6stliche und belebende Welt entf\u00fchrt, und das alles dank der hochwertigen E-Liquids, die von <strong>Savourea<\/strong> stolz in Frankreich hergestellt werden. Stellen Sie sich eine Explosion von Aromen vor, die bei jeder Inhalation auf Ihren Geschmacksknospen tanzen! Beim ersten Kontakt weckt der einzigartige und herrlich s\u00fc\u00dfe Duft der <strong>Drachenfrucht<\/strong> Ihre Sinne, wie die aufgehende Sonne an einem paradiesischen Strand. Dann, wie von Zauberhand, kommt eine Symphonie von <strong>roten Fr\u00fcchten<\/strong> &#8211; saftige Erdbeeren, s\u00e4uerliche Himbeeren und reife Kirschen &#8211; hinzu, die einen Hauch von S\u00fc\u00dfe verleiht. Aber lassen Sie sich von dieser S\u00fc\u00dfe nicht t\u00e4uschen, denn danach kommt eine perfekt abgestimmte Frische, die dieses fruchtige Meisterwerk vervollst\u00e4ndigt. Es ist wie eine Sommerbrise, die sanft \u00fcber Ihr Gesicht weht und Ihnen ein Gef\u00fchl der Leichtigkeit und des Entfliehens verleiht. Ein wahrer Genuss f\u00fcr alle Dampfer, die nach einer k\u00fchnen Mischung aus Frische und Fruchtigkeit suchen! Ob Sie nun tags\u00fcber unterwegs sind oder abends eine Erfrischung suchen, <strong>Le Petit Verger Fruit du Dragon Fruits Rouges Frais 10 ml E-Liquide<\/strong> ist der perfekte Begleiter f\u00fcr ein unvergessliches Dampferlebnis.<\/p>\n<p>&nbsp;<\/p>\n<p><strong><span style=\"vertical-align: inherit;\">Wichtig<\/span><\/strong><span style=\"vertical-align: inherit;\"> E-Liquid bereits nikotinisiert, verkauft in einer 10 ml Flasche.<\/span><\/p>\n<p class=\"class-fabrication\"><span style=\"vertical-align: inherit;\">Hergestellt in Frankreich; PG\/VG-Verh\u00e4ltnis: 50 % \/ 50 %. Passt sich an jede Art von Material an.<\/span><\/p>\n<p>&nbsp;<\/p>\n<p><span style=\"vertical-align: inherit;\">Entdecken Sie weitere Produkte der Marke <\/span><a href=\"\/marque\/savourea\/\" target=\"_blank\" rel=\"noopener\"><span style=\"vertical-align: inherit;\">Savourea<\/span><\/a><span style=\"vertical-align: inherit;\"> .<\/span><\/p>\n<p><span style=\"vertical-align: inherit;\">Erhalten Sie Rabatte oder die neuesten Informationen \u00fcber unsere Produkte, indem Sie uns in unseren sozialen Netzwerken folgen: <\/span><a href=\"https:\/\/www.facebook.com\/VapeAigleCH\" target=\"_blank\" rel=\"noopener\"><span style=\"vertical-align: inherit;\">Facebook<\/span><\/a><span style=\"vertical-align: inherit;\"> oder <\/span><a href=\"https:\/\/www.instagram.com\/vapotheque\" target=\"_blank\" rel=\"noopener\"><span style=\"vertical-align: inherit;\">Instagram<\/span><\/a><span style=\"vertical-align: inherit;\"> .<\/span><\/p>\n","protected":false},"excerpt":{"rendered":"<p>Le Petit Verger Dragon Fruit Frische rote Fr\u00fcchte 10 ml E-Liquid : Die strahlende Flucht aus der Frucht! Machen Sie sich bereit f\u00fcr ein Festival der fruchtigen Aromen mit Le Petit Verger Fruit du Dragon Frische Rote Fr\u00fcchte 10 ml E-Liquid! Begeben Sie sich auf ein geschmackliches Abenteuer, bei dem jeder Zug Sie in eine [&hellip;]<\/p>\n","protected":false},"featured_media":33898,"template":"","meta":{"_acf_changed":false},"product_cat":[405,442,408,1629,1715,1977],"product_tag":[],"class_list":{"0":"post-34595","1":"product","2":"type-product","3":"status-publish","4":"has-post-thumbnail","6":"product_brand-savourea-de","7":"product_cat-e-liquids","8":"product_cat-hervorgehobene-produkte","9":"product_cat-lieferbar-innerhalb-von-24-stunden-de","10":"product_cat-10-ml-mit-nikotin","11":"product_cat-10ml-750-de","12":"product_cat-lagerraeumung","14":"first","15":"instock","16":"sale","17":"taxable","18":"shipping-taxable","19":"purchasable","20":"product-type-variable"},"acf":[],"jetpack_sharing_enabled":true,"_links":{"self":[{"href":"https:\/\/vapotheque.ch\/de\/wp-json\/wp\/v2\/product\/34595","targetHints":{"allow":["GET"]}}],"collection":[{"href":"https:\/\/vapotheque.ch\/de\/wp-json\/wp\/v2\/product"}],"about":[{"href":"https:\/\/vapotheque.ch\/de\/wp-json\/wp\/v2\/types\/product"}],"wp:featuredmedia":[{"embeddable":true,"href":"https:\/\/vapotheque.ch\/de\/wp-json\/wp\/v2\/media\/33898"}],"wp:attachment":[{"href":"https:\/\/vapotheque.ch\/de\/wp-json\/wp\/v2\/media?parent=34595"}],"wp:term":[{"taxonomy":"product_cat","embeddable":true,"href":"https:\/\/vapotheque.ch\/de\/wp-json\/wp\/v2\/product_cat?post=34595"},{"taxonomy":"product_tag","embeddable":true,"href":"https:\/\/vapotheque.ch\/de\/wp-json\/wp\/v2\/product_tag?post=34595"}],"curies":[{"name":"wp","href":"https:\/\/api.w.org\/{rel}","templated":true}]}}